{"id":4701,"date":"2025-08-28T16:54:12","date_gmt":"2025-08-28T14:54:12","guid":{"rendered":"https:\/\/indie.rent\/catalogue\/produit\/aladdin-mosaic-mini-1x1-30x30cm\/"},"modified":"2026-04-16T18:27:18","modified_gmt":"2026-04-16T16:27:18","slug":"projecteur-led-couleur-aladdin-mosaic-mini-1x1-30x30cm","status":"publish","type":"product","link":"https:\/\/indie.rent\/catalogue\/produit\/projecteur-led-couleur-aladdin-mosaic-mini-1x1-30x30cm\/","title":{"rendered":"Projecteur LED Couleur ALADDIN Mosaic Mini 1&#215;1 (30x30cm)"},"content":{"rendered":"<p>Panneau LED RGB soft con\u00e7u pour un \u00e9clairage doux avec contr\u00f4le couleur pr\u00e9cis en studio ou sur plateau.<\/p>\n<p>Caract\u00e9ristiques principales :<\/p>\n<p>Source : LED RGB<br \/>Temp\u00e9rature de couleur : 2 300K \u2013 12 000K<br \/>CRI \/ TLCI : \u2265 95 \/ \u2265 95<br \/>Monture : Cadre rigide + rigging<br \/>Alimentation : Secteur, Batterie VLock (14V)<br \/>Contr\u00f4le : DMX, app, console<br \/>\u00c9tanch\u00e9it\u00e9 : Non<br \/>Poids (T\u00eate + Variateur): ~740 g<br \/>Consommation \u00e9lectrique : 70 W<br \/>Dimensions : 30 cm \u00d7 30 cm<\/p>\n","protected":false},"excerpt":{"rendered":"<p>Panneau LED RGB soft con\u00e7u pour un \u00e9clairage doux avec contr\u00f4le couleur pr\u00e9cis en studio ou sur plateau. Caract\u00e9ristiques principales : Source : LED RGBTemp\u00e9rature de couleur : 2 300K \u2013 12 000KCRI \/ TLCI : \u2265 95 \/ \u2265 95Monture : Cadre rigide + riggingAlimentation : Secteur, Batterie VLock (14V)Contr\u00f4le : DMX, app, console\u00c9tanch\u00e9it\u00e9 [&hellip;]<\/p>\n","protected":false},"featured_media":4732,"template":"","meta":{"inline_featured_image":false},"product_brand":[],"product_cat":[2007],"product_tag":[],"class_list":{"0":"post-4701","1":"product","2":"type-product","3":"status-publish","4":"has-post-thumbnail","6":"product_cat-led-couleur-soft","8":"first","9":"instock","10":"taxable","11":"shipping-taxable","12":"purchasable","13":"product-type-rentable"},"acf":[],"_links":{"self":[{"href":"https:\/\/indie.rent\/catalogue\/wp-json\/wp\/v2\/product\/4701","targetHints":{"allow":["GET"]}}],"collection":[{"href":"https:\/\/indie.rent\/catalogue\/wp-json\/wp\/v2\/product"}],"about":[{"href":"https:\/\/indie.rent\/catalogue\/wp-json\/wp\/v2\/types\/product"}],"version-history":[{"count":0,"href":"https:\/\/indie.rent\/catalogue\/wp-json\/wp\/v2\/product\/4701\/revisions"}],"wp:featuredmedia":[{"embeddable":true,"href":"https:\/\/indie.rent\/catalogue\/wp-json\/wp\/v2\/media\/4732"}],"wp:attachment":[{"href":"https:\/\/indie.rent\/catalogue\/wp-json\/wp\/v2\/media?parent=4701"}],"wp:term":[{"taxonomy":"product_brand","embeddable":true,"href":"https:\/\/indie.rent\/catalogue\/wp-json\/wp\/v2\/product_brand?post=4701"},{"taxonomy":"product_cat","embeddable":true,"href":"https:\/\/indie.rent\/catalogue\/wp-json\/wp\/v2\/product_cat?post=4701"},{"taxonomy":"product_tag","embeddable":true,"href":"https:\/\/indie.rent\/catalogue\/wp-json\/wp\/v2\/product_tag?post=4701"}],"curies":[{"name":"wp","href":"https:\/\/api.w.org\/{rel}","templated":true}]}}