{"id":4699,"date":"2025-08-28T16:54:12","date_gmt":"2025-08-28T14:54:12","guid":{"rendered":"https:\/\/indie.rent\/catalogue\/produit\/doubleur-kipon-pour-optique-pl-full-frame-x2\/"},"modified":"2026-04-04T00:18:29","modified_gmt":"2026-04-03T22:18:29","slug":"doubleur-kipon-pour-optique-pl-full-frame-x2","status":"publish","type":"product","link":"https:\/\/indie.rent\/catalogue\/produit\/doubleur-kipon-pour-optique-pl-full-frame-x2\/","title":{"rendered":"Doubleur Kipon pour Optique PL Full Frame &#8211; x2"},"content":{"rendered":"<p>Le multiplicateur 2x KIPON BAVEYES CINE est con\u00e7u pour doubler la couverture des objectifs cin\u00e9ma Full Frame. L&#8217;adaptateur laisse passer la lumi\u00e8re jusqu&#8217;\u00e0 une ouverture de T1.4.<\/p>\n<p>Sa conception permet de conserver quasiment inchang\u00e9 le caract\u00e8re des objectifs utilis\u00e9s et \u00e0 garantir une compatibilit\u00e9 optimale avec le plus grand nombre d&#8217;objectifs possible.<\/p>\n<p>Avec une profondeur d&#8217;immersion maximale de 22 mm (monture PL), le multiplicateur 2x est compatible avec une large gamme d&#8217;objectifs cin\u00e9ma \u00e0 focale fixe et de zooms.<\/p>\n","protected":false},"excerpt":{"rendered":"<p>Le multiplicateur 2x KIPON BAVEYES CINE est con\u00e7u pour doubler la couverture des objectifs cin\u00e9ma Full Frame. L&#8217;adaptateur laisse passer la lumi\u00e8re jusqu&#8217;\u00e0 une ouverture de T1.4. Sa conception permet de conserver quasiment inchang\u00e9 le caract\u00e8re des objectifs utilis\u00e9s et \u00e0 garantir une compatibilit\u00e9 optimale avec le plus grand nombre d&#8217;objectifs possible. Avec une profondeur [&hellip;]<\/p>\n","protected":false},"featured_media":4839,"template":"","meta":{"inline_featured_image":false},"product_brand":[],"product_cat":[1924],"product_tag":[],"class_list":{"0":"post-4699","1":"product","2":"type-product","3":"status-publish","4":"has-post-thumbnail","6":"product_cat-autres","8":"first","9":"instock","10":"taxable","11":"shipping-taxable","12":"purchasable","13":"product-type-rentable"},"acf":[],"_links":{"self":[{"href":"https:\/\/indie.rent\/catalogue\/wp-json\/wp\/v2\/product\/4699","targetHints":{"allow":["GET"]}}],"collection":[{"href":"https:\/\/indie.rent\/catalogue\/wp-json\/wp\/v2\/product"}],"about":[{"href":"https:\/\/indie.rent\/catalogue\/wp-json\/wp\/v2\/types\/product"}],"version-history":[{"count":2,"href":"https:\/\/indie.rent\/catalogue\/wp-json\/wp\/v2\/product\/4699\/revisions"}],"predecessor-version":[{"id":6218,"href":"https:\/\/indie.rent\/catalogue\/wp-json\/wp\/v2\/product\/4699\/revisions\/6218"}],"wp:featuredmedia":[{"embeddable":true,"href":"https:\/\/indie.rent\/catalogue\/wp-json\/wp\/v2\/media\/4839"}],"wp:attachment":[{"href":"https:\/\/indie.rent\/catalogue\/wp-json\/wp\/v2\/media?parent=4699"}],"wp:term":[{"taxonomy":"product_brand","embeddable":true,"href":"https:\/\/indie.rent\/catalogue\/wp-json\/wp\/v2\/product_brand?post=4699"},{"taxonomy":"product_cat","embeddable":true,"href":"https:\/\/indie.rent\/catalogue\/wp-json\/wp\/v2\/product_cat?post=4699"},{"taxonomy":"product_tag","embeddable":true,"href":"https:\/\/indie.rent\/catalogue\/wp-json\/wp\/v2\/product_tag?post=4699"}],"curies":[{"name":"wp","href":"https:\/\/api.w.org\/{rel}","templated":true}]}}