{"id":4686,"date":"2025-08-28T16:52:58","date_gmt":"2025-08-28T14:52:58","guid":{"rendered":"https:\/\/indie.rent\/catalogue\/produit\/spectrometre-tactile-et-couleur-c700\/"},"modified":"2026-04-05T00:19:01","modified_gmt":"2026-04-04T22:19:01","slug":"spectrometre-tactile-et-couleur-c700","status":"publish","type":"product","link":"https:\/\/indie.rent\/catalogue\/produit\/spectrometre-tactile-et-couleur-c700\/","title":{"rendered":"Spectrom\u00e8tre Tactile et Couleur &#8211; C700"},"content":{"rendered":"<p>Avec \u00e9cran tactile couleur de 4,3\u2033 &amp; t\u00eate pivotante sur 270\u00b0, pour la mesure des temp\u00e9ratures de couleur de la lumi\u00e8re ambiante, des sources HMI, des LED, des tubes fluorescents ainsi que des flashs. Mesure incidente en bleu, vert &amp; rouge pour mesurer la temp\u00e9rature des flashs &amp; de la lumi\u00e8re ambiante avec affichage des filtres \u00e0 utiliser en prise de vue digitale &amp; analogique. Mise en m\u00e9moire de 4 mesures. Allumage automatique de l\u2019\u00e9cran en basse lumi\u00e8re. Il affiche \u00e9galement l\u2019\u00e9clairement en lux.<\/p>\n","protected":false},"excerpt":{"rendered":"<p>Avec \u00e9cran tactile couleur de 4,3\u2033 &amp; t\u00eate pivotante sur 270\u00b0, pour la mesure des temp\u00e9ratures de couleur de la lumi\u00e8re ambiante, des sources HMI, des LED, des tubes fluorescents ainsi que des flashs. Mesure incidente en bleu, vert &amp; rouge pour mesurer la temp\u00e9rature des flashs &amp; de la lumi\u00e8re ambiante avec affichage des [&hellip;]<\/p>\n","protected":false},"featured_media":4730,"template":"","meta":{"inline_featured_image":false},"product_brand":[],"product_cat":[2121],"product_tag":[],"class_list":{"0":"post-4686","1":"product","2":"type-product","3":"status-publish","4":"has-post-thumbnail","6":"product_cat-accessoires-led","8":"first","9":"instock","10":"taxable","11":"shipping-taxable","12":"purchasable","13":"product-type-rentable"},"acf":[],"_links":{"self":[{"href":"https:\/\/indie.rent\/catalogue\/wp-json\/wp\/v2\/product\/4686","targetHints":{"allow":["GET"]}}],"collection":[{"href":"https:\/\/indie.rent\/catalogue\/wp-json\/wp\/v2\/product"}],"about":[{"href":"https:\/\/indie.rent\/catalogue\/wp-json\/wp\/v2\/types\/product"}],"version-history":[{"count":0,"href":"https:\/\/indie.rent\/catalogue\/wp-json\/wp\/v2\/product\/4686\/revisions"}],"wp:featuredmedia":[{"embeddable":true,"href":"https:\/\/indie.rent\/catalogue\/wp-json\/wp\/v2\/media\/4730"}],"wp:attachment":[{"href":"https:\/\/indie.rent\/catalogue\/wp-json\/wp\/v2\/media?parent=4686"}],"wp:term":[{"taxonomy":"product_brand","embeddable":true,"href":"https:\/\/indie.rent\/catalogue\/wp-json\/wp\/v2\/product_brand?post=4686"},{"taxonomy":"product_cat","embeddable":true,"href":"https:\/\/indie.rent\/catalogue\/wp-json\/wp\/v2\/product_cat?post=4686"},{"taxonomy":"product_tag","embeddable":true,"href":"https:\/\/indie.rent\/catalogue\/wp-json\/wp\/v2\/product_tag?post=4686"}],"curies":[{"name":"wp","href":"https:\/\/api.w.org\/{rel}","templated":true}]}}