{"id":4683,"date":"2025-08-28T16:52:56","date_gmt":"2025-08-28T14:52:56","guid":{"rendered":"https:\/\/indie.rent\/catalogue\/produit\/moniteur-tv-logic-7-lvm-074w\/"},"modified":"2026-04-10T09:47:58","modified_gmt":"2026-04-10T07:47:58","slug":"moniteur-tv-logic-7-lvm-074w","status":"publish","type":"product","link":"https:\/\/indie.rent\/catalogue\/produit\/moniteur-tv-logic-7-lvm-074w\/","title":{"rendered":"Moniteur TV Logic 7&#8243; &#8211; LVM 074W"},"content":{"rendered":"<p>Le moniteur TV Logic 7\u2033 \u2013 LVM-074W est \u00e9quip\u00e9 d\u2019un \u00e9cran LCD r\u00e9tro\u00e9clair\u00e9 par LED de 7 pouces, con\u00e7u pour une utilisation en environnement de tournage et de production. Sa dalle permet une lecture stable de l\u2019image en lumi\u00e8re ambiante, adapt\u00e9e au monitoring cam\u00e9ra et au contr\u00f4le vid\u00e9o sur le terrain ou en plateau.<\/p>\n<p>Il int\u00e8gre les fonctions de monitoring usuelles telles que l\u2019affichage des niveaux audio, les rep\u00e8res de cadrage et les outils d\u2019assistance \u00e0 la mise au point. Son format compact facilite l\u2019int\u00e9gration sur cam\u00e9ra, en r\u00e9gie mobile ou sur support de contr\u00f4le, tout en conservant une ergonomie adapt\u00e9e \u00e0 un usage prolong\u00e9.<\/p>\n<p>Caract\u00e9ristiques techniques :<br \/>Type de panneau : LCD LED r\u00e9tro\u00e9clair\u00e9<br \/>Diagonale : 7\u2033<br \/>R\u00e9solution : 1024\u00d7600 pixels (16:9)<br \/>Luminosit\u00e9 Max. : 400\u202fnits<br \/>Contraste : 800:1<br \/>SDI In\/Out : 1\u00d7 SD\/HD\/3G\u2011SDI In, 1\u00d7 SD\/HD\/3G\u2011SDI Out \u2014 jusqu\u2019\u00e0 1080p60<br \/>HDMI In\/Out : 1\u00d7 HDMI In, 1\u00d7 HDMI Out \u2014 jusqu\u2019\u00e0 1080p60<br \/>Sortie Audio : 1\u00d7 mini\u2011jack 3,5\u202fmm<br \/>Interface de donn\u00e9es : Aucun slot SD interne, RJ45 Remote<br \/>Entr\u00e9es Alimentation : DC 12\u202fV via mini xlr4, 1\u00d7 Support Batterie V\u2011mount (14\u202fV)<br \/>Sortie Alimentation : Aucune<br \/>Consommation \u00e9lectrique : ~10\u202fW\u00a0<br \/>Poids : 0,6\u202fkg<\/p>\n","protected":false},"excerpt":{"rendered":"<p>Le moniteur TV Logic 7\u2033 \u2013 LVM-074W est \u00e9quip\u00e9 d\u2019un \u00e9cran LCD r\u00e9tro\u00e9clair\u00e9 par LED de 7 pouces, con\u00e7u pour une utilisation en environnement de tournage et de production. Sa dalle permet une lecture stable de l\u2019image en lumi\u00e8re ambiante, adapt\u00e9e au monitoring cam\u00e9ra et au contr\u00f4le vid\u00e9o sur le terrain ou en plateau. Il [&hellip;]<\/p>\n","protected":false},"featured_media":4774,"template":"","meta":{"inline_featured_image":false},"product_brand":[],"product_cat":[1963],"product_tag":[],"class_list":{"0":"post-4683","1":"product","2":"type-product","3":"status-publish","4":"has-post-thumbnail","6":"product_cat-moniteur-7","8":"first","9":"instock","10":"taxable","11":"shipping-taxable","12":"purchasable","13":"product-type-rentable"},"acf":[],"_links":{"self":[{"href":"https:\/\/indie.rent\/catalogue\/wp-json\/wp\/v2\/product\/4683","targetHints":{"allow":["GET"]}}],"collection":[{"href":"https:\/\/indie.rent\/catalogue\/wp-json\/wp\/v2\/product"}],"about":[{"href":"https:\/\/indie.rent\/catalogue\/wp-json\/wp\/v2\/types\/product"}],"version-history":[{"count":0,"href":"https:\/\/indie.rent\/catalogue\/wp-json\/wp\/v2\/product\/4683\/revisions"}],"wp:featuredmedia":[{"embeddable":true,"href":"https:\/\/indie.rent\/catalogue\/wp-json\/wp\/v2\/media\/4774"}],"wp:attachment":[{"href":"https:\/\/indie.rent\/catalogue\/wp-json\/wp\/v2\/media?parent=4683"}],"wp:term":[{"taxonomy":"product_brand","embeddable":true,"href":"https:\/\/indie.rent\/catalogue\/wp-json\/wp\/v2\/product_brand?post=4683"},{"taxonomy":"product_cat","embeddable":true,"href":"https:\/\/indie.rent\/catalogue\/wp-json\/wp\/v2\/product_cat?post=4683"},{"taxonomy":"product_tag","embeddable":true,"href":"https:\/\/indie.rent\/catalogue\/wp-json\/wp\/v2\/product_tag?post=4683"}],"curies":[{"name":"wp","href":"https:\/\/api.w.org\/{rel}","templated":true}]}}