{"id":4678,"date":"2025-08-28T16:52:35","date_gmt":"2025-08-28T14:52:35","guid":{"rendered":"https:\/\/indie.rent\/catalogue\/produit\/parallel-beam-nl70-reflecteur-a-faisceau-parallele\/"},"modified":"2026-04-16T18:28:19","modified_gmt":"2026-04-16T16:28:19","slug":"parallel-beam-nl70-reflecteur-a-faisceau-parallele","status":"publish","type":"product","link":"https:\/\/indie.rent\/catalogue\/produit\/parallel-beam-nl70-reflecteur-a-faisceau-parallele\/","title":{"rendered":"Parallel Beam NL70 \u2013 R\u00e9flecteur \u00e0 faisceau parall\u00e8le"},"content":{"rendered":"","protected":false},"excerpt":{"rendered":"","protected":false},"featured_media":4743,"template":"","meta":{"inline_featured_image":false},"product_brand":[],"product_cat":[2099],"product_tag":[],"class_list":{"0":"post-4678","1":"product","2":"type-product","3":"status-publish","4":"has-post-thumbnail","6":"product_cat-beamer","8":"first","9":"instock","10":"taxable","11":"shipping-taxable","12":"purchasable","13":"product-type-rentable"},"acf":[],"_links":{"self":[{"href":"https:\/\/indie.rent\/catalogue\/wp-json\/wp\/v2\/product\/4678","targetHints":{"allow":["GET"]}}],"collection":[{"href":"https:\/\/indie.rent\/catalogue\/wp-json\/wp\/v2\/product"}],"about":[{"href":"https:\/\/indie.rent\/catalogue\/wp-json\/wp\/v2\/types\/product"}],"version-history":[{"count":0,"href":"https:\/\/indie.rent\/catalogue\/wp-json\/wp\/v2\/product\/4678\/revisions"}],"wp:featuredmedia":[{"embeddable":true,"href":"https:\/\/indie.rent\/catalogue\/wp-json\/wp\/v2\/media\/4743"}],"wp:attachment":[{"href":"https:\/\/indie.rent\/catalogue\/wp-json\/wp\/v2\/media?parent=4678"}],"wp:term":[{"taxonomy":"product_brand","embeddable":true,"href":"https:\/\/indie.rent\/catalogue\/wp-json\/wp\/v2\/product_brand?post=4678"},{"taxonomy":"product_cat","embeddable":true,"href":"https:\/\/indie.rent\/catalogue\/wp-json\/wp\/v2\/product_cat?post=4678"},{"taxonomy":"product_tag","embeddable":true,"href":"https:\/\/indie.rent\/catalogue\/wp-json\/wp\/v2\/product_tag?post=4678"}],"curies":[{"name":"wp","href":"https:\/\/api.w.org\/{rel}","templated":true}]}}