{"id":4676,"date":"2025-08-28T16:52:34","date_gmt":"2025-08-28T14:52:34","guid":{"rendered":"https:\/\/indie.rent\/catalogue\/produit\/moniteur-osee-7-modele-g7-3000-nits\/"},"modified":"2026-04-16T18:25:16","modified_gmt":"2026-04-16T16:25:16","slug":"moniteur-osee-7-g7-3000-nits","status":"publish","type":"product","link":"https:\/\/indie.rent\/catalogue\/produit\/moniteur-osee-7-g7-3000-nits\/","title":{"rendered":"Moniteur Osee 7&#8243; &#8211; G7 &#8211; 3000 nits"},"content":{"rendered":"<p>Le moniteur Osee G7 est un \u00e9cran de 7&#8243; IPS en 1920&#215;1200 (16:10) offrant une luminosit\u00e9 de 3000 nits et un contraste de 1200:1, id\u00e9al pour une visibilit\u00e9 optimale en ext\u00e9rieur.<\/p>\n<p>Il prend en charge les signaux HDMI 4K30 et SDI 2K60, et permet l&#8217;import de LUTs 3D via SD.<\/p>\n<p>Ses outils professionnels incluent waveform, vectorscope, focus assist, Peaking, false. Couleur et desqueeze anamorphique jusqu&#8217;\u00e0 x2.<\/p>\n<p>Caract\u00e9ristques Principales:<br \/>Type de panneau : IPS LCD<br \/>Diagonale : 7 pouces<br \/>R\u00e9solution : 1920&#215;1200<br \/>Luminosit\u00e9 max : 3000 nits<br \/>Contraste : 1200 : 1<br \/>Entr\u00e9e\/sortie SDI : 1x entr\u00e9e 3G-SDI, 1x sortie 3G-SDI jusqu&#8217;\u00e0 2048&#215;1080@60P<br \/>Entr\u00e9e\/sortie HDMI : 1x entr\u00e9e HDMI (v1.4), 1x sortie HDMI jusqu&#8217;\u00e0 3840&#215;2160@60P<br \/>Sortie Audio : 1x mini-jack st\u00e9r\u00e9o 3.5mm<br \/>Interface de donn\u00e9es : 1x carte SD,\u00a01x Jack 2.5mm (Remote)<br \/>Entr\u00e9es Alimentation DC : 1x Jack DC (11V-17V) \/ 1x Support Batterie NP-F \/ 1x Support Batterie V-lock<br \/>Sorties Alimentation DC : Non<br \/>Consommation \u00c9lectrique : 16,2W<br \/>Poids : 450 gr<\/p>\n","protected":false},"excerpt":{"rendered":"<p>Le moniteur Osee G7 est un \u00e9cran de 7&#8243; IPS en 1920&#215;1200 (16:10) offrant une luminosit\u00e9 de 3000 nits et un contraste de 1200:1, id\u00e9al pour une visibilit\u00e9 optimale en ext\u00e9rieur. Il prend en charge les signaux HDMI 4K30 et SDI 2K60, et permet l&#8217;import de LUTs 3D via SD. Ses outils professionnels incluent waveform, [&hellip;]<\/p>\n","protected":false},"featured_media":4723,"template":"","meta":{"inline_featured_image":false},"product_brand":[],"product_cat":[1963],"product_tag":[],"class_list":{"0":"post-4676","1":"product","2":"type-product","3":"status-publish","4":"has-post-thumbnail","6":"product_cat-moniteur-7","8":"first","9":"instock","10":"taxable","11":"shipping-taxable","12":"purchasable","13":"product-type-rentable"},"acf":[],"_links":{"self":[{"href":"https:\/\/indie.rent\/catalogue\/wp-json\/wp\/v2\/product\/4676","targetHints":{"allow":["GET"]}}],"collection":[{"href":"https:\/\/indie.rent\/catalogue\/wp-json\/wp\/v2\/product"}],"about":[{"href":"https:\/\/indie.rent\/catalogue\/wp-json\/wp\/v2\/types\/product"}],"version-history":[{"count":1,"href":"https:\/\/indie.rent\/catalogue\/wp-json\/wp\/v2\/product\/4676\/revisions"}],"predecessor-version":[{"id":7299,"href":"https:\/\/indie.rent\/catalogue\/wp-json\/wp\/v2\/product\/4676\/revisions\/7299"}],"wp:featuredmedia":[{"embeddable":true,"href":"https:\/\/indie.rent\/catalogue\/wp-json\/wp\/v2\/media\/4723"}],"wp:attachment":[{"href":"https:\/\/indie.rent\/catalogue\/wp-json\/wp\/v2\/media?parent=4676"}],"wp:term":[{"taxonomy":"product_brand","embeddable":true,"href":"https:\/\/indie.rent\/catalogue\/wp-json\/wp\/v2\/product_brand?post=4676"},{"taxonomy":"product_cat","embeddable":true,"href":"https:\/\/indie.rent\/catalogue\/wp-json\/wp\/v2\/product_cat?post=4676"},{"taxonomy":"product_tag","embeddable":true,"href":"https:\/\/indie.rent\/catalogue\/wp-json\/wp\/v2\/product_tag?post=4676"}],"curies":[{"name":"wp","href":"https:\/\/api.w.org\/{rel}","templated":true}]}}