{"id":4668,"date":"2025-08-28T16:52:12","date_gmt":"2025-08-28T14:52:12","guid":{"rendered":"https:\/\/indie.rent\/catalogue\/produit\/rii-i8-wireless-azerty-mini-clavier-sans-fil\/"},"modified":"2026-04-10T10:55:46","modified_gmt":"2026-04-10T08:55:46","slug":"rii-i8-wireless-azerty-mini-clavier-sans-fil","status":"publish","type":"product","link":"https:\/\/indie.rent\/catalogue\/produit\/rii-i8-wireless-azerty-mini-clavier-sans-fil\/","title":{"rendered":"Rii I8 Wireless AZERTY &#8211; Mini clavier sans fil"},"content":{"rendered":"","protected":false},"excerpt":{"rendered":"<p>Rii I8 Wireless AZERTY est un mini clavier sans fil vous permettant de pouvoir connecter diff\u00e9rents appareils disposant d&#8217;une prise USB comme Tablette, \u00e9cran tv ou plus sp\u00e9cifiquement sur un PIX 240.<\/p>\n","protected":false},"featured_media":4887,"template":"","meta":{"inline_featured_image":false},"product_brand":[],"product_cat":[2226],"product_tag":[],"class_list":{"0":"post-4668","1":"product","2":"type-product","3":"status-publish","4":"has-post-thumbnail","6":"product_cat-assistant-camera","8":"first","9":"outofstock","10":"taxable","11":"shipping-taxable","12":"purchasable","13":"product-type-simple"},"acf":[],"_links":{"self":[{"href":"https:\/\/indie.rent\/catalogue\/wp-json\/wp\/v2\/product\/4668","targetHints":{"allow":["GET"]}}],"collection":[{"href":"https:\/\/indie.rent\/catalogue\/wp-json\/wp\/v2\/product"}],"about":[{"href":"https:\/\/indie.rent\/catalogue\/wp-json\/wp\/v2\/types\/product"}],"version-history":[{"count":0,"href":"https:\/\/indie.rent\/catalogue\/wp-json\/wp\/v2\/product\/4668\/revisions"}],"wp:featuredmedia":[{"embeddable":true,"href":"https:\/\/indie.rent\/catalogue\/wp-json\/wp\/v2\/media\/4887"}],"wp:attachment":[{"href":"https:\/\/indie.rent\/catalogue\/wp-json\/wp\/v2\/media?parent=4668"}],"wp:term":[{"taxonomy":"product_brand","embeddable":true,"href":"https:\/\/indie.rent\/catalogue\/wp-json\/wp\/v2\/product_brand?post=4668"},{"taxonomy":"product_cat","embeddable":true,"href":"https:\/\/indie.rent\/catalogue\/wp-json\/wp\/v2\/product_cat?post=4668"},{"taxonomy":"product_tag","embeddable":true,"href":"https:\/\/indie.rent\/catalogue\/wp-json\/wp\/v2\/product_tag?post=4668"}],"curies":[{"name":"wp","href":"https:\/\/api.w.org\/{rel}","templated":true}]}}