{"id":4519,"date":"2025-06-19T17:22:38","date_gmt":"2025-06-19T15:22:38","guid":{"rendered":"https:\/\/indie.rent\/catalogue\/produit\/feuille-de-gelatine-de-correction-120x120cm-a-lunite-rosco-244-full\/"},"modified":"2026-04-13T18:11:23","modified_gmt":"2026-04-13T16:11:23","slug":"feuille-de-gelatine-de-correction-120x120cm-a-lunite-rosco-244-plusgreen-full","status":"publish","type":"product","link":"https:\/\/indie.rent\/catalogue\/produit\/feuille-de-gelatine-de-correction-120x120cm-a-lunite-rosco-244-plusgreen-full\/","title":{"rendered":"Feuille de G\u00e9latine de Correction 120x120cm \u00e0 l&#8217;unit\u00e9 &#8211; (Rosco 244) &#8211; PlusGreen Full"},"content":{"rendered":"","protected":false},"excerpt":{"rendered":"","protected":false},"featured_media":4558,"template":"","meta":{"inline_featured_image":false},"product_brand":[],"product_cat":[2230],"product_tag":[],"class_list":{"0":"post-4519","1":"product","2":"type-product","3":"status-publish","4":"has-post-thumbnail","6":"product_cat-gelatines-et-poly","8":"first","9":"instock","10":"taxable","11":"shipping-taxable","12":"purchasable","13":"product-type-simple"},"acf":[],"_links":{"self":[{"href":"https:\/\/indie.rent\/catalogue\/wp-json\/wp\/v2\/product\/4519","targetHints":{"allow":["GET"]}}],"collection":[{"href":"https:\/\/indie.rent\/catalogue\/wp-json\/wp\/v2\/product"}],"about":[{"href":"https:\/\/indie.rent\/catalogue\/wp-json\/wp\/v2\/types\/product"}],"version-history":[{"count":0,"href":"https:\/\/indie.rent\/catalogue\/wp-json\/wp\/v2\/product\/4519\/revisions"}],"wp:featuredmedia":[{"embeddable":true,"href":"https:\/\/indie.rent\/catalogue\/wp-json\/wp\/v2\/media\/4558"}],"wp:attachment":[{"href":"https:\/\/indie.rent\/catalogue\/wp-json\/wp\/v2\/media?parent=4519"}],"wp:term":[{"taxonomy":"product_brand","embeddable":true,"href":"https:\/\/indie.rent\/catalogue\/wp-json\/wp\/v2\/product_brand?post=4519"},{"taxonomy":"product_cat","embeddable":true,"href":"https:\/\/indie.rent\/catalogue\/wp-json\/wp\/v2\/product_cat?post=4519"},{"taxonomy":"product_tag","embeddable":true,"href":"https:\/\/indie.rent\/catalogue\/wp-json\/wp\/v2\/product_tag?post=4519"}],"curies":[{"name":"wp","href":"https:\/\/api.w.org\/{rel}","templated":true}]}}