{"id":4428,"date":"2025-06-19T09:37:10","date_gmt":"2025-06-19T07:37:10","guid":{"rendered":"https:\/\/indie.rent\/catalogue\/produit\/grue-e-gripment-javelin-mk1\/"},"modified":"2026-04-16T18:33:25","modified_gmt":"2026-04-16T16:33:25","slug":"grue-e-gripment-javelin-mk1","status":"publish","type":"product","link":"https:\/\/indie.rent\/catalogue\/produit\/grue-e-gripment-javelin-mk1\/","title":{"rendered":"Grue E-Gripment Javelin Mk1"},"content":{"rendered":"<p>Le Javelin MK I est un syst\u00e8me de grue ultra-moderne avec une structure partiellement \u00ab ouverte \u00bb.<\/p>\n<p>Les barres parall\u00e8les sont int\u00e9gr\u00e9es \u00e0 l&#8217;int\u00e9rieur du bras, ce qui r\u00e9duit les ombres et facilite l&#8217;acc\u00e8s aux endroits difficiles d&#8217;acc\u00e8s sur les plateaux<\/p>\n<p>Le syst\u00e8me modulaire propose quatre tailles diff\u00e9rentes et peut \u00eatre configur\u00e9 pour supporter des poids allant de 80 kg \u00e0 7.6 m\u00e8tres (25 pieds) jusqu&#8217;\u00e0 40 kg \u00e0 11,50 m\u00e8tres<\/p>\n<p>(37 pieds).<\/p>\n<p>Version possible : <br \/>&#8211; 7.60 m<br \/>&#8211; 9m<br \/>&#8211; 10<br \/>&#8211; 11,5m<\/p>\n<p>Tailles du chariot : 160 x 120 cm<br \/>Hauteur : 220 cm<\/p>\n","protected":false},"excerpt":{"rendered":"<p>Le Javelin MK I est un syst\u00e8me de grue ultra-moderne avec une structure partiellement \u00ab ouverte \u00bb.<br \/>Les barres parall\u00e8les sont int\u00e9gr\u00e9es \u00e0 l&#8217;int\u00e9rieur du bras, ce qui r\u00e9duit les ombres et facilite l&#8217;acc\u00e8s aux endroits difficiles d&#8217;acc\u00e8s sur les plateaux<\/p>\n<p>Le syst\u00e8me modulaire propose quatre tailles diff\u00e9rentes et peut \u00eatre configur\u00e9 pour supporter des poids allant de 80 kg \u00e0 7.6 m\u00e8tres (25 pieds) jusqu&#8217;\u00e0 40 kg \u00e0 11,50 m\u00e8tres (37 pieds).<\/p>\n","protected":false},"featured_media":4819,"template":"","meta":{"inline_featured_image":false},"product_brand":[],"product_cat":[2066],"product_tag":[],"class_list":{"0":"post-4428","1":"product","2":"type-product","3":"status-publish","4":"has-post-thumbnail","6":"product_cat-jib","8":"first","9":"instock","10":"taxable","11":"shipping-taxable","12":"purchasable","13":"product-type-rentable"},"acf":[],"_links":{"self":[{"href":"https:\/\/indie.rent\/catalogue\/wp-json\/wp\/v2\/product\/4428","targetHints":{"allow":["GET"]}}],"collection":[{"href":"https:\/\/indie.rent\/catalogue\/wp-json\/wp\/v2\/product"}],"about":[{"href":"https:\/\/indie.rent\/catalogue\/wp-json\/wp\/v2\/types\/product"}],"version-history":[{"count":0,"href":"https:\/\/indie.rent\/catalogue\/wp-json\/wp\/v2\/product\/4428\/revisions"}],"wp:featuredmedia":[{"embeddable":true,"href":"https:\/\/indie.rent\/catalogue\/wp-json\/wp\/v2\/media\/4819"}],"wp:attachment":[{"href":"https:\/\/indie.rent\/catalogue\/wp-json\/wp\/v2\/media?parent=4428"}],"wp:term":[{"taxonomy":"product_brand","embeddable":true,"href":"https:\/\/indie.rent\/catalogue\/wp-json\/wp\/v2\/product_brand?post=4428"},{"taxonomy":"product_cat","embeddable":true,"href":"https:\/\/indie.rent\/catalogue\/wp-json\/wp\/v2\/product_cat?post=4428"},{"taxonomy":"product_tag","embeddable":true,"href":"https:\/\/indie.rent\/catalogue\/wp-json\/wp\/v2\/product_tag?post=4428"}],"curies":[{"name":"wp","href":"https:\/\/api.w.org\/{rel}","templated":true}]}}