{"id":4426,"date":"2025-06-19T09:37:09","date_gmt":"2025-06-19T07:37:09","guid":{"rendered":"https:\/\/indie.rent\/catalogue\/produit\/serie-de-6-optiques-cooke-sp3-full-frame-monture-e-rf-18-25-32-50-75-100\/"},"modified":"2026-04-04T00:18:00","modified_gmt":"2026-04-03T22:18:00","slug":"serie-de-6-optiques-cooke-sp3-t2-4-ff-monture-e-rf-18-25-32-50-75-100","status":"publish","type":"product","link":"https:\/\/indie.rent\/catalogue\/produit\/serie-de-6-optiques-cooke-sp3-t2-4-ff-monture-e-rf-18-25-32-50-75-100\/","title":{"rendered":"S\u00e9rie de 6 Optiques Cooke SP3 T2.4 &#8211; FF &#8211; Monture E\/RF (18-25-32-50-75-100)"},"content":{"rendered":"<p>Les optiques Cooke SP3 sont compactes et l\u00e9g\u00e8res mais finies dans une coque anodis\u00e9e robuste et \u00e0 monture interchangeable (E\/RF\/L\/M&#8230;).<\/p>\n<p>Elles offrent un bokeh naturel et cr\u00e9meux, typique des objectifs Cooke, tout en minimisant les aberrations et les distorsions. Ainsi ces optiques s\u2019accordent parfaitement avec le rendu Cooke Panchro\/i Classic.<\/p>\n<p>Les m\u00e9caniques de mise au point et d\u2019iris sont harmonis\u00e9es sur toute la gamme (pas 0.8), facilitant ainsi les changements d\u2019objectif et le maintien des positions du moteur.<\/p>\n<p>Nous proposons ces optiques en Monture E ou RF, (le changement se fait sur demande).<\/p>\n<p>\u00a0<\/p>\n<p>\u00a0<\/p>\n","protected":false},"excerpt":{"rendered":"<p>Les optiques Cooke SP3 sont compactes et l\u00e9g\u00e8res mais finies dans une coque anodis\u00e9e robuste et \u00e0 monture interchangeable (E\/RF\/L\/M&#8230;). Elles offrent un bokeh naturel et cr\u00e9meux, typique des objectifs Cooke, tout en minimisant les aberrations et les distorsions. Ainsi ces optiques s\u2019accordent parfaitement avec le rendu Cooke Panchro\/i Classic. Les m\u00e9caniques de mise au [&hellip;]<\/p>\n","protected":false},"featured_media":6629,"template":"","meta":{"inline_featured_image":false},"product_brand":[],"product_cat":[1932],"product_tag":[],"class_list":{"0":"post-4426","1":"product","2":"type-product","3":"status-publish","4":"has-post-thumbnail","6":"product_cat-optique-spherique-e","8":"first","9":"instock","10":"taxable","11":"shipping-taxable","12":"purchasable","13":"product-type-rentable"},"acf":[],"_links":{"self":[{"href":"https:\/\/indie.rent\/catalogue\/wp-json\/wp\/v2\/product\/4426","targetHints":{"allow":["GET"]}}],"collection":[{"href":"https:\/\/indie.rent\/catalogue\/wp-json\/wp\/v2\/product"}],"about":[{"href":"https:\/\/indie.rent\/catalogue\/wp-json\/wp\/v2\/types\/product"}],"version-history":[{"count":2,"href":"https:\/\/indie.rent\/catalogue\/wp-json\/wp\/v2\/product\/4426\/revisions"}],"predecessor-version":[{"id":6561,"href":"https:\/\/indie.rent\/catalogue\/wp-json\/wp\/v2\/product\/4426\/revisions\/6561"}],"wp:featuredmedia":[{"embeddable":true,"href":"https:\/\/indie.rent\/catalogue\/wp-json\/wp\/v2\/media\/6629"}],"wp:attachment":[{"href":"https:\/\/indie.rent\/catalogue\/wp-json\/wp\/v2\/media?parent=4426"}],"wp:term":[{"taxonomy":"product_brand","embeddable":true,"href":"https:\/\/indie.rent\/catalogue\/wp-json\/wp\/v2\/product_brand?post=4426"},{"taxonomy":"product_cat","embeddable":true,"href":"https:\/\/indie.rent\/catalogue\/wp-json\/wp\/v2\/product_cat?post=4426"},{"taxonomy":"product_tag","embeddable":true,"href":"https:\/\/indie.rent\/catalogue\/wp-json\/wp\/v2\/product_tag?post=4426"}],"curies":[{"name":"wp","href":"https:\/\/api.w.org\/{rel}","templated":true}]}}