{"id":4420,"date":"2025-06-19T09:36:00","date_gmt":"2025-06-19T07:36:00","guid":{"rendered":"https:\/\/indie.rent\/catalogue\/produit\/trackeur-camera-htc-vive-mars-camtrack\/"},"modified":"2026-04-04T00:18:06","modified_gmt":"2026-04-03T22:18:06","slug":"trackeur-camera-htc-vive-mars-camtrack","status":"publish","type":"product","link":"https:\/\/indie.rent\/catalogue\/produit\/trackeur-camera-htc-vive-mars-camtrack\/","title":{"rendered":"Trackeur Camera HTC Vive Mars CamTrack"},"content":{"rendered":"<p>Le HTC Vive Mars CamTrack est une solution de suivi de cam\u00e9ra d\u00e9di\u00e9e \u00e0 la production virtuelle. Il offre un suivi pr\u00e9cis et rapide \u00e0 installer, id\u00e9al pour les cr\u00e9ateurs de contenu et les studios de cin\u00e9ma.<\/p>\n<p>Avantages :<br \/>&#8211; Installation rapide et facile, pas besoin d&#8217;installation de logiciel<br \/>&#8211; Suivi multicam\u00e9ra, supporte jusqu&#8217;\u00e0 3 Rovers<br \/>&#8211; Id\u00e9al pour la production virtuelle, permettant aux cr\u00e9ateurs de contenu de se concentrer sur la cr\u00e9ation<\/p>\n<p>Utilisations :<br \/>&#8211; Production virtuelle<br \/>&#8211; Suivi de cam\u00e9ra en temps r\u00e9el<br \/>&#8211; Compositing vid\u00e9o en direct<\/p>\n<p>Caract\u00e9ristiques :<br \/>&#8211; Technologie de Suivi : SteamVR\u2122 Tracking 2.0<br \/>&#8211; Espace de Jeu : Jusqu&#8217;\u00e0 10x10m avec quatre Base Station 2.0<br \/>&#8211; Unit\u00e9s Incluses :<br \/>&#8211; Deux VIVE Tracker 3.0<br \/>&#8211; Quatre stations de base SteamVR Base Station 2.0<br \/>&#8211; Une unit\u00e9 Mars avec \u00e9cran tactile LCD de 7&#8243;<br \/>&#8211; Trois unit\u00e9s Rover pour envoyer les donn\u00e9es de suivi<br \/>&#8211; Protocoles Support\u00e9s : Unreal Live Link, FreeD<br \/>&#8211; Suivi Inside-Out : VIVE Inside-out Tracking<br \/>&#8211; Support Encoder : LOLED Indiemark 2 Encoder<br \/>&#8211; Kit de Calibration : Inclus avec supports de base pour la planche de calibration<br \/>&#8211; Alimentation : Adaptateur secteur et cordon d&#8217;alimentation inclus<br \/>&#8211; Ports : Trois ports RJ45 PoE pour les unit\u00e9s Rover, un port Ethernet pour les donn\u00e9es Rover vers Mars, une entr\u00e9e audio analogique 3.5 mm pour le timecode, une entr\u00e9e REF pour le g\u00e9n\u00e9rateur de genlock<br \/>&#8211; Dimensions et Poids :<br \/>&#8211; Unit\u00e9 Mars : 196 x 134 x 65 mm, 1.4 kg<br \/>&#8211; Unit\u00e9 Rover : 95 x 65 x 48 mm, 309 g<br \/>&#8211; Affichage : \u00c9cran tactile LCD de 7&#8243;<br \/>&#8211; Connexions : BNC pour Genlock, prise audio 3.5 mm pour Timecode, 3x ports RJ45 PoE pour les Rovers<br \/>&#8211; Mise en R\u00e9seau : Collecte des donn\u00e9es de suivi de chaque Rover et les envoie \u00e0 votre PC via un routeur IP<br \/>&#8211; Dashboard Mars : Permet de g\u00e9rer chaque appareil connect\u00e9 et de v\u00e9rifier les informations pertinentes<br \/>&#8211; Recentrage : R\u00e9initialise les coordonn\u00e9es d&#8217;un tracker \u00e0 une origine positionnelle<br \/>&#8211; Genlock et Timecode Sync : Connexions robustes pour r\u00e9duire la latence<br \/>&#8211; Compatibilit\u00e9 : Aucune installation de logiciel requise, compatible avec VIVE Mars CamTrack<\/p>\n","protected":false},"excerpt":{"rendered":"<p>Le HTC Vive Mars CamTrack est une solution de suivi de cam\u00e9ra d\u00e9di\u00e9e \u00e0 la production virtuelle. Il offre un suivi pr\u00e9cis et rapide \u00e0 installer, id\u00e9al pour les cr\u00e9ateurs de contenu et les studios de cin\u00e9ma. Avantages :&#8211; Installation rapide et facile, pas besoin d&#8217;installation de logiciel&#8211; Suivi multicam\u00e9ra, supporte jusqu&#8217;\u00e0 3 Rovers&#8211; Id\u00e9al [&hellip;]<\/p>\n","protected":false},"featured_media":4827,"template":"","meta":{"inline_featured_image":false},"product_brand":[],"product_cat":[1953],"product_tag":[],"class_list":{"0":"post-4420","1":"product","2":"type-product","3":"status-publish","4":"has-post-thumbnail","6":"product_cat-accessoires-supplementaires","8":"first","9":"instock","10":"taxable","11":"shipping-taxable","12":"purchasable","13":"product-type-rentable"},"acf":[],"_links":{"self":[{"href":"https:\/\/indie.rent\/catalogue\/wp-json\/wp\/v2\/product\/4420","targetHints":{"allow":["GET"]}}],"collection":[{"href":"https:\/\/indie.rent\/catalogue\/wp-json\/wp\/v2\/product"}],"about":[{"href":"https:\/\/indie.rent\/catalogue\/wp-json\/wp\/v2\/types\/product"}],"version-history":[{"count":1,"href":"https:\/\/indie.rent\/catalogue\/wp-json\/wp\/v2\/product\/4420\/revisions"}],"predecessor-version":[{"id":5661,"href":"https:\/\/indie.rent\/catalogue\/wp-json\/wp\/v2\/product\/4420\/revisions\/5661"}],"wp:featuredmedia":[{"embeddable":true,"href":"https:\/\/indie.rent\/catalogue\/wp-json\/wp\/v2\/media\/4827"}],"wp:attachment":[{"href":"https:\/\/indie.rent\/catalogue\/wp-json\/wp\/v2\/media?parent=4420"}],"wp:term":[{"taxonomy":"product_brand","embeddable":true,"href":"https:\/\/indie.rent\/catalogue\/wp-json\/wp\/v2\/product_brand?post=4420"},{"taxonomy":"product_cat","embeddable":true,"href":"https:\/\/indie.rent\/catalogue\/wp-json\/wp\/v2\/product_cat?post=4420"},{"taxonomy":"product_tag","embeddable":true,"href":"https:\/\/indie.rent\/catalogue\/wp-json\/wp\/v2\/product_tag?post=4420"}],"curies":[{"name":"wp","href":"https:\/\/api.w.org\/{rel}","templated":true}]}}