{"id":442,"date":"2025-01-08T17:33:11","date_gmt":"2025-01-08T16:33:11","guid":{"rendered":"https:\/\/indie.rent\/catalogue\/produit\/serie-de-3-optiques-arri-signature-prime-ff-lpl-o114mm-18-35-75\/"},"modified":"2026-04-16T17:22:16","modified_gmt":"2026-04-16T15:22:16","slug":"serie-de-3-optiques-arri-signature-prime-ff-lpl-o114mm-18-35-75","status":"publish","type":"product","link":"https:\/\/indie.rent\/catalogue\/produit\/serie-de-3-optiques-arri-signature-prime-ff-lpl-o114mm-18-35-75\/","title":{"rendered":"S\u00e9rie de 3 Optiques  ARRI Signature Prime FF-LPL \u00f8114mm (18 &#8211;  35 &#8211; 75)"},"content":{"rendered":"<p>S\u00e9rie de 3 optiques Arri Signature Prime: 18mm, 35mm et 75mm.<\/p>\n<p>Les optiques Arri Signature Prime allient une conception m\u00e9canique moderne et robuste ainsi qu&#8217;un rendu optique qualifi\u00e9 d&#8217;intemporel. Con\u00e7uent pour couvrir des capteurs Large Format, elles se montent sur les diff\u00e9rentes cam\u00e9ras du march\u00e9 \u00e9quip\u00e9es d&#8217;un adaptateur LPL (Alexa Mini LF, Sony Venice, Red Monstro, Red Raptor&#8230;).<\/p>\n<p>Leur \u00ab Look Intemporel \u00bb est d\u00fb en partie \u00e0 leur design optique unique qui leur conf\u00e8rent :<\/p>\n<p>&#8211; un rendu pr\u00e9cis des couleurs avec des tons chair chauds et des textures lisses.<br \/>&#8211; Un exellent contr\u00f4l des refllets pr\u00e9servant les d\u00e9tails dans les ombres et les hautes lumi\u00e8res.<br \/>&#8211; Une grande ouverture T 1.8 produisant des bokehs exceptionnellement doux.<br \/>&#8211; Des transitions de point tr\u00e8s douces avec un \u00ab Focus Roll-Off \u00bb gradu\u00e9 et organique.<\/p>\n<p>A noter que toutes les optiques Signature Prime paratgent un porte-filtre arri\u00e8re magn\u00e9tique amovible, permettant \u00e0 chacun de cr\u00e9er son propre \u00ab look \u00bb optique<\/p>\n","protected":false},"excerpt":{"rendered":"<p>S\u00e9rie de 3 optiques Arri Signature Prime: 18mm, 35mm et 75mm. Les optiques Arri Signature Prime allient une conception m\u00e9canique moderne et robuste ainsi qu&#8217;un rendu optique qualifi\u00e9 d&#8217;intemporel. Con\u00e7uent pour couvrir des capteurs Large Format, elles se montent sur les diff\u00e9rentes cam\u00e9ras du march\u00e9 \u00e9quip\u00e9es d&#8217;un adaptateur LPL (Alexa Mini LF, Sony Venice, Red [&hellip;]<\/p>\n","protected":false},"featured_media":2179,"template":"","meta":{"inline_featured_image":false},"product_brand":[],"product_cat":[1920],"product_tag":[],"class_list":{"0":"post-442","1":"product","2":"type-product","3":"status-publish","4":"has-post-thumbnail","6":"product_cat-optique-spherique-lpl","8":"first","9":"instock","10":"featured","11":"taxable","12":"shipping-taxable","13":"purchasable","14":"product-type-rentable"},"acf":[],"_links":{"self":[{"href":"https:\/\/indie.rent\/catalogue\/wp-json\/wp\/v2\/product\/442","targetHints":{"allow":["GET"]}}],"collection":[{"href":"https:\/\/indie.rent\/catalogue\/wp-json\/wp\/v2\/product"}],"about":[{"href":"https:\/\/indie.rent\/catalogue\/wp-json\/wp\/v2\/types\/product"}],"version-history":[{"count":0,"href":"https:\/\/indie.rent\/catalogue\/wp-json\/wp\/v2\/product\/442\/revisions"}],"wp:featuredmedia":[{"embeddable":true,"href":"https:\/\/indie.rent\/catalogue\/wp-json\/wp\/v2\/media\/2179"}],"wp:attachment":[{"href":"https:\/\/indie.rent\/catalogue\/wp-json\/wp\/v2\/media?parent=442"}],"wp:term":[{"taxonomy":"product_brand","embeddable":true,"href":"https:\/\/indie.rent\/catalogue\/wp-json\/wp\/v2\/product_brand?post=442"},{"taxonomy":"product_cat","embeddable":true,"href":"https:\/\/indie.rent\/catalogue\/wp-json\/wp\/v2\/product_cat?post=442"},{"taxonomy":"product_tag","embeddable":true,"href":"https:\/\/indie.rent\/catalogue\/wp-json\/wp\/v2\/product_tag?post=442"}],"curies":[{"name":"wp","href":"https:\/\/api.w.org\/{rel}","templated":true}]}}