{"id":4419,"date":"2025-06-19T09:35:57","date_gmt":"2025-06-19T07:35:57","guid":{"rendered":"https:\/\/indie.rent\/catalogue\/produit\/kit-2-zooms-dzo-pictor-20-55mm-50-125mm-t2-8-s35-pl-ef\/"},"modified":"2026-04-04T00:17:56","modified_gmt":"2026-04-03T22:17:56","slug":"kit-2-zooms-dzo-pictor-20-55mm-50-125mm-t2-8-pl-ef-s35-o95mm","status":"publish","type":"product","link":"https:\/\/indie.rent\/catalogue\/produit\/kit-2-zooms-dzo-pictor-20-55mm-50-125mm-t2-8-pl-ef-s35-o95mm\/","title":{"rendered":"Kit 2 Zooms DZO Pictor 20-55mm \/ 50-125mm T2.8 &#8211; PL\/EF &#8211; S35 &#8211; \u00f895mm"},"content":{"rendered":"<p>Ce kit comprend deux objectifs zoom parfocaux Super 35, le 20-55mm et le 50-125mm, avec une ouverture \u00e0 T2.8 et iris \u00e0 16 lamelles produisant des beaux flares. Con\u00e7us pour un \u00e9change rapide, ils conservent leur mise au point sur toute la plage de zoom et offrent un pompage minimal. Les objectifs ont un design uniforme, avec un poids et un diam\u00e8tre similaire, et sont fournis avec les montures PL et Canon EF, pour un maximum de compatibilit\u00e9.<\/p>\n<p>Caract\u00e9ristiques principales:<\/p>\n<p>&#8211; Zoom parfocaux super 35 : 20-55mm et 50-125mm (\u00a0\u00d8 frontal 95mm)<\/p>\n<p>&#8211; Ouverture T2.8 \u00e0 T22<\/p>\n<p>&#8211; Iris \u00e0 16 lamelles<\/p>\n<p>&#8211; Maintien de la mise au point sur toute la plage de zoom<\/p>\n<p>&#8211; Pompage minimal pour un rendu stable<\/p>\n<p>&#8211; Design uniforme pour \u00e9changes rapides\u00a0<\/p>\n<p>&#8211; Compatible PL et Canon EF (Changement de monture sur demande)<\/p>\n","protected":false},"excerpt":{"rendered":"<p>Ce kit comprend deux objectifs zoom parfocaux Super 35, le 20-55mm et le 50-125mm, avec une ouverture \u00e0 T2.8 et iris \u00e0 16 lamelles produisant des beaux flares. Con\u00e7us pour un \u00e9change rapide, ils conservent leur mise au point sur toute la plage de zoom et offrent un pompage minimal. Les objectifs ont un design [&hellip;]<\/p>\n","protected":false},"featured_media":6233,"template":"","meta":{"inline_featured_image":false},"product_brand":[],"product_cat":[1921],"product_tag":[],"class_list":{"0":"post-4419","1":"product","2":"type-product","3":"status-publish","4":"has-post-thumbnail","6":"product_cat-zoom-spherique-pl","8":"first","9":"instock","10":"taxable","11":"shipping-taxable","12":"purchasable","13":"product-type-rentable"},"acf":[],"_links":{"self":[{"href":"https:\/\/indie.rent\/catalogue\/wp-json\/wp\/v2\/product\/4419","targetHints":{"allow":["GET"]}}],"collection":[{"href":"https:\/\/indie.rent\/catalogue\/wp-json\/wp\/v2\/product"}],"about":[{"href":"https:\/\/indie.rent\/catalogue\/wp-json\/wp\/v2\/types\/product"}],"version-history":[{"count":3,"href":"https:\/\/indie.rent\/catalogue\/wp-json\/wp\/v2\/product\/4419\/revisions"}],"predecessor-version":[{"id":6576,"href":"https:\/\/indie.rent\/catalogue\/wp-json\/wp\/v2\/product\/4419\/revisions\/6576"}],"wp:featuredmedia":[{"embeddable":true,"href":"https:\/\/indie.rent\/catalogue\/wp-json\/wp\/v2\/media\/6233"}],"wp:attachment":[{"href":"https:\/\/indie.rent\/catalogue\/wp-json\/wp\/v2\/media?parent=4419"}],"wp:term":[{"taxonomy":"product_brand","embeddable":true,"href":"https:\/\/indie.rent\/catalogue\/wp-json\/wp\/v2\/product_brand?post=4419"},{"taxonomy":"product_cat","embeddable":true,"href":"https:\/\/indie.rent\/catalogue\/wp-json\/wp\/v2\/product_cat?post=4419"},{"taxonomy":"product_tag","embeddable":true,"href":"https:\/\/indie.rent\/catalogue\/wp-json\/wp\/v2\/product_tag?post=4419"}],"curies":[{"name":"wp","href":"https:\/\/api.w.org\/{rel}","templated":true}]}}