{"id":4415,"date":"2025-06-19T09:35:41","date_gmt":"2025-06-19T07:35:41","guid":{"rendered":"https:\/\/indie.rent\/catalogue\/produit\/a7s\/"},"modified":"2026-04-13T18:19:31","modified_gmt":"2026-04-13T16:19:31","slug":"boitier-sony-a7s","status":"publish","type":"product","link":"https:\/\/indie.rent\/catalogue\/produit\/boitier-sony-a7s\/","title":{"rendered":"Boitier Sony A7S"},"content":{"rendered":"<p>Mirrorless Sony A7S<\/p>\n<p>Fr\u00e8re des Alpha A7 et A7R, le Sony A7S est une variante qui cible un double march\u00e9 : celui de la vid\u00e9o semi-pro avec la gestion des flux UHD (4K TV) et celui des photographes animaliers et astro avec sa mont\u00e9e \u00e0 409 600 ISO. L&#8217;appareil photo \u03b17S offre une mobilit\u00e9 et une personnalisation in\u00e9gal\u00e9es, avec un grand capteur plein format de 35 mm. <\/p>\n<p>L&#8217;obturateur \u00e9lectronique \u00e9limine le bruit d&#8217;obturateur, ce qui vous permet d&#8217;immortaliser avec discr\u00e9tion vos sc\u00e8nes.<\/p>\n","protected":false},"excerpt":{"rendered":"<p>Mirrorless Sony A7S Fr\u00e8re des Alpha A7 et A7R, le Sony A7S est une variante qui cible un double march\u00e9 : celui de la vid\u00e9o semi-pro avec la gestion des flux UHD (4K TV) et celui des photographes animaliers et astro avec sa mont\u00e9e \u00e0 409 600 ISO. L&#8217;appareil photo \u03b17S offre une mobilit\u00e9 et [&hellip;]<\/p>\n","protected":false},"featured_media":4429,"template":"","meta":{"inline_featured_image":false},"product_brand":[],"product_cat":[1913],"product_tag":[],"class_list":{"0":"post-4415","1":"product","2":"type-product","3":"status-publish","4":"has-post-thumbnail","6":"product_cat-camera-sony","8":"first","9":"instock","10":"taxable","11":"shipping-taxable","12":"purchasable","13":"product-type-rentable"},"acf":[],"_links":{"self":[{"href":"https:\/\/indie.rent\/catalogue\/wp-json\/wp\/v2\/product\/4415","targetHints":{"allow":["GET"]}}],"collection":[{"href":"https:\/\/indie.rent\/catalogue\/wp-json\/wp\/v2\/product"}],"about":[{"href":"https:\/\/indie.rent\/catalogue\/wp-json\/wp\/v2\/types\/product"}],"version-history":[{"count":0,"href":"https:\/\/indie.rent\/catalogue\/wp-json\/wp\/v2\/product\/4415\/revisions"}],"wp:featuredmedia":[{"embeddable":true,"href":"https:\/\/indie.rent\/catalogue\/wp-json\/wp\/v2\/media\/4429"}],"wp:attachment":[{"href":"https:\/\/indie.rent\/catalogue\/wp-json\/wp\/v2\/media?parent=4415"}],"wp:term":[{"taxonomy":"product_brand","embeddable":true,"href":"https:\/\/indie.rent\/catalogue\/wp-json\/wp\/v2\/product_brand?post=4415"},{"taxonomy":"product_cat","embeddable":true,"href":"https:\/\/indie.rent\/catalogue\/wp-json\/wp\/v2\/product_cat?post=4415"},{"taxonomy":"product_tag","embeddable":true,"href":"https:\/\/indie.rent\/catalogue\/wp-json\/wp\/v2\/product_tag?post=4415"}],"curies":[{"name":"wp","href":"https:\/\/api.w.org\/{rel}","templated":true}]}}