{"id":4411,"date":"2025-06-19T09:34:48","date_gmt":"2025-06-19T07:34:48","guid":{"rendered":"https:\/\/indie.rent\/catalogue\/produit\/melangeur-blackmagic-atem-mini-extreme\/"},"modified":"2026-04-15T17:33:29","modified_gmt":"2026-04-15T15:33:29","slug":"melangeur-blackmagic-atem-mini-extreme","status":"publish","type":"product","link":"https:\/\/indie.rent\/catalogue\/produit\/melangeur-blackmagic-atem-mini-extreme\/","title":{"rendered":"M\u00e9langeur Blackmagic ATEM Mini Extreme"},"content":{"rendered":"<p>L\u2019ATEM Mini Extreme est un m\u00e9langeur avanc\u00e9 pour les vrais pros ! Vous b\u00e9n\u00e9ficiez de toutes les fonctionnalit\u00e9s de l\u2019ATEM Mini Pro, ainsi que de 8 entr\u00e9es HDMI, de 2 sorties HDMI ind\u00e9pendantes, de 2 ports USB et d\u2019une connexion pour casque. L\u2019ATEM Mini Extreme offre \u00e9galement 4 incrustateurs chroma, 6 DVE image dans l\u2019image, 2 lecteurs multim\u00e9dia et un multi view pouvant afficher 16 fen\u00eatres.<\/p>\n","protected":false},"excerpt":{"rendered":"<p>L\u2019ATEM Mini Extreme est un m\u00e9langeur avanc\u00e9 pour les vrais pros ! Vous b\u00e9n\u00e9ficiez de toutes les fonctionnalit\u00e9s de l\u2019ATEM Mini Pro, ainsi que de 8 entr\u00e9es HDMI, de 2 sorties HDMI ind\u00e9pendantes, de 2 ports USB et d\u2019une connexion pour casque. L\u2019ATEM Mini Extreme offre \u00e9galement 4 incrustateurs chroma, 6 DVE image dans l\u2019image, [&hellip;]<\/p>\n","protected":false},"featured_media":4454,"template":"","meta":{"inline_featured_image":false},"product_brand":[],"product_cat":[1981],"product_tag":[],"class_list":{"0":"post-4411","1":"product","2":"type-product","3":"status-publish","4":"has-post-thumbnail","6":"product_cat-streaming-live","8":"first","9":"instock","10":"taxable","11":"shipping-taxable","12":"purchasable","13":"product-type-rentable"},"acf":[],"_links":{"self":[{"href":"https:\/\/indie.rent\/catalogue\/wp-json\/wp\/v2\/product\/4411","targetHints":{"allow":["GET"]}}],"collection":[{"href":"https:\/\/indie.rent\/catalogue\/wp-json\/wp\/v2\/product"}],"about":[{"href":"https:\/\/indie.rent\/catalogue\/wp-json\/wp\/v2\/types\/product"}],"version-history":[{"count":0,"href":"https:\/\/indie.rent\/catalogue\/wp-json\/wp\/v2\/product\/4411\/revisions"}],"wp:featuredmedia":[{"embeddable":true,"href":"https:\/\/indie.rent\/catalogue\/wp-json\/wp\/v2\/media\/4454"}],"wp:attachment":[{"href":"https:\/\/indie.rent\/catalogue\/wp-json\/wp\/v2\/media?parent=4411"}],"wp:term":[{"taxonomy":"product_brand","embeddable":true,"href":"https:\/\/indie.rent\/catalogue\/wp-json\/wp\/v2\/product_brand?post=4411"},{"taxonomy":"product_cat","embeddable":true,"href":"https:\/\/indie.rent\/catalogue\/wp-json\/wp\/v2\/product_cat?post=4411"},{"taxonomy":"product_tag","embeddable":true,"href":"https:\/\/indie.rent\/catalogue\/wp-json\/wp\/v2\/product_tag?post=4411"}],"curies":[{"name":"wp","href":"https:\/\/api.w.org\/{rel}","templated":true}]}}