{"id":4410,"date":"2025-06-19T09:34:45","date_gmt":"2025-06-19T07:34:45","guid":{"rendered":"https:\/\/indie.rent\/catalogue\/produit\/moniteur-small-hd-cine-7\/"},"modified":"2026-04-16T18:21:52","modified_gmt":"2026-04-16T16:21:52","slug":"moniteur-smallhd-cine-7","status":"publish","type":"product","link":"https:\/\/indie.rent\/catalogue\/produit\/moniteur-smallhd-cine-7\/","title":{"rendered":"Moniteur SmallHD Cine 7"},"content":{"rendered":"<p>Le moniteur SmallHD\u202f7\u2033\u202f\u2013\u202fCine\u202f7 est un moniteur de terrain tactile et \u00e0 haute luminosit\u00e9 (1800\u202fnits), con\u00e7u pour le tournage cin\u00e9ma, TV et production exigeante. Il combine un \u00e9cran IPS LCD 1920\u00d71200, une reproduction couleur cin\u00e9ma 100\u202f% DCI\u2011P3, une connectique compl\u00e8te HDMI et 3G\u2011SDI avec conversion crois\u00e9e, ainsi que la puissance du logiciel SmallHD PageOS pour des outils d\u2019assistance avanc\u00e9s.\u00a0<\/p>\n<p>Caract\u00e9ristiques techniques :<br \/>Type de panneau : IPS LCD tactile<br \/>Diagonale : 7\u2033<br \/>R\u00e9solution : 1920\u00d71200 pixels (16:10)<br \/>Luminosit\u00e9 Max. : 1800\u202fnits<br \/>Contraste : 1000:1<br \/>SDI In\/Out : 1\u00d7\u202f3G\u2011SDI In (avec conversion SDI \u2192 HDMI), 1\u00d7\u202f3G\u2011SDI Out \u2014 jusqu\u2019\u00e0 1080p60\u00a0<br \/>HDMI In\/Out : 1\u00d7\u202fHDMI In (avec conversion\u00a0HDMI \u2192 SDI), 1\u00d7\u202fHDMI Out \u2014 jusqu\u2019\u00e0 2160p30<br \/>Sortie Audio : 1\u00d7\u202fmini\u2011jack 3,5\u202fmm<br \/>Interface de donn\u00e9es : 1\u00d7\u202fSlot Carte SD, 1\u00d7\u202fMicro USB-B<br \/>Entr\u00e9es Alimentation : 1\u00d7\u202fLEMO 2 (10\u201334\u202fV DC), 1\u00d7\u202fSupport Batterie V\u2011mount (14\u202fV)\u00a0<br \/>Sortie Alimentation : Aucune<br \/>Consommation \u00e9lectrique : env. 15\u201320\u202fW (variable selon le niveau de luminosit\u00e9)<br \/>Poids : env. 570g<\/p>\n","protected":false},"excerpt":{"rendered":"<p>Le moniteur SmallHD\u202f7\u2033\u202f\u2013\u202fCine\u202f7 est un moniteur de terrain tactile et \u00e0 haute luminosit\u00e9 (1800\u202fnits), con\u00e7u pour le tournage cin\u00e9ma, TV et production exigeante. Il combine un \u00e9cran IPS LCD 1920\u00d71200, une reproduction couleur cin\u00e9ma 100\u202f% DCI\u2011P3, une connectique compl\u00e8te HDMI et 3G\u2011SDI avec conversion crois\u00e9e, ainsi que la puissance du logiciel SmallHD PageOS pour des [&hellip;]<\/p>\n","protected":false},"featured_media":4823,"template":"","meta":{"inline_featured_image":false},"product_brand":[],"product_cat":[1963],"product_tag":[],"class_list":{"0":"post-4410","1":"product","2":"type-product","3":"status-publish","4":"has-post-thumbnail","6":"product_cat-moniteur-7","8":"first","9":"instock","10":"taxable","11":"shipping-taxable","12":"purchasable","13":"product-type-rentable"},"acf":[],"_links":{"self":[{"href":"https:\/\/indie.rent\/catalogue\/wp-json\/wp\/v2\/product\/4410","targetHints":{"allow":["GET"]}}],"collection":[{"href":"https:\/\/indie.rent\/catalogue\/wp-json\/wp\/v2\/product"}],"about":[{"href":"https:\/\/indie.rent\/catalogue\/wp-json\/wp\/v2\/types\/product"}],"version-history":[{"count":0,"href":"https:\/\/indie.rent\/catalogue\/wp-json\/wp\/v2\/product\/4410\/revisions"}],"wp:featuredmedia":[{"embeddable":true,"href":"https:\/\/indie.rent\/catalogue\/wp-json\/wp\/v2\/media\/4823"}],"wp:attachment":[{"href":"https:\/\/indie.rent\/catalogue\/wp-json\/wp\/v2\/media?parent=4410"}],"wp:term":[{"taxonomy":"product_brand","embeddable":true,"href":"https:\/\/indie.rent\/catalogue\/wp-json\/wp\/v2\/product_brand?post=4410"},{"taxonomy":"product_cat","embeddable":true,"href":"https:\/\/indie.rent\/catalogue\/wp-json\/wp\/v2\/product_cat?post=4410"},{"taxonomy":"product_tag","embeddable":true,"href":"https:\/\/indie.rent\/catalogue\/wp-json\/wp\/v2\/product_tag?post=4410"}],"curies":[{"name":"wp","href":"https:\/\/api.w.org\/{rel}","templated":true}]}}