{"id":441,"date":"2025-01-08T17:33:11","date_gmt":"2025-01-08T16:33:11","guid":{"rendered":"https:\/\/indie.rent\/catalogue\/produit\/le-studio-35\/"},"modified":"2026-04-04T00:19:18","modified_gmt":"2026-04-03T22:19:18","slug":"le-studio-35","status":"publish","type":"product","link":"https:\/\/indie.rent\/catalogue\/produit\/le-studio-35\/","title":{"rendered":"Le Studio 35"},"content":{"rendered":"<p>Brochure du Studio : ICI<\/p>\n<p>Vous trouverez au 35, rue Colonel Klobb \u00e0 Villeurbanne (arr\u00eat de m\u00e9tro Flachet) notre \u00ab Studio 35 \u00bb avec un cyclorama de 3 faces blanches, une salle de stockage mat\u00e9riel, 2 loges, une salle open space bureau\/salle \u00e0 manger, une cuisine \u00e9quip\u00e9e, toilettes. Un espace de stationnement (deux voitures\/ un camion) est disponible devant le studio.<\/p>\n<p>Le cyclo est \u00e9clair\u00e9 par 10 SL1 DAYLIGHT DMG, dont 7 install\u00e9s sur le grill, contr\u00f4lable sur IPAD via LUMINAIR. Vous avez du mat\u00e9riel en libre acc\u00e8s (escabeaux, \u00e9chelle, alimentation et distribution, syst\u00e8me audio).<\/p>\n<p>Une alimentation \u00e9lectrique de 36KW, soit 12KW par phase. Mar\u00e9chal et P17 Tri, distribu\u00e9 par 3 boites M6.<\/p>\n<p>L&#8217;open space bureau\/salle \u00e0 manger cuisine se compose d&#8217;un plan de travail avec \u00e9vier, plaque de cuisson, cafeti\u00e8re \u00e0 grain, bouilloire, four, r\u00e9frig\u00e9rateur et de la vaisselle pour dix personnes. Vous disposez aussi de 2 tables et 10 chaises, chauffages et ventilateurs.<\/p>\n<p>Deux loges d\u00e9di\u00e9e au HMC vous sont propos\u00e9es avec glace maquillage, portant avec cintres, chaise haute, fer et table \u00e0 repasser.<\/p>\n<p>Nous mettons \u00e0 disposition une connexion fibre wifi en libre d\u2019acc\u00e8s.<\/p>\n<p>En option un \u00ab\u00a0Pack Grip\u00a0\u00bb comprenant du mat\u00e9riel lumi\u00e8re et machinerie.<\/p>\n<p>Les clefs vous seront remises sur rendez-vous chez INDIE Location, \u00e0 10 minutes du studio 35.<\/p>\n<p>INSTAGRAM STUDIOS INDIE<\/p>\n","protected":false},"excerpt":{"rendered":"<p>Brochure du Studio : ICI Vous trouverez au 35, rue Colonel Klobb \u00e0 Villeurbanne (arr\u00eat de m\u00e9tro Flachet) notre \u00ab Studio 35 \u00bb avec un cyclorama de 3 faces blanches, une salle de stockage mat\u00e9riel, 2 loges, une salle open space bureau\/salle \u00e0 manger, une cuisine \u00e9quip\u00e9e, toilettes. Un espace de stationnement (deux voitures\/ un [&hellip;]<\/p>\n","protected":false},"featured_media":3345,"template":"","meta":{"inline_featured_image":false},"product_brand":[],"product_cat":[1900],"product_tag":[],"class_list":{"0":"post-441","1":"product","2":"type-product","3":"status-publish","4":"has-post-thumbnail","6":"product_cat-studio-35","8":"first","9":"instock","10":"taxable","11":"shipping-taxable","12":"purchasable","13":"product-type-rentable"},"acf":[],"_links":{"self":[{"href":"https:\/\/indie.rent\/catalogue\/wp-json\/wp\/v2\/product\/441","targetHints":{"allow":["GET"]}}],"collection":[{"href":"https:\/\/indie.rent\/catalogue\/wp-json\/wp\/v2\/product"}],"about":[{"href":"https:\/\/indie.rent\/catalogue\/wp-json\/wp\/v2\/types\/product"}],"version-history":[{"count":0,"href":"https:\/\/indie.rent\/catalogue\/wp-json\/wp\/v2\/product\/441\/revisions"}],"wp:featuredmedia":[{"embeddable":true,"href":"https:\/\/indie.rent\/catalogue\/wp-json\/wp\/v2\/media\/3345"}],"wp:attachment":[{"href":"https:\/\/indie.rent\/catalogue\/wp-json\/wp\/v2\/media?parent=441"}],"wp:term":[{"taxonomy":"product_brand","embeddable":true,"href":"https:\/\/indie.rent\/catalogue\/wp-json\/wp\/v2\/product_brand?post=441"},{"taxonomy":"product_cat","embeddable":true,"href":"https:\/\/indie.rent\/catalogue\/wp-json\/wp\/v2\/product_cat?post=441"},{"taxonomy":"product_tag","embeddable":true,"href":"https:\/\/indie.rent\/catalogue\/wp-json\/wp\/v2\/product_tag?post=441"}],"curies":[{"name":"wp","href":"https:\/\/api.w.org\/{rel}","templated":true}]}}