{"id":4409,"date":"2025-06-19T09:34:45","date_gmt":"2025-06-19T07:34:45","guid":{"rendered":"https:\/\/indie.rent\/catalogue\/produit\/melangeur-blackmagic-atem-mini-pro\/"},"modified":"2026-04-15T17:55:24","modified_gmt":"2026-04-15T15:55:24","slug":"melangeur-blackmagic-atem-mini-pro","status":"publish","type":"product","link":"https:\/\/indie.rent\/catalogue\/produit\/melangeur-blackmagic-atem-mini-pro\/","title":{"rendered":"M\u00e9langeur Blackmagic ATEM Mini Pro"},"content":{"rendered":"<p>Le Blackmagic Design ATEM Mini est un m\u00e9langeur qui permet de cr\u00e9er facilement des productions multicam\u00e9ras professionnelles pour le Livestreaming sur YouTube ou pour des pr\u00e9sentations innovantes sur Skype. Il est compatible avec tous les logiciels de streaming pour les plateformes de r\u00e9seaux sociaux ! Gr\u00e2ce \u00e0 ses 4 entr\u00e9es HDMI, vous pouvez r\u00e9gler plusieurs angles cam\u00e9ra, comme des plans larges et des gros plans ind\u00e9pendants pour chaque personne. Mais vous pouvez tout aussi bien le connecter \u00e0 un ordinateur avec une pr\u00e9sentation PowerPoint, des clips musicaux, des sites web ou \u00e0 des consoles de jeu vid\u00e9o. Comme toutes les commutations sont en temps r\u00e9el, vous pouvez diffuser vos contenus en direct sur n\u2019importe quelle plateforme, comme YouTube, Facebook et TwitchTV.<\/p>\n<p>Caract\u00e9ristiques principales :<br \/>&#8211; Id\u00e9al pour des productions multicam\u00e9ras professionnelles pour le Livestreaming,<br \/>&#8211; Compatible avec tous les logiciels de streaming pour les plateformes de r\u00e9seaux sociaux,<br \/>&#8211; Compact et simple d\u2019utilisation,<br \/>&#8211; Sorties vid\u00e9o HDMI (x4) et USB (x1),<br \/>&#8211; 2 entr\u00e9es audio st\u00e9r\u00e9o de 3,5mm,<br \/>&#8211; DVE int\u00e9gr\u00e9,<\/p>\n<p>( c\u00e2bles HDMI non fournis )<\/p>\n","protected":false},"excerpt":{"rendered":"<p>Le Blackmagic Design ATEM Mini est un m\u00e9langeur qui permet de cr\u00e9er facilement des productions multicam\u00e9ras professionnelles pour le Livestreaming sur YouTube ou pour des pr\u00e9sentations innovantes sur Skype. Il est compatible avec tous les logiciels de streaming pour les plateformes de r\u00e9seaux sociaux ! Gr\u00e2ce \u00e0 ses 4 entr\u00e9es HDMI, vous pouvez r\u00e9gler plusieurs [&hellip;]<\/p>\n","protected":false},"featured_media":4494,"template":"","meta":{"inline_featured_image":false},"product_brand":[],"product_cat":[1981],"product_tag":[],"class_list":{"0":"post-4409","1":"product","2":"type-product","3":"status-publish","4":"has-post-thumbnail","6":"product_cat-streaming-live","8":"first","9":"instock","10":"taxable","11":"shipping-taxable","12":"purchasable","13":"product-type-rentable"},"acf":[],"_links":{"self":[{"href":"https:\/\/indie.rent\/catalogue\/wp-json\/wp\/v2\/product\/4409","targetHints":{"allow":["GET"]}}],"collection":[{"href":"https:\/\/indie.rent\/catalogue\/wp-json\/wp\/v2\/product"}],"about":[{"href":"https:\/\/indie.rent\/catalogue\/wp-json\/wp\/v2\/types\/product"}],"version-history":[{"count":0,"href":"https:\/\/indie.rent\/catalogue\/wp-json\/wp\/v2\/product\/4409\/revisions"}],"wp:featuredmedia":[{"embeddable":true,"href":"https:\/\/indie.rent\/catalogue\/wp-json\/wp\/v2\/media\/4494"}],"wp:attachment":[{"href":"https:\/\/indie.rent\/catalogue\/wp-json\/wp\/v2\/media?parent=4409"}],"wp:term":[{"taxonomy":"product_brand","embeddable":true,"href":"https:\/\/indie.rent\/catalogue\/wp-json\/wp\/v2\/product_brand?post=4409"},{"taxonomy":"product_cat","embeddable":true,"href":"https:\/\/indie.rent\/catalogue\/wp-json\/wp\/v2\/product_cat?post=4409"},{"taxonomy":"product_tag","embeddable":true,"href":"https:\/\/indie.rent\/catalogue\/wp-json\/wp\/v2\/product_tag?post=4409"}],"curies":[{"name":"wp","href":"https:\/\/api.w.org\/{rel}","templated":true}]}}