{"id":4405,"date":"2025-06-19T09:33:53","date_gmt":"2025-06-19T07:33:53","guid":{"rendered":"https:\/\/indie.rent\/catalogue\/produit\/decoupe-robe-t11-profile\/"},"modified":"2026-04-04T00:18:01","modified_gmt":"2026-04-03T22:18:01","slug":"projecteur-robe-t1-profile-decoupe","status":"publish","type":"product","link":"https:\/\/indie.rent\/catalogue\/produit\/projecteur-robe-t1-profile-decoupe\/","title":{"rendered":"Projecteur ROBE T11 Profile (D\u00e9coupe)"},"content":{"rendered":"<p>Le T11 Profile est une d\u00e9coupe LED haut de gamme con\u00e7ue pour le th\u00e9\u00e2tre, la TV et l\u2019\u00e9v\u00e9nementiel, qui mise sur qualit\u00e9 de lumi\u00e8re exceptionnelle la flexibilit\u00e9 maximale<br \/>faible bruit (adapt\u00e9 captation).<\/p>\n<p>\u00a0<\/p>\n<p>Source : MSL-TETM 350W LED Engine<\/p>\n<p>Temp\u00e9rature de couleur : 2 700K \u2013 8 000K<\/p>\n<p>CRI \/ TLCI : \u2265 95<\/p>\n<p>Puissance : 420W<\/p>\n<p>Alimentation : secteur<\/p>\n<p>Contr\u00f4le : DMX\u00a0<\/p>\n<p>\u00c9tanch\u00e9it\u00e9 : IP20<\/p>\n<p>Poids : 15,7kg<\/p>\n<p>Dimensions : 493mm x 385mm x 653mm<\/p>\n","protected":false},"excerpt":{"rendered":"<p>Le T11 Profile est une d\u00e9coupe LED haut de gamme con\u00e7ue pour le th\u00e9\u00e2tre, la TV et l\u2019\u00e9v\u00e9nementiel, qui mise sur qualit\u00e9 de lumi\u00e8re exceptionnelle la flexibilit\u00e9 maximalefaible bruit (adapt\u00e9 captation). \u00a0 Source : MSL-TETM 350W LED Engine Temp\u00e9rature de couleur : 2 700K \u2013 8 000K CRI \/ TLCI : \u2265 95 Puissance : [&hellip;]<\/p>\n","protected":false},"featured_media":6414,"template":"","meta":{"inline_featured_image":false},"product_brand":[],"product_cat":[2006],"product_tag":[],"class_list":{"0":"post-4405","1":"product","2":"type-product","3":"status-publish","4":"has-post-thumbnail","6":"product_cat-led-couleur-ponctuelle","8":"first","9":"instock","10":"taxable","11":"shipping-taxable","12":"purchasable","13":"product-type-rentable"},"acf":[],"_links":{"self":[{"href":"https:\/\/indie.rent\/catalogue\/wp-json\/wp\/v2\/product\/4405","targetHints":{"allow":["GET"]}}],"collection":[{"href":"https:\/\/indie.rent\/catalogue\/wp-json\/wp\/v2\/product"}],"about":[{"href":"https:\/\/indie.rent\/catalogue\/wp-json\/wp\/v2\/types\/product"}],"version-history":[{"count":3,"href":"https:\/\/indie.rent\/catalogue\/wp-json\/wp\/v2\/product\/4405\/revisions"}],"predecessor-version":[{"id":6465,"href":"https:\/\/indie.rent\/catalogue\/wp-json\/wp\/v2\/product\/4405\/revisions\/6465"}],"wp:featuredmedia":[{"embeddable":true,"href":"https:\/\/indie.rent\/catalogue\/wp-json\/wp\/v2\/media\/6414"}],"wp:attachment":[{"href":"https:\/\/indie.rent\/catalogue\/wp-json\/wp\/v2\/media?parent=4405"}],"wp:term":[{"taxonomy":"product_brand","embeddable":true,"href":"https:\/\/indie.rent\/catalogue\/wp-json\/wp\/v2\/product_brand?post=4405"},{"taxonomy":"product_cat","embeddable":true,"href":"https:\/\/indie.rent\/catalogue\/wp-json\/wp\/v2\/product_cat?post=4405"},{"taxonomy":"product_tag","embeddable":true,"href":"https:\/\/indie.rent\/catalogue\/wp-json\/wp\/v2\/product_tag?post=4405"}],"curies":[{"name":"wp","href":"https:\/\/api.w.org\/{rel}","templated":true}]}}