{"id":4400,"date":"2025-06-19T09:33:34","date_gmt":"2025-06-19T07:33:34","guid":{"rendered":"https:\/\/indie.rent\/catalogue\/produit\/glace-maquillage-led-nestor-v3-noire-ou-grise-selon-dispo\/"},"modified":"2026-04-15T17:00:12","modified_gmt":"2026-04-15T15:00:12","slug":"glace-maquillage-led-nestor-v3-noire-ou-grise-selon-dispo","status":"publish","type":"product","link":"https:\/\/indie.rent\/catalogue\/produit\/glace-maquillage-led-nestor-v3-noire-ou-grise-selon-dispo\/","title":{"rendered":"Glace maquillage LED NESTOR V3 (Noire ou Grise selon Dispo)"},"content":{"rendered":"<p>GLACE MAQUILLAGE TRIPTYQUE LED<\/p>\n<p>POIDS : 16,5KG, <br \/>DIMENSION FERM\u00c9E : 76 X 64 X 9CM, <br \/>DIMENSION OUVERTE 76cm X 120cm X 250cm<br \/>TEMP\u00c9RATURE MIN 3200K, TEMP\u00c9RATURE MAX 5600K, <br \/>48 R\u00c9GLAGES DE COULEUR DIFF\u00c9RENTS, <br \/>IRC &gt;96, <br \/>CONSOMMATION MAX : 120W, <br \/>SURFACE DE MIROIR \u201cEXTRA-CLAIR\u201d: 68,94 CM2 , <br \/>4 PRISES \u00c9LECTRIQUES<\/p>\n","protected":false},"excerpt":{"rendered":"<p>GLACE MAQUILLAGE TRIPTYQUE LED POIDS : 16,5KG, DIMENSION FERM\u00c9E : 76 X 64 X 9CM, DIMENSION OUVERTE 76cm X 120cm X 250cmTEMP\u00c9RATURE MIN 3200K, TEMP\u00c9RATURE MAX 5600K, 48 R\u00c9GLAGES DE COULEUR DIFF\u00c9RENTS, IRC &gt;96, CONSOMMATION MAX : 120W, SURFACE DE MIROIR \u201cEXTRA-CLAIR\u201d: 68,94 CM2 , 4 PRISES \u00c9LECTRIQUES<\/p>\n","protected":false},"featured_media":4471,"template":"","meta":{"inline_featured_image":false},"product_brand":[],"product_cat":[2149],"product_tag":[],"class_list":{"0":"post-4400","1":"product","2":"type-product","3":"status-publish","4":"has-post-thumbnail","6":"product_cat-maquillage","8":"first","9":"instock","10":"taxable","11":"shipping-taxable","12":"purchasable","13":"product-type-rentable"},"acf":[],"_links":{"self":[{"href":"https:\/\/indie.rent\/catalogue\/wp-json\/wp\/v2\/product\/4400","targetHints":{"allow":["GET"]}}],"collection":[{"href":"https:\/\/indie.rent\/catalogue\/wp-json\/wp\/v2\/product"}],"about":[{"href":"https:\/\/indie.rent\/catalogue\/wp-json\/wp\/v2\/types\/product"}],"version-history":[{"count":0,"href":"https:\/\/indie.rent\/catalogue\/wp-json\/wp\/v2\/product\/4400\/revisions"}],"wp:featuredmedia":[{"embeddable":true,"href":"https:\/\/indie.rent\/catalogue\/wp-json\/wp\/v2\/media\/4471"}],"wp:attachment":[{"href":"https:\/\/indie.rent\/catalogue\/wp-json\/wp\/v2\/media?parent=4400"}],"wp:term":[{"taxonomy":"product_brand","embeddable":true,"href":"https:\/\/indie.rent\/catalogue\/wp-json\/wp\/v2\/product_brand?post=4400"},{"taxonomy":"product_cat","embeddable":true,"href":"https:\/\/indie.rent\/catalogue\/wp-json\/wp\/v2\/product_cat?post=4400"},{"taxonomy":"product_tag","embeddable":true,"href":"https:\/\/indie.rent\/catalogue\/wp-json\/wp\/v2\/product_tag?post=4400"}],"curies":[{"name":"wp","href":"https:\/\/api.w.org\/{rel}","templated":true}]}}