{"id":440,"date":"2025-01-08T17:33:10","date_gmt":"2025-01-08T16:33:10","guid":{"rendered":"https:\/\/indie.rent\/catalogue\/produit\/le-studio-36\/"},"modified":"2026-04-24T16:28:47","modified_gmt":"2026-04-24T14:28:47","slug":"le-studio-36","status":"publish","type":"product","link":"https:\/\/indie.rent\/catalogue\/produit\/le-studio-36\/","title":{"rendered":"Le Studio 36"},"content":{"rendered":"<p>Vous trouverez au studio 36,\u00a0Pole Pixel, 36 rue Emile Decorps 69100, un studio fond vert avec 2 faces. (possibilit\u00e9 de le repeindre sur demande et disponibilit\u00e9)<\/p>\n<p>Le cyclorama est \u00e9clair\u00e9 par 8 SL1 Maxi switch DMG, install\u00e9s sur le grill, contr\u00f4lable sur IPAD via LUMINAIR. Vous avez du mat\u00e9riel en libre acc\u00e8s (escabeaux, \u00e9chelle, alimentation et distribution, syst\u00e8me audio).<\/p>\n<p>Une alimentation \u00e9lectrique de 36KW, soit 12KW par phase. Mar\u00e9chal et P17 Tri, distribu\u00e9 par un coffret et boitier M6.<\/p>\n<p>L\u2019open space bureau\/salle \u00e0 manger cuisine se compose d\u2019un plan de travail avec \u00e9vier, plaque de cuisson, cafeti\u00e8re \u00e0 grain, bouilloire, r\u00e9frig\u00e9rateur et de la vaisselle pour dix personnes. Vous disposez aussi de 2 table et 10 chaises, chauffages et ventilateurs.<\/p>\n<p>Deux loges d\u00e9di\u00e9e au HMC vous sont propos\u00e9es avec glace maquillage, portant avec cintres, chaise haute, fer et table \u00e0 repasser.<\/p>\n<p>Nous mettons \u00e0 disposition une connexion fibre wifi en libre d\u2019acc\u00e8s.<\/p>\n<p>En option un \u00ab\u00a0Pack Grip\u00a0\u00bb comprenant du mat\u00e9riel lumi\u00e8re et machinerie est \u00e9galement disponible sur demande.<\/p>\n<p>Les clefs vous seront remises sur rendez-vous chez INDIE Location, \u00e0 5 minutes du studio 36.<\/p>\n","protected":false},"excerpt":{"rendered":"<p>Vous trouverez au studio 36,\u00a0Pole Pixel, 36 rue Emile Decorps 69100, un studio fond vert avec 2 faces. (possibilit\u00e9 de le repeindre sur demande et disponibilit\u00e9)<\/p>\n<p>Le cyclorama est \u00e9clair\u00e9 par 8 SL1 Maxi switch DMG, install\u00e9s sur le grill, contr\u00f4lable sur IPAD via LUMINAIR. Vous avez du mat\u00e9riel en libre acc\u00e8s (escabeaux, \u00e9chelle, alimentation et distribution, syst\u00e8me audio).<\/p>\n<p>Une alimentation \u00e9lectrique de 36KW, soit 12KW par phase. Mar\u00e9chal et P17 Tri, distribu\u00e9 par un coffret et boitier M6.<\/p>\n<p>L\u2019open space bureau\/salle \u00e0 manger cuisine se compose d\u2019un plan de travail avec \u00e9vier, plaque de cuisson, cafeti\u00e8re \u00e0 grain, bouilloire, r\u00e9frig\u00e9rateur et de la vaisselle pour dix personnes. Vous disposez aussi de 2 table et 10 chaises, chauffages et ventilateurs.<\/p>\n<p>Deux loges d\u00e9di\u00e9e au HMC vous sont propos\u00e9es avec glace maquillage, portant avec cintres, chaise haute, fer et table \u00e0 repasser.<\/p>\n<p>Nous mettons \u00e0 disposition une connexion fibre wifi en libre d\u2019acc\u00e8s.<\/p>\n<p>En option un \u00ab\u00a0Pack Grip\u00a0\u00bb comprenant du mat\u00e9riel lumi\u00e8re et machinerie est \u00e9galement disponible sur demande.<\/p>\n<p>Les clefs vous seront remises sur rendez-vous chez INDIE Location, \u00e0 5 minutes du studio 36.<\/p>\n","protected":false},"featured_media":3344,"template":"","meta":{"inline_featured_image":false},"product_brand":[],"product_cat":[1901],"product_tag":[],"class_list":{"0":"post-440","1":"product","2":"type-product","3":"status-publish","4":"has-post-thumbnail","6":"product_cat-studio-36","8":"first","9":"instock","10":"taxable","11":"shipping-taxable","12":"purchasable","13":"product-type-rentable"},"acf":[],"_links":{"self":[{"href":"https:\/\/indie.rent\/catalogue\/wp-json\/wp\/v2\/product\/440","targetHints":{"allow":["GET"]}}],"collection":[{"href":"https:\/\/indie.rent\/catalogue\/wp-json\/wp\/v2\/product"}],"about":[{"href":"https:\/\/indie.rent\/catalogue\/wp-json\/wp\/v2\/types\/product"}],"version-history":[{"count":0,"href":"https:\/\/indie.rent\/catalogue\/wp-json\/wp\/v2\/product\/440\/revisions"}],"wp:featuredmedia":[{"embeddable":true,"href":"https:\/\/indie.rent\/catalogue\/wp-json\/wp\/v2\/media\/3344"}],"wp:attachment":[{"href":"https:\/\/indie.rent\/catalogue\/wp-json\/wp\/v2\/media?parent=440"}],"wp:term":[{"taxonomy":"product_brand","embeddable":true,"href":"https:\/\/indie.rent\/catalogue\/wp-json\/wp\/v2\/product_brand?post=440"},{"taxonomy":"product_cat","embeddable":true,"href":"https:\/\/indie.rent\/catalogue\/wp-json\/wp\/v2\/product_cat?post=440"},{"taxonomy":"product_tag","embeddable":true,"href":"https:\/\/indie.rent\/catalogue\/wp-json\/wp\/v2\/product_tag?post=440"}],"curies":[{"name":"wp","href":"https:\/\/api.w.org\/{rel}","templated":true}]}}