{"id":4399,"date":"2025-06-19T09:33:29","date_gmt":"2025-06-19T07:33:29","guid":{"rendered":"https:\/\/indie.rent\/catalogue\/produit\/tour-backup-sandisk-g-raid-shuttle-4-thunderbolt-3-24-to-18-to-en-raid-5\/"},"modified":"2026-04-13T18:40:24","modified_gmt":"2026-04-13T16:40:24","slug":"tour-backup-sandisk-g-raid-shuttle-4-thunderbolt-3-24-to-18-to-en-raid-5","status":"publish","type":"product","link":"https:\/\/indie.rent\/catalogue\/produit\/tour-backup-sandisk-g-raid-shuttle-4-thunderbolt-3-24-to-18-to-en-raid-5\/","title":{"rendered":"Tour Backup Sandisk G-RAID Shuttle 4 Thunderbolt 3 &#8211; 24 To (18 To en RAID 5)"},"content":{"rendered":"<p>Cette tour est livr\u00e9e en RAID 5, avec une capacit\u00e9 de stockage utile de 18 To.<\/p>\n<p>Caract\u00e9ristiques: <br \/>&#8211; 4 tiroirs amovibles: avec 4 disques durs de 6To (7200 rpm)<br \/>&#8211; Connexion: Thunderbolt 3 (USB-C)<br \/>&#8211; Niveaux RAID possibles: 0, 1, 5, 10<\/p>\n<p>\u00a0<\/p>\n","protected":false},"excerpt":{"rendered":"<p>Cette tour est livr\u00e9e en RAID 5, avec une capacit\u00e9 de stockage utile de 18 To. Caract\u00e9ristiques: &#8211; 4 tiroirs amovibles: avec 4 disques durs de 6To (7200 rpm)&#8211; Connexion: Thunderbolt 3 (USB-C)&#8211; Niveaux RAID possibles: 0, 1, 5, 10 \u00a0<\/p>\n","protected":false},"featured_media":4444,"template":"","meta":{"inline_featured_image":false},"product_brand":[],"product_cat":[1980],"product_tag":[],"class_list":{"0":"post-4399","1":"product","2":"type-product","3":"status-publish","4":"has-post-thumbnail","6":"product_cat-data","8":"first","9":"instock","10":"taxable","11":"shipping-taxable","12":"purchasable","13":"product-type-rentable"},"acf":[],"_links":{"self":[{"href":"https:\/\/indie.rent\/catalogue\/wp-json\/wp\/v2\/product\/4399","targetHints":{"allow":["GET"]}}],"collection":[{"href":"https:\/\/indie.rent\/catalogue\/wp-json\/wp\/v2\/product"}],"about":[{"href":"https:\/\/indie.rent\/catalogue\/wp-json\/wp\/v2\/types\/product"}],"version-history":[{"count":0,"href":"https:\/\/indie.rent\/catalogue\/wp-json\/wp\/v2\/product\/4399\/revisions"}],"wp:featuredmedia":[{"embeddable":true,"href":"https:\/\/indie.rent\/catalogue\/wp-json\/wp\/v2\/media\/4444"}],"wp:attachment":[{"href":"https:\/\/indie.rent\/catalogue\/wp-json\/wp\/v2\/media?parent=4399"}],"wp:term":[{"taxonomy":"product_brand","embeddable":true,"href":"https:\/\/indie.rent\/catalogue\/wp-json\/wp\/v2\/product_brand?post=4399"},{"taxonomy":"product_cat","embeddable":true,"href":"https:\/\/indie.rent\/catalogue\/wp-json\/wp\/v2\/product_cat?post=4399"},{"taxonomy":"product_tag","embeddable":true,"href":"https:\/\/indie.rent\/catalogue\/wp-json\/wp\/v2\/product_tag?post=4399"}],"curies":[{"name":"wp","href":"https:\/\/api.w.org\/{rel}","templated":true}]}}