{"id":4397,"date":"2025-06-19T09:30:20","date_gmt":"2025-06-19T07:30:20","guid":{"rendered":"https:\/\/indie.rent\/catalogue\/produit\/moniteur-smallhd-5-6-dp6\/"},"modified":"2026-04-13T18:14:26","modified_gmt":"2026-04-13T16:14:26","slug":"moniteur-smallhd-5-6-dp6","status":"publish","type":"product","link":"https:\/\/indie.rent\/catalogue\/produit\/moniteur-smallhd-5-6-dp6\/","title":{"rendered":"Moniteur SmallHD 5.6&#8243; &#8211; DP6"},"content":{"rendered":"<p>Le moniteur SmallHD DP6 est \u00e9quip\u00e9 d&#8217;un \u00e9cran 5,6&#8243; et d&#8217;une entr\u00e9e HDMI. Il prend en charge tous les signaux vid\u00e9o jusqu&#8217;\u00e0 1920 x 1080.<\/p>\n<p>Caract\u00e9ristiques techniques:<br \/>&#8211; Type de panneau: LCD<br \/>&#8211; Diagonale: 5.6&#8243;<br \/>&#8211; R\u00e9solution: 1280&#215;800<br \/>&#8211; Luminosit\u00e9 Max.: 300 nits<br \/>&#8211; SDI In\/Out: Non<br \/>&#8211; HDMI In\/Out: 1x HDMI In<br \/>&#8211; Component: 1x YPbPr In<br \/>&#8211; Composite: 1x Cinch In (vert)<br \/>&#8211; Sortie Audio: Non<br \/>&#8211; Interface de donn\u00e9es: 1x USB-A (Sortie 5v)<br \/>&#8211; Entr\u00e9es Alimentation DC: 1x Jack (5.5mm OD\/2.1mm ID), 1x Support Double Batterie Canon LP-E6<br \/>&#8211; Poids: 250 g<\/p>\n","protected":false},"excerpt":{"rendered":"<p>Le moniteur SmallHD DP6 est \u00e9quip\u00e9 d&#8217;un \u00e9cran 5,6&#8243; et d&#8217;une entr\u00e9e HDMI. Il prend en charge tous les signaux vid\u00e9o jusqu&#8217;\u00e0 1920 x 1080. Caract\u00e9ristiques techniques:&#8211; Type de panneau: LCD&#8211; Diagonale: 5.6&#8243;&#8211; R\u00e9solution: 1280&#215;800&#8211; Luminosit\u00e9 Max.: 300 nits&#8211; SDI In\/Out: Non&#8211; HDMI In\/Out: 1x HDMI In&#8211; Component: 1x YPbPr In&#8211; Composite: 1x Cinch In [&hellip;]<\/p>\n","protected":false},"featured_media":4829,"template":"","meta":{"inline_featured_image":false},"product_brand":[],"product_cat":[1962],"product_tag":[],"class_list":{"0":"post-4397","1":"product","2":"type-product","3":"status-publish","4":"has-post-thumbnail","6":"product_cat-moniteur-5","8":"first","9":"instock","10":"taxable","11":"shipping-taxable","12":"purchasable","13":"product-type-rentable"},"acf":[],"_links":{"self":[{"href":"https:\/\/indie.rent\/catalogue\/wp-json\/wp\/v2\/product\/4397","targetHints":{"allow":["GET"]}}],"collection":[{"href":"https:\/\/indie.rent\/catalogue\/wp-json\/wp\/v2\/product"}],"about":[{"href":"https:\/\/indie.rent\/catalogue\/wp-json\/wp\/v2\/types\/product"}],"version-history":[{"count":0,"href":"https:\/\/indie.rent\/catalogue\/wp-json\/wp\/v2\/product\/4397\/revisions"}],"wp:featuredmedia":[{"embeddable":true,"href":"https:\/\/indie.rent\/catalogue\/wp-json\/wp\/v2\/media\/4829"}],"wp:attachment":[{"href":"https:\/\/indie.rent\/catalogue\/wp-json\/wp\/v2\/media?parent=4397"}],"wp:term":[{"taxonomy":"product_brand","embeddable":true,"href":"https:\/\/indie.rent\/catalogue\/wp-json\/wp\/v2\/product_brand?post=4397"},{"taxonomy":"product_cat","embeddable":true,"href":"https:\/\/indie.rent\/catalogue\/wp-json\/wp\/v2\/product_cat?post=4397"},{"taxonomy":"product_tag","embeddable":true,"href":"https:\/\/indie.rent\/catalogue\/wp-json\/wp\/v2\/product_tag?post=4397"}],"curies":[{"name":"wp","href":"https:\/\/api.w.org\/{rel}","templated":true}]}}