{"id":4393,"date":"2025-06-19T09:28:40","date_gmt":"2025-06-19T07:28:40","guid":{"rendered":"https:\/\/indie.rent\/catalogue\/produit\/bague-dadaptation-lpl-vers-e-mount\/"},"modified":"2026-04-16T17:22:49","modified_gmt":"2026-04-16T15:22:49","slug":"bague-dadaptation-lpl-vers-e-mount","status":"publish","type":"product","link":"https:\/\/indie.rent\/catalogue\/produit\/bague-dadaptation-lpl-vers-e-mount\/","title":{"rendered":"Bague d&#8217;Adaptation LPL vers E-Mount"},"content":{"rendered":"<p>La monture ARRI LPL pour les cam\u00e9ras Sony \u00e0 monture E permet d&#8217;utiliser les objectifs ARRI LPL Signature Prime avec les cam\u00e9ras Sony \u00e0 monture E Full Frame Alpha.<\/p>\n<p>Le support comprend un pied avec un trou filet\u00e9 1 \/ 4-20 pour la fixation \u00e0 un tr\u00e9pied, \u00e9liminant ainsi les contraintes sur l&#8217;appareil photo. Le pied de support peut \u00e9galement \u00eatre fix\u00e9 nativement \u00e0 la cage DSLR unifi\u00e9e \u00e0 l&#8217;aide du trou de support vertical et du kit de support d&#8217;adaptateur d&#8217;objectif unifi\u00e9. Capuchon LPL inclus pour emp\u00eacher la poussi\u00e8re de p\u00e9n\u00e9trer dans la zone du capteur lorsque l&#8217;objectif n&#8217;est pas fix\u00e9.<\/p>\n<p>Caract\u00e9ristiques:<br \/>Poids: 216 g <br \/>Dimensions: 81,8 x 81,8 x 46,5 mm<\/p>\n","protected":false},"excerpt":{"rendered":"<p>La monture ARRI LPL pour les cam\u00e9ras Sony \u00e0 monture E permet d&#8217;utiliser les objectifs ARRI LPL Signature Prime avec les cam\u00e9ras Sony \u00e0 monture E Full Frame Alpha. Le support comprend un pied avec un trou filet\u00e9 1 \/ 4-20 pour la fixation \u00e0 un tr\u00e9pied, \u00e9liminant ainsi les contraintes sur l&#8217;appareil photo. Le [&hellip;]<\/p>\n","protected":false},"featured_media":4439,"template":"","meta":{"inline_featured_image":false},"product_brand":[],"product_cat":[1959],"product_tag":[],"class_list":{"0":"post-4393","1":"product","2":"type-product","3":"status-publish","4":"has-post-thumbnail","6":"product_cat-bague-adaptation","8":"first","9":"instock","10":"taxable","11":"shipping-taxable","12":"purchasable","13":"product-type-rentable"},"acf":[],"_links":{"self":[{"href":"https:\/\/indie.rent\/catalogue\/wp-json\/wp\/v2\/product\/4393","targetHints":{"allow":["GET"]}}],"collection":[{"href":"https:\/\/indie.rent\/catalogue\/wp-json\/wp\/v2\/product"}],"about":[{"href":"https:\/\/indie.rent\/catalogue\/wp-json\/wp\/v2\/types\/product"}],"version-history":[{"count":0,"href":"https:\/\/indie.rent\/catalogue\/wp-json\/wp\/v2\/product\/4393\/revisions"}],"wp:featuredmedia":[{"embeddable":true,"href":"https:\/\/indie.rent\/catalogue\/wp-json\/wp\/v2\/media\/4439"}],"wp:attachment":[{"href":"https:\/\/indie.rent\/catalogue\/wp-json\/wp\/v2\/media?parent=4393"}],"wp:term":[{"taxonomy":"product_brand","embeddable":true,"href":"https:\/\/indie.rent\/catalogue\/wp-json\/wp\/v2\/product_brand?post=4393"},{"taxonomy":"product_cat","embeddable":true,"href":"https:\/\/indie.rent\/catalogue\/wp-json\/wp\/v2\/product_cat?post=4393"},{"taxonomy":"product_tag","embeddable":true,"href":"https:\/\/indie.rent\/catalogue\/wp-json\/wp\/v2\/product_tag?post=4393"}],"curies":[{"name":"wp","href":"https:\/\/api.w.org\/{rel}","templated":true}]}}