{"id":4386,"date":"2025-06-19T09:23:50","date_gmt":"2025-06-19T07:23:50","guid":{"rendered":"https:\/\/indie.rent\/catalogue\/produit\/transmetteur-video-hf-hdmi-accsoon-cineye\/"},"modified":"2026-04-16T17:38:53","modified_gmt":"2026-04-16T15:38:53","slug":"transmetteur-video-hf-hdmi-accsoon-cineye","status":"publish","type":"product","link":"https:\/\/indie.rent\/catalogue\/produit\/transmetteur-video-hf-hdmi-accsoon-cineye\/","title":{"rendered":"Transmetteur Vid\u00e9o HF HDMI &#8211; Accsoon Cineye"},"content":{"rendered":"<p>L&#8217;Accsoon Cineye vous permet de transmettre un signal HDMI vers un t\u00e9l\u00e9phone ou tablette, pour les utiliser comme moniteurs vid\u00e9o.<\/p>\n<p>Points forts du transmetteur video HF HDMI Accsoon Cineye :<\/p>\n<p>&#8211; Vos appareils iOS \/ Android deviennent des moniteurs<br \/>&#8211; Jusqu&#8217;\u00e0 100m de port\u00e9e<br \/>&#8211; Envoi simultan\u00e9 possible sur 3 appareils<\/p>\n","protected":false},"excerpt":{"rendered":"<p>L&#8217;Accsoon Cineye vous permet de transmettre un signal HDMI vers un t\u00e9l\u00e9phone ou tablette, pour les utiliser comme moniteurs vid\u00e9o. Points forts du transmetteur video HF HDMI Accsoon Cineye : &#8211; Vos appareils iOS \/ Android deviennent des moniteurs&#8211; Jusqu&#8217;\u00e0 100m de port\u00e9e&#8211; Envoi simultan\u00e9 possible sur 3 appareils<\/p>\n","protected":false},"featured_media":4445,"template":"","meta":{"inline_featured_image":false},"product_brand":[],"product_cat":[1965],"product_tag":[],"class_list":{"0":"post-4386","1":"product","2":"type-product","3":"status-publish","4":"has-post-thumbnail","6":"product_cat-transmission-video-hf","8":"first","9":"instock","10":"taxable","11":"shipping-taxable","12":"purchasable","13":"product-type-rentable"},"acf":[],"_links":{"self":[{"href":"https:\/\/indie.rent\/catalogue\/wp-json\/wp\/v2\/product\/4386","targetHints":{"allow":["GET"]}}],"collection":[{"href":"https:\/\/indie.rent\/catalogue\/wp-json\/wp\/v2\/product"}],"about":[{"href":"https:\/\/indie.rent\/catalogue\/wp-json\/wp\/v2\/types\/product"}],"version-history":[{"count":0,"href":"https:\/\/indie.rent\/catalogue\/wp-json\/wp\/v2\/product\/4386\/revisions"}],"wp:featuredmedia":[{"embeddable":true,"href":"https:\/\/indie.rent\/catalogue\/wp-json\/wp\/v2\/media\/4445"}],"wp:attachment":[{"href":"https:\/\/indie.rent\/catalogue\/wp-json\/wp\/v2\/media?parent=4386"}],"wp:term":[{"taxonomy":"product_brand","embeddable":true,"href":"https:\/\/indie.rent\/catalogue\/wp-json\/wp\/v2\/product_brand?post=4386"},{"taxonomy":"product_cat","embeddable":true,"href":"https:\/\/indie.rent\/catalogue\/wp-json\/wp\/v2\/product_cat?post=4386"},{"taxonomy":"product_tag","embeddable":true,"href":"https:\/\/indie.rent\/catalogue\/wp-json\/wp\/v2\/product_tag?post=4386"}],"curies":[{"name":"wp","href":"https:\/\/api.w.org\/{rel}","templated":true}]}}