{"id":4385,"date":"2025-06-19T09:23:47","date_gmt":"2025-06-19T07:23:47","guid":{"rendered":"https:\/\/indie.rent\/catalogue\/produit\/poteaux-de-guidage-a-sangle-retractable-lot-de-2\/"},"modified":"2026-04-13T18:38:49","modified_gmt":"2026-04-13T16:38:49","slug":"poteaux-de-guidage-a-sangle-retractable-lot-de-2","status":"publish","type":"product","link":"https:\/\/indie.rent\/catalogue\/produit\/poteaux-de-guidage-a-sangle-retractable-lot-de-2\/","title":{"rendered":"Poteaux de Guidage \u00e0 Sangle R\u00e9tractable &#8211; Lot de 2"},"content":{"rendered":"<p>Id\u00e9al pour d\u00e9limiter vos files d&#8217;attente et pour le contr\u00f4le de foule, ce lot de 2 poteaux de guidage \u00e0 sangle s&#8217;adaptera partout. Chaque potelet dispose d&#8217;une t\u00eate avec 3 encoches d&#8217;arriv\u00e9es et une encoche avec une sangle rouge de 2 m\u00e8tres. Le socle de 32 cm de diam\u00e8tre est rempli de ciment et p\u00e8se 6 kg pour assurer la stabilit\u00e9 de votre poteau de guidage.<\/p>\n","protected":false},"excerpt":{"rendered":"<p>Id\u00e9al pour d\u00e9limiter vos files d&#8217;attente et pour le contr\u00f4le de foule, ce lot de 2 poteaux de guidage \u00e0 sangle s&#8217;adaptera partout. Chaque potelet dispose d&#8217;une t\u00eate avec 3 encoches d&#8217;arriv\u00e9es et une encoche avec une sangle rouge de 2 m\u00e8tres. Le socle de 32 cm de diam\u00e8tre est rempli de ciment et p\u00e8se [&hellip;]<\/p>\n","protected":false},"featured_media":4872,"template":"","meta":{"inline_featured_image":false},"product_brand":[],"product_cat":[2152],"product_tag":[],"class_list":{"0":"post-4385","1":"product","2":"type-product","3":"status-publish","4":"has-post-thumbnail","6":"product_cat-signaletique","8":"first","9":"instock","10":"taxable","11":"shipping-taxable","12":"purchasable","13":"product-type-rentable"},"acf":[],"_links":{"self":[{"href":"https:\/\/indie.rent\/catalogue\/wp-json\/wp\/v2\/product\/4385","targetHints":{"allow":["GET"]}}],"collection":[{"href":"https:\/\/indie.rent\/catalogue\/wp-json\/wp\/v2\/product"}],"about":[{"href":"https:\/\/indie.rent\/catalogue\/wp-json\/wp\/v2\/types\/product"}],"version-history":[{"count":0,"href":"https:\/\/indie.rent\/catalogue\/wp-json\/wp\/v2\/product\/4385\/revisions"}],"wp:featuredmedia":[{"embeddable":true,"href":"https:\/\/indie.rent\/catalogue\/wp-json\/wp\/v2\/media\/4872"}],"wp:attachment":[{"href":"https:\/\/indie.rent\/catalogue\/wp-json\/wp\/v2\/media?parent=4385"}],"wp:term":[{"taxonomy":"product_brand","embeddable":true,"href":"https:\/\/indie.rent\/catalogue\/wp-json\/wp\/v2\/product_brand?post=4385"},{"taxonomy":"product_cat","embeddable":true,"href":"https:\/\/indie.rent\/catalogue\/wp-json\/wp\/v2\/product_cat?post=4385"},{"taxonomy":"product_tag","embeddable":true,"href":"https:\/\/indie.rent\/catalogue\/wp-json\/wp\/v2\/product_tag?post=4385"}],"curies":[{"name":"wp","href":"https:\/\/api.w.org\/{rel}","templated":true}]}}