{"id":4384,"date":"2025-06-19T09:23:36","date_gmt":"2025-06-19T07:23:36","guid":{"rendered":"https:\/\/indie.rent\/catalogue\/produit\/kit-drapeaux-mamas\/"},"modified":"2026-04-04T00:13:27","modified_gmt":"2026-04-03T22:13:27","slug":"kit-drapeaux-mamas","status":"publish","type":"product","link":"https:\/\/indie.rent\/catalogue\/produit\/kit-drapeaux-mamas\/","title":{"rendered":"Kit Drapeaux &#8211; Mamas"},"content":{"rendered":"<p>Kit drapeaux \/ mama<\/p>\n<p>Le kit Matthews compos\u00e9 de plusieurs Mamas et drapeaux est un kit s&#8217;adaptant \u00e0 toute sorte de production audiovisuelle ou photographique. Compos\u00e9 de diff\u00e9rentes tailles de drapeaux et diff\u00e9rentes \u00e9paisseurs de Mamas, il permet un contr\u00f4le tr\u00e8s pr\u00e9cis des flux lumineux et permet de cr\u00e9er une lumi\u00e8re tr\u00e8s fine. Les Mamas et drapeaux permettent de canaliser ou couper un flux lumineux ou bien de diminuer partiellement une intensit\u00e9 lumineuse. Chaque \u00e9l\u00e9ment du kit se fixe sur une rotule et permet donc d&#8217;\u00eatre installer de toutes les mani\u00e8res souhait\u00e9es.<\/p>\n<p>Les diff\u00e9rentes \u00e9paisseurs de Mamas sont reconnaissables \u00e0 leur cadre de couleur et permettent donc une grande efficacit\u00e9 sur un plateau. Le tout est fourni dans un sac de transport.<\/p>\n","protected":false},"excerpt":{"rendered":"<p>Kit drapeaux \/ mama Le kit Matthews compos\u00e9 de plusieurs Mamas et drapeaux est un kit s&#8217;adaptant \u00e0 toute sorte de production audiovisuelle ou photographique. Compos\u00e9 de diff\u00e9rentes tailles de drapeaux et diff\u00e9rentes \u00e9paisseurs de Mamas, il permet un contr\u00f4le tr\u00e8s pr\u00e9cis des flux lumineux et permet de cr\u00e9er une lumi\u00e8re tr\u00e8s fine. Les Mamas [&hellip;]<\/p>\n","protected":false},"featured_media":4810,"template":"","meta":{"inline_featured_image":false},"product_brand":[],"product_cat":[2119],"product_tag":[],"class_list":{"0":"post-4384","1":"product","2":"type-product","3":"status-publish","4":"has-post-thumbnail","6":"product_cat-drapeau","8":"first","9":"instock","10":"taxable","11":"shipping-taxable","12":"purchasable","13":"product-type-rentable"},"acf":[],"_links":{"self":[{"href":"https:\/\/indie.rent\/catalogue\/wp-json\/wp\/v2\/product\/4384","targetHints":{"allow":["GET"]}}],"collection":[{"href":"https:\/\/indie.rent\/catalogue\/wp-json\/wp\/v2\/product"}],"about":[{"href":"https:\/\/indie.rent\/catalogue\/wp-json\/wp\/v2\/types\/product"}],"version-history":[{"count":0,"href":"https:\/\/indie.rent\/catalogue\/wp-json\/wp\/v2\/product\/4384\/revisions"}],"wp:featuredmedia":[{"embeddable":true,"href":"https:\/\/indie.rent\/catalogue\/wp-json\/wp\/v2\/media\/4810"}],"wp:attachment":[{"href":"https:\/\/indie.rent\/catalogue\/wp-json\/wp\/v2\/media?parent=4384"}],"wp:term":[{"taxonomy":"product_brand","embeddable":true,"href":"https:\/\/indie.rent\/catalogue\/wp-json\/wp\/v2\/product_brand?post=4384"},{"taxonomy":"product_cat","embeddable":true,"href":"https:\/\/indie.rent\/catalogue\/wp-json\/wp\/v2\/product_cat?post=4384"},{"taxonomy":"product_tag","embeddable":true,"href":"https:\/\/indie.rent\/catalogue\/wp-json\/wp\/v2\/product_tag?post=4384"}],"curies":[{"name":"wp","href":"https:\/\/api.w.org\/{rel}","templated":true}]}}