{"id":434,"date":"2025-01-08T17:33:09","date_gmt":"2025-01-08T16:33:09","guid":{"rendered":"https:\/\/indie.rent\/catalogue\/produit\/serie-de-3-optiques-atlas-orion-anamorphique-2x-s35-pl-o-114mm-40-65-100\/"},"modified":"2026-04-04T00:19:36","modified_gmt":"2026-04-03T22:19:36","slug":"serie-de-3-optiques-atlas-orion-anamorphique-2x-s35-pl-o-114mm-40-65-100","status":"publish","type":"product","link":"https:\/\/indie.rent\/catalogue\/produit\/serie-de-3-optiques-atlas-orion-anamorphique-2x-s35-pl-o-114mm-40-65-100\/","title":{"rendered":"S\u00e9rie de 3 Optiques Atlas Orion Anamorphique 2x S35 &#8211; PL &#8211; \u00f8 114mm (40-65-100)"},"content":{"rendered":"<p>S\u00e9rie de 3 optiques Atlas Orion Anamorphique 2x : 40 mm, 65 mm et 100 mm.<\/p>\n","protected":false},"excerpt":{"rendered":"<p>S\u00e9rie de 3 optiques Atlas Orion Anamorphique 2x : 40 mm, 65 mm et 100 mm.<\/p>\n","protected":false},"featured_media":2119,"template":"","meta":{"inline_featured_image":false},"product_brand":[],"product_cat":[1922],"product_tag":[],"class_list":{"0":"post-434","1":"product","2":"type-product","3":"status-publish","4":"has-post-thumbnail","6":"product_cat-optique-anamorphique-pl","8":"first","9":"instock","10":"taxable","11":"shipping-taxable","12":"purchasable","13":"product-type-rentable"},"acf":[],"_links":{"self":[{"href":"https:\/\/indie.rent\/catalogue\/wp-json\/wp\/v2\/product\/434","targetHints":{"allow":["GET"]}}],"collection":[{"href":"https:\/\/indie.rent\/catalogue\/wp-json\/wp\/v2\/product"}],"about":[{"href":"https:\/\/indie.rent\/catalogue\/wp-json\/wp\/v2\/types\/product"}],"version-history":[{"count":2,"href":"https:\/\/indie.rent\/catalogue\/wp-json\/wp\/v2\/product\/434\/revisions"}],"predecessor-version":[{"id":5483,"href":"https:\/\/indie.rent\/catalogue\/wp-json\/wp\/v2\/product\/434\/revisions\/5483"}],"wp:featuredmedia":[{"embeddable":true,"href":"https:\/\/indie.rent\/catalogue\/wp-json\/wp\/v2\/media\/2119"}],"wp:attachment":[{"href":"https:\/\/indie.rent\/catalogue\/wp-json\/wp\/v2\/media?parent=434"}],"wp:term":[{"taxonomy":"product_brand","embeddable":true,"href":"https:\/\/indie.rent\/catalogue\/wp-json\/wp\/v2\/product_brand?post=434"},{"taxonomy":"product_cat","embeddable":true,"href":"https:\/\/indie.rent\/catalogue\/wp-json\/wp\/v2\/product_cat?post=434"},{"taxonomy":"product_tag","embeddable":true,"href":"https:\/\/indie.rent\/catalogue\/wp-json\/wp\/v2\/product_tag?post=434"}],"curies":[{"name":"wp","href":"https:\/\/api.w.org\/{rel}","templated":true}]}}