{"id":4316,"date":"2025-06-13T15:41:51","date_gmt":"2025-06-13T13:41:51","guid":{"rendered":"https:\/\/indie.rent\/catalogue\/produit\/alexa-plus\/"},"modified":"2026-04-15T18:06:58","modified_gmt":"2026-04-15T16:06:58","slug":"camera-arri-alexa-plus","status":"publish","type":"product","link":"https:\/\/indie.rent\/catalogue\/produit\/camera-arri-alexa-plus\/","title":{"rendered":"Cam\u00e9ra ARRI Alexa Plus"},"content":{"rendered":"<p>Arri Alexa Plus est une cam\u00e9ra cin\u00e9ma num\u00e9rique Super 35 \u00e9quip\u00e9e d\u2019un capteur CMOS ALEV III offrant une image en 2K\/HD avec une grande fid\u00e9lit\u00e9 colorim\u00e9trique.<\/p>\n<p>Elle dispose d\u2019une plage dynamique d\u2019environ 14 diaphragmes et d\u2019une sensibilit\u00e9 native de 800 ASA en Log C. Elle enregistre en formats ProRes ou ARRIRAW (en externe), avec des fr\u00e9quences d&#8217;images pouvant atteindre 120 i\/s en mode HighSpeed.<\/p>\n<p>Int\u00e9grant un syst\u00e8me de contr\u00f4le sans fil FIZ, le Lens Data System (LDS) et des capteurs de mouvement, elle assure une grande polyvalence sur les diff\u00e9rents types de tournages .<\/p>\n<p>Avec l&#8217;enregistreur Odyssey 7Q+ :<br \/>La cam\u00e9ra Arri Alexa Plus produit du ARRIRAW en 2880&#215;1620 16:9.<br \/>l&#8217;Odyssey 7Q+ enregistre l&#8217;ARRIRAW dans les fichiers natifs 12 bits .ARI (16:9 2880&#215;1620 @23.98, 24, 25, 29.97, 30fps) et sont lisibles dans n&#8217;importe quel programme de post-production capable de lire l&#8217;ARRIRAW.<\/p>\n<p><\/p>\n<p>Principales caract\u00e9ristiques :<\/p>\n<p>\u2013 Capteur : CMOS ALEV III Super 35 16:9 (23.8 \u00d7 13.5 mm &#8211; \u00f8 27.36 mm )<\/p>\n<p>\u2013 Dynamique : \u2248 14 stops<\/p>\n<p>\u2013 Monture de base : PL (compatible ARRI LDS)<\/p>\n<p>\u2013 Autofocus : Non<\/p>\n<p>\u2013 Filtres optiques int\u00e9gr\u00e9s : Non<\/p>\n<p>\u2013 Sensibilit\u00e9 :\u00a0 EI 800 de base<\/p>\n<p>\u2013 M\u00e9dias : 2x Slots SxS PRO \/ SxS PRO+<\/p>\n<p>\u2013 R\u00e9solution d\u2019enregistrement Max. : 2.8K (2880 \u00d7 1620) en ARRIRAW (avec enregistreur externe) \/ 2K ProRes interne (2048 x 1152)<\/p>\n<p>\u2013 Vitesse maximale d\u2019enregistrement interne (images\/seconde) : 60 fps@2K\u00a0 \/\u00a0120 fps@HD en mode High Speed<\/p>\n<p>\u2013 Codec d\u2019enregistrement interne : Apple ProRes (4444, 422HQ, 422)<\/p>\n<p>\u2013 Formats Anamorphiques : 2x, 1.30x<\/p>\n<p>\u2013 Sorties Vid\u00e9o : 4\u00d7 HD-SDI (1.5G \/ 3G), 1\u00d7 sortie viseur EVF<\/p>\n<p>\u2013 Entr\u00e9e DC : LEMO 8 broches (10.5\u201334V DC) \/ 1x Interface arri\u00e8re Batterie V-Mount<\/p>\n<p>\u2013 Sorties DC :1x LEMO 2p 12V \/ 3x Fischer 3p 24V\u00a0<\/p>\n<p>\u2013 Consommation : ~85 W (corps + viseur EVF)<\/p>\n<p>\u2013 Autonomie avec une batterie V-Mount 98Wh : env. 60 min<\/p>\n<p>\u2013 Temp\u00e9rature de fonctionnement : \u201320 \u00b0C \u00e0 +45 \u00b0C<\/p>\n<p>\u2013 Temp\u00e9rature de stockage : \u201325 \u00b0C \u00e0 +70 \u00b0C<\/p>\n<p>\u2013 Poids : ~7.5 kg (corps nu)<\/p>\n<\/p>\n<p>\u00a0<\/p>\n","protected":false},"excerpt":{"rendered":"<p>Arri Alexa Plus est une cam\u00e9ra cin\u00e9ma num\u00e9rique Super 35 \u00e9quip\u00e9e d\u2019un capteur CMOS ALEV III offrant une image en 2K\/HD avec une grande fid\u00e9lit\u00e9 colorim\u00e9trique. Elle dispose d\u2019une plage dynamique d\u2019environ 14 diaphragmes et d\u2019une sensibilit\u00e9 native de 800 ASA en Log C. Elle enregistre en formats ProRes ou ARRIRAW (en externe), avec des [&hellip;]<\/p>\n","protected":false},"featured_media":4318,"template":"","meta":{"inline_featured_image":false},"product_brand":[],"product_cat":[1911],"product_tag":[],"class_list":{"0":"post-4316","1":"product","2":"type-product","3":"status-publish","4":"has-post-thumbnail","6":"product_cat-camera-arri","8":"first","9":"instock","10":"taxable","11":"shipping-taxable","12":"purchasable","13":"product-type-rentable"},"acf":[],"_links":{"self":[{"href":"https:\/\/indie.rent\/catalogue\/wp-json\/wp\/v2\/product\/4316","targetHints":{"allow":["GET"]}}],"collection":[{"href":"https:\/\/indie.rent\/catalogue\/wp-json\/wp\/v2\/product"}],"about":[{"href":"https:\/\/indie.rent\/catalogue\/wp-json\/wp\/v2\/types\/product"}],"version-history":[{"count":2,"href":"https:\/\/indie.rent\/catalogue\/wp-json\/wp\/v2\/product\/4316\/revisions"}],"predecessor-version":[{"id":6767,"href":"https:\/\/indie.rent\/catalogue\/wp-json\/wp\/v2\/product\/4316\/revisions\/6767"}],"wp:featuredmedia":[{"embeddable":true,"href":"https:\/\/indie.rent\/catalogue\/wp-json\/wp\/v2\/media\/4318"}],"wp:attachment":[{"href":"https:\/\/indie.rent\/catalogue\/wp-json\/wp\/v2\/media?parent=4316"}],"wp:term":[{"taxonomy":"product_brand","embeddable":true,"href":"https:\/\/indie.rent\/catalogue\/wp-json\/wp\/v2\/product_brand?post=4316"},{"taxonomy":"product_cat","embeddable":true,"href":"https:\/\/indie.rent\/catalogue\/wp-json\/wp\/v2\/product_cat?post=4316"},{"taxonomy":"product_tag","embeddable":true,"href":"https:\/\/indie.rent\/catalogue\/wp-json\/wp\/v2\/product_tag?post=4316"}],"curies":[{"name":"wp","href":"https:\/\/api.w.org\/{rel}","templated":true}]}}