{"id":429,"date":"2025-01-08T17:33:06","date_gmt":"2025-01-08T16:33:06","guid":{"rendered":"https:\/\/indie.rent\/catalogue\/produit\/serie-de-3-optiques-vazen-anamorphique-1-8x-ff-pl-o-95mm-50-85-135\/"},"modified":"2026-04-04T00:16:39","modified_gmt":"2026-04-03T22:16:39","slug":"serie-de-3-optiques-vazen-anamorphique-1-8x-ff-pl-o-95mm-50-85-135","status":"publish","type":"product","link":"https:\/\/indie.rent\/catalogue\/produit\/serie-de-3-optiques-vazen-anamorphique-1-8x-ff-pl-o-95mm-50-85-135\/","title":{"rendered":"S\u00e9rie de 3 Optiques &#8211; Vazen Anamorphique 1.8x FF-PL &#8211; \u00f8 95mm (50-85-135)"},"content":{"rendered":"<p>S\u00e9rie de 3 optiques Vazen Anamorphiques 1.8x Full Frame en monture PL: 50mm, 85mm et 135mm.<\/p>\n<p>Relativement compactes pour des optiques anamorphiques, ces Vazen produisent un bokeh ovale typique, gr\u00e2ce \u00e0 leur ratio d&#8217;anamorphose 1.8x, ainsi que des flares horizontaux bleus reconnaissables.<\/p>\n<p>Ils sont con\u00e7us pour fournir un rapport d\u2019aspect 2.39:1 \u00e0 partir de cam\u00e9ras avec un capteur au format 4:3, sans besoin de recadrage en post-production.<\/p>\n<p>Ils offrent \u00e9galement des positions uniformes des bagues de mise au point, augmentant ainsi la vitesse des changements d&#8217;optiques sur le plateau. Leurs frontales sont taraud\u00e9es pour pouvoir y visser des filtres circulaires de 86mm de diam\u00e8tre.\u00a0<\/p>\n","protected":false},"excerpt":{"rendered":"<p>S\u00e9rie de 3 optiques Vazen Anamorphiques 1.8x Full Frame en monture PL: 50mm, 85mm et 135mm. Relativement compactes pour des optiques anamorphiques, ces Vazen produisent un bokeh ovale typique, gr\u00e2ce \u00e0 leur ratio d&#8217;anamorphose 1.8x, ainsi que des flares horizontaux bleus reconnaissables. Ils sont con\u00e7us pour fournir un rapport d\u2019aspect 2.39:1 \u00e0 partir de cam\u00e9ras [&hellip;]<\/p>\n","protected":false},"featured_media":2543,"template":"","meta":{"inline_featured_image":false},"product_brand":[],"product_cat":[1922],"product_tag":[],"class_list":{"0":"post-429","1":"product","2":"type-product","3":"status-publish","4":"has-post-thumbnail","6":"product_cat-optique-anamorphique-pl","8":"first","9":"instock","10":"featured","11":"taxable","12":"shipping-taxable","13":"purchasable","14":"product-type-rentable"},"acf":[],"_links":{"self":[{"href":"https:\/\/indie.rent\/catalogue\/wp-json\/wp\/v2\/product\/429","targetHints":{"allow":["GET"]}}],"collection":[{"href":"https:\/\/indie.rent\/catalogue\/wp-json\/wp\/v2\/product"}],"about":[{"href":"https:\/\/indie.rent\/catalogue\/wp-json\/wp\/v2\/types\/product"}],"version-history":[{"count":2,"href":"https:\/\/indie.rent\/catalogue\/wp-json\/wp\/v2\/product\/429\/revisions"}],"predecessor-version":[{"id":5480,"href":"https:\/\/indie.rent\/catalogue\/wp-json\/wp\/v2\/product\/429\/revisions\/5480"}],"wp:featuredmedia":[{"embeddable":true,"href":"https:\/\/indie.rent\/catalogue\/wp-json\/wp\/v2\/media\/2543"}],"wp:attachment":[{"href":"https:\/\/indie.rent\/catalogue\/wp-json\/wp\/v2\/media?parent=429"}],"wp:term":[{"taxonomy":"product_brand","embeddable":true,"href":"https:\/\/indie.rent\/catalogue\/wp-json\/wp\/v2\/product_brand?post=429"},{"taxonomy":"product_cat","embeddable":true,"href":"https:\/\/indie.rent\/catalogue\/wp-json\/wp\/v2\/product_cat?post=429"},{"taxonomy":"product_tag","embeddable":true,"href":"https:\/\/indie.rent\/catalogue\/wp-json\/wp\/v2\/product_tag?post=429"}],"curies":[{"name":"wp","href":"https:\/\/api.w.org\/{rel}","templated":true}]}}