{"id":426,"date":"2025-01-08T17:33:05","date_gmt":"2025-01-08T16:33:05","guid":{"rendered":"https:\/\/indie.rent\/catalogue\/produit\/camera-red-komodo-6k\/"},"modified":"2026-04-13T18:41:36","modified_gmt":"2026-04-13T16:41:36","slug":"camera-red-komodo-6k","status":"publish","type":"product","link":"https:\/\/indie.rent\/catalogue\/produit\/camera-red-komodo-6k\/","title":{"rendered":"Cam\u00e9ra RED Komodo 6K"},"content":{"rendered":"<p>La RED KOMODO est une cam\u00e9ra cin\u00e9ma 6K ultra-compacte qui b\u00e9n\u00e9ficie d\u2019une superbe qualit\u00e9 d\u2019image gr\u00e2ce \u00e0 sa gestion des couleurs et \u00e0 son capteur Super 35mm Global Shutter CMOS de 19,9MP. Ce dernier r\u00e9volutionne la technique en \u00e9liminant le besoin de sacrifier la plage dynamique tout en r\u00e9pondant \u00e0 la norme d\u2019imagerie RED sans aucun compromis cr\u00e9atif ou technique.<\/p>\n<p>Un \u00e9cran tactile haute r\u00e9solution est \u00e9galement pr\u00e9sent pour vous faciliter son utilisation et gagner en productivit\u00e9. Il vous permet de pr\u00e9visualiser rapidement vos contenus et de parcourir les menus.<\/p>\n<p>Pour enregistrer votre contenu, vous aurez besoin d\u2019une carte CFast 2.0, qui est un m\u00e9dia largement accessible, standardis\u00e9 et fiable.<\/p>\n<p>C\u00f4t\u00e9 alimentation, la KOMODO int\u00e8gre un port d\u2019alimentation DC IN et peut \u00e9galement \u00eatre aliment\u00e9e \u00e0 l\u2019aide de deux batteries de style Canon BP.<\/p>\n<p>Que vous travailliez sur une production cin\u00e9matographique majeure avec plusieurs cam\u00e9ras ou que vous soyez un cr\u00e9ateur de contenu en d\u00e9placement, KOMODO r\u00e9pondra \u00e0 tous vos besoins.<\/p>\n<p>Nous fournissons actuellement des bagues d&#8217;adaptation EF-EOS avec filtre ND variable interne vous offrant plus de possibilit\u00e9s sur vos tournages.<\/p>\n","protected":false},"excerpt":{"rendered":"<p>La RED KOMODO est une cam\u00e9ra cin\u00e9ma 6K ultra-compacte qui b\u00e9n\u00e9ficie d\u2019une superbe qualit\u00e9 d\u2019image gr\u00e2ce \u00e0 sa gestion des couleurs et \u00e0 son capteur Super 35mm Global Shutter CMOS de 19,9MP. Ce dernier r\u00e9volutionne la technique en \u00e9liminant le besoin de sacrifier la plage dynamique tout en r\u00e9pondant \u00e0 la norme d\u2019imagerie RED sans [&hellip;]<\/p>\n","protected":false},"featured_media":1840,"template":"","meta":{"inline_featured_image":false},"product_brand":[],"product_cat":[1912],"product_tag":[],"class_list":{"0":"post-426","1":"product","2":"type-product","3":"status-publish","4":"has-post-thumbnail","6":"product_cat-camera-red","8":"first","9":"instock","10":"featured","11":"taxable","12":"shipping-taxable","13":"purchasable","14":"product-type-rentable"},"acf":[],"_links":{"self":[{"href":"https:\/\/indie.rent\/catalogue\/wp-json\/wp\/v2\/product\/426","targetHints":{"allow":["GET"]}}],"collection":[{"href":"https:\/\/indie.rent\/catalogue\/wp-json\/wp\/v2\/product"}],"about":[{"href":"https:\/\/indie.rent\/catalogue\/wp-json\/wp\/v2\/types\/product"}],"version-history":[{"count":0,"href":"https:\/\/indie.rent\/catalogue\/wp-json\/wp\/v2\/product\/426\/revisions"}],"wp:featuredmedia":[{"embeddable":true,"href":"https:\/\/indie.rent\/catalogue\/wp-json\/wp\/v2\/media\/1840"}],"wp:attachment":[{"href":"https:\/\/indie.rent\/catalogue\/wp-json\/wp\/v2\/media?parent=426"}],"wp:term":[{"taxonomy":"product_brand","embeddable":true,"href":"https:\/\/indie.rent\/catalogue\/wp-json\/wp\/v2\/product_brand?post=426"},{"taxonomy":"product_cat","embeddable":true,"href":"https:\/\/indie.rent\/catalogue\/wp-json\/wp\/v2\/product_cat?post=426"},{"taxonomy":"product_tag","embeddable":true,"href":"https:\/\/indie.rent\/catalogue\/wp-json\/wp\/v2\/product_tag?post=426"}],"curies":[{"name":"wp","href":"https:\/\/api.w.org\/{rel}","templated":true}]}}