{"id":423,"date":"2025-01-08T17:33:04","date_gmt":"2025-01-08T16:33:04","guid":{"rendered":"https:\/\/indie.rent\/catalogue\/produit\/serie-de-6-optiques-zeiss-compact-prime-cp3-ff-pl-o-95mm-21-25-35-50-85-100\/"},"modified":"2026-04-04T00:15:41","modified_gmt":"2026-04-03T22:15:41","slug":"serie-de-6-optiques-zeiss-compact-prime-cp3-pl-ff-o95mm-21-25-35-50-85-100","status":"publish","type":"product","link":"https:\/\/indie.rent\/catalogue\/produit\/serie-de-6-optiques-zeiss-compact-prime-cp3-pl-ff-o95mm-21-25-35-50-85-100\/","title":{"rendered":"S\u00e9rie de 6 Optiques Zeiss Compact Prime CP3 PL &#8211; FF &#8211; \u00f895mm (21-25-35-50-85-100)"},"content":{"rendered":"<p>En 2017, Zeiss a introduit les CP.3 pour r\u00e9pondre aux besoins croissants des cin\u00e9astes pour des optiques encore plus performantes, tout en maintenant la compacit\u00e9 et la flexibilit\u00e9 qui avaient rendu les CP.2 populaires.<\/p>\n<p>Couvrant le plein format sur toute la plage de focales de 21mm \u00e0 100 mm, ces six optiques Zeiss Compact Prime CP.3, couvrent toutes les applications du grand angle au t\u00e9l\u00e9objectif. Dot\u00e9es de rev\u00eatements de lentilles perfectionn\u00e9s et de pi\u00e8ges \u00e0 lumi\u00e8re sp\u00e9ciaux \u00e0 l&#8217;int\u00e9rieur du canon pour \u00e9liminer les reflets ind\u00e9sirables, elles offrent un contraste plus \u00e9lev\u00e9, des noirs plus riches et des couleurs plus satur\u00e9es.<\/p>\n<p>Compactes et l\u00e9g\u00e8res, ces optiques ont un design moderne avec un m\u00e9canisme de mise au point stable et fluide et un diam\u00e8tre de frontale uniforme de 95mm.<\/p>\n","protected":false},"excerpt":{"rendered":"<p>En 2017, Zeiss a introduit les CP.3 pour r\u00e9pondre aux besoins croissants des cin\u00e9astes pour des optiques encore plus performantes, tout en maintenant la compacit\u00e9 et la flexibilit\u00e9 qui avaient rendu les CP.2 populaires. Couvrant le plein format sur toute la plage de focales de 21mm \u00e0 100 mm, ces six optiques Zeiss Compact Prime [&hellip;]<\/p>\n","protected":false},"featured_media":2384,"template":"","meta":{"inline_featured_image":false},"product_brand":[],"product_cat":[1919],"product_tag":[],"class_list":{"0":"post-423","1":"product","2":"type-product","3":"status-publish","4":"has-post-thumbnail","6":"product_cat-optique-spherique-pl","8":"first","9":"instock","10":"taxable","11":"shipping-taxable","12":"purchasable","13":"product-type-rentable"},"acf":[],"_links":{"self":[{"href":"https:\/\/indie.rent\/catalogue\/wp-json\/wp\/v2\/product\/423","targetHints":{"allow":["GET"]}}],"collection":[{"href":"https:\/\/indie.rent\/catalogue\/wp-json\/wp\/v2\/product"}],"about":[{"href":"https:\/\/indie.rent\/catalogue\/wp-json\/wp\/v2\/types\/product"}],"version-history":[{"count":2,"href":"https:\/\/indie.rent\/catalogue\/wp-json\/wp\/v2\/product\/423\/revisions"}],"predecessor-version":[{"id":6246,"href":"https:\/\/indie.rent\/catalogue\/wp-json\/wp\/v2\/product\/423\/revisions\/6246"}],"wp:featuredmedia":[{"embeddable":true,"href":"https:\/\/indie.rent\/catalogue\/wp-json\/wp\/v2\/media\/2384"}],"wp:attachment":[{"href":"https:\/\/indie.rent\/catalogue\/wp-json\/wp\/v2\/media?parent=423"}],"wp:term":[{"taxonomy":"product_brand","embeddable":true,"href":"https:\/\/indie.rent\/catalogue\/wp-json\/wp\/v2\/product_brand?post=423"},{"taxonomy":"product_cat","embeddable":true,"href":"https:\/\/indie.rent\/catalogue\/wp-json\/wp\/v2\/product_cat?post=423"},{"taxonomy":"product_tag","embeddable":true,"href":"https:\/\/indie.rent\/catalogue\/wp-json\/wp\/v2\/product_tag?post=423"}],"curies":[{"name":"wp","href":"https:\/\/api.w.org\/{rel}","templated":true}]}}