{"id":422,"date":"2025-01-08T17:33:03","date_gmt":"2025-01-08T16:33:03","guid":{"rendered":"https:\/\/indie.rent\/catalogue\/produit\/zoom-angenieux-type-ez-1-pl-full-frame-45-135mm-t3-s35-30-90mm-t2-o-114mm\/"},"modified":"2026-04-05T00:15:02","modified_gmt":"2026-04-04T22:15:02","slug":"zoom-angenieux-type-ez-1-pl-ff-45-135mm-t3-s35-30-90mm-t2-o114mm","status":"publish","type":"product","link":"https:\/\/indie.rent\/catalogue\/produit\/zoom-angenieux-type-ez-1-pl-ff-45-135mm-t3-s35-30-90mm-t2-o114mm\/","title":{"rendered":"Zoom Ang\u00e9nieux Type EZ-1 PL  FF : 45-135mm &#8211; T3 \/ S35 : 30-90mm &#8211; T2  &#8211; \u00f8114mm"},"content":{"rendered":"<p>Zoom EZ1<\/p>\n<p>L&#8217;optique Ang\u00e9nieux Type EZ 1 est un zoom standard avec un ratio de zoom de 3x. Sa longueur focale est de 45-135mm et il a une ouverture de F2.8 \/ T3. L&#8217;EZ-1 Full Frame a un cercle images de 46mm de diam\u00e8tre.<\/p>\n<p>Caract\u00e9ristiques principales :<br \/>&#8211; L\u00e9ger 2,070g,<br \/>&#8211; Mise au point et zoom interne: la taille de l&#8217;objectif reste constante tout au long du zoom et sur toute la plage de mise au point,<br \/>&#8211; Con\u00e7u pour compenser les variations thermique: ce qui r\u00e9duit consid\u00e9rablement la n\u00e9cessit\u00e9 de recalibrer l&#8217;optique,<br \/>&#8211; Bague de mise au point pr\u00e9cise et ergonomique avec rotation de 300 degr\u00e9s,<br \/>&#8211; Marquage luminescent: lecture facile dans le noir.<\/p>\n","protected":false},"excerpt":{"rendered":"<p>Zoom EZ1 L&#8217;optique Ang\u00e9nieux Type EZ 1 est un zoom standard avec un ratio de zoom de 3x. Sa longueur focale est de 45-135mm et il a une ouverture de F2.8 \/ T3. L&#8217;EZ-1 Full Frame a un cercle images de 46mm de diam\u00e8tre. Caract\u00e9ristiques principales :&#8211; L\u00e9ger 2,070g,&#8211; Mise au point et zoom interne: [&hellip;]<\/p>\n","protected":false},"featured_media":2178,"template":"","meta":{"inline_featured_image":false},"product_brand":[],"product_cat":[1921],"product_tag":[],"class_list":{"0":"post-422","1":"product","2":"type-product","3":"status-publish","4":"has-post-thumbnail","6":"product_cat-zoom-spherique-pl","8":"first","9":"instock","10":"taxable","11":"shipping-taxable","12":"purchasable","13":"product-type-rentable"},"acf":[],"_links":{"self":[{"href":"https:\/\/indie.rent\/catalogue\/wp-json\/wp\/v2\/product\/422","targetHints":{"allow":["GET"]}}],"collection":[{"href":"https:\/\/indie.rent\/catalogue\/wp-json\/wp\/v2\/product"}],"about":[{"href":"https:\/\/indie.rent\/catalogue\/wp-json\/wp\/v2\/types\/product"}],"version-history":[{"count":2,"href":"https:\/\/indie.rent\/catalogue\/wp-json\/wp\/v2\/product\/422\/revisions"}],"predecessor-version":[{"id":6579,"href":"https:\/\/indie.rent\/catalogue\/wp-json\/wp\/v2\/product\/422\/revisions\/6579"}],"wp:featuredmedia":[{"embeddable":true,"href":"https:\/\/indie.rent\/catalogue\/wp-json\/wp\/v2\/media\/2178"}],"wp:attachment":[{"href":"https:\/\/indie.rent\/catalogue\/wp-json\/wp\/v2\/media?parent=422"}],"wp:term":[{"taxonomy":"product_brand","embeddable":true,"href":"https:\/\/indie.rent\/catalogue\/wp-json\/wp\/v2\/product_brand?post=422"},{"taxonomy":"product_cat","embeddable":true,"href":"https:\/\/indie.rent\/catalogue\/wp-json\/wp\/v2\/product_cat?post=422"},{"taxonomy":"product_tag","embeddable":true,"href":"https:\/\/indie.rent\/catalogue\/wp-json\/wp\/v2\/product_tag?post=422"}],"curies":[{"name":"wp","href":"https:\/\/api.w.org\/{rel}","templated":true}]}}