{"id":421,"date":"2025-01-08T17:33:03","date_gmt":"2025-01-08T16:33:03","guid":{"rendered":"https:\/\/indie.rent\/catalogue\/produit\/zoom-angenieux-type-ez-2-pl-full-frame-22-60mm-t3-s35-15-40mm-t2-o114mm\/"},"modified":"2026-04-05T00:15:00","modified_gmt":"2026-04-04T22:15:00","slug":"zoom-angenieux-type-ez-2-pl-ff-22-60mm-t3-s35-15-40mm-t2-o114mm","status":"publish","type":"product","link":"https:\/\/indie.rent\/catalogue\/produit\/zoom-angenieux-type-ez-2-pl-ff-22-60mm-t3-s35-15-40mm-t2-o114mm\/","title":{"rendered":"Zoom Ang\u00e9nieux Type EZ-2 PL   FF : 22-60mm &#8211; T3  \/ S35 : 15-40mm &#8211; T2 &#8211; \u00f8114mm"},"content":{"rendered":"<p>Zoom 22-60mm<\/p>\n<p>L&#8217;optique Ang\u00e9nieux EZ 2 est un zoom standard avec un ratio de zoom de 2.7x. Sa longueur focale est de 22-60mm et il a une ouverture de F2.8 \/ T3. L&#8217;EZ-2 Full Frame a un cercle images de 46mm de diam\u00e8tre.<\/p>\n<p>Caract\u00e9ristiques principales :<br \/>&#8211; L\u00e9ger 2,050 g,<br \/>&#8211; Tr\u00e8s grande couverture avec une distorsion minimale,<br \/>&#8211; Monture PL,<br \/>&#8211; L&#8217;objectif inclus une compensation thermique: cela r\u00e9duit consid\u00e9rablement les d\u00e9fauts optique du \u00e0 la temp\u00e9rature,<br \/>&#8211; Marquage luminescent: lecture facile dans le noir.<\/p>\n","protected":false},"excerpt":{"rendered":"<p>Zoom 22-60mm L&#8217;optique Ang\u00e9nieux EZ 2 est un zoom standard avec un ratio de zoom de 2.7x. Sa longueur focale est de 22-60mm et il a une ouverture de F2.8 \/ T3. L&#8217;EZ-2 Full Frame a un cercle images de 46mm de diam\u00e8tre. Caract\u00e9ristiques principales :&#8211; L\u00e9ger 2,050 g,&#8211; Tr\u00e8s grande couverture avec une distorsion [&hellip;]<\/p>\n","protected":false},"featured_media":2172,"template":"","meta":{"inline_featured_image":false},"product_brand":[],"product_cat":[1921],"product_tag":[],"class_list":{"0":"post-421","1":"product","2":"type-product","3":"status-publish","4":"has-post-thumbnail","6":"product_cat-zoom-spherique-pl","8":"first","9":"instock","10":"featured","11":"taxable","12":"shipping-taxable","13":"purchasable","14":"product-type-rentable"},"acf":[],"_links":{"self":[{"href":"https:\/\/indie.rent\/catalogue\/wp-json\/wp\/v2\/product\/421","targetHints":{"allow":["GET"]}}],"collection":[{"href":"https:\/\/indie.rent\/catalogue\/wp-json\/wp\/v2\/product"}],"about":[{"href":"https:\/\/indie.rent\/catalogue\/wp-json\/wp\/v2\/types\/product"}],"version-history":[{"count":2,"href":"https:\/\/indie.rent\/catalogue\/wp-json\/wp\/v2\/product\/421\/revisions"}],"predecessor-version":[{"id":6578,"href":"https:\/\/indie.rent\/catalogue\/wp-json\/wp\/v2\/product\/421\/revisions\/6578"}],"wp:featuredmedia":[{"embeddable":true,"href":"https:\/\/indie.rent\/catalogue\/wp-json\/wp\/v2\/media\/2172"}],"wp:attachment":[{"href":"https:\/\/indie.rent\/catalogue\/wp-json\/wp\/v2\/media?parent=421"}],"wp:term":[{"taxonomy":"product_brand","embeddable":true,"href":"https:\/\/indie.rent\/catalogue\/wp-json\/wp\/v2\/product_brand?post=421"},{"taxonomy":"product_cat","embeddable":true,"href":"https:\/\/indie.rent\/catalogue\/wp-json\/wp\/v2\/product_cat?post=421"},{"taxonomy":"product_tag","embeddable":true,"href":"https:\/\/indie.rent\/catalogue\/wp-json\/wp\/v2\/product_tag?post=421"}],"curies":[{"name":"wp","href":"https:\/\/api.w.org\/{rel}","templated":true}]}}