{"id":419,"date":"2025-01-08T17:33:02","date_gmt":"2025-01-08T16:33:02","guid":{"rendered":"https:\/\/indie.rent\/catalogue\/produit\/serie-de-5-optiques-cine-prime-cn-e\/"},"modified":"2026-04-24T15:24:53","modified_gmt":"2026-04-24T13:24:53","slug":"serie-de-5-optiques-canon-prime-cn-e-ef-ff-o114-24-35-50-85-135","status":"publish","type":"product","link":"https:\/\/indie.rent\/catalogue\/produit\/serie-de-5-optiques-canon-prime-cn-e-ef-ff-o114-24-35-50-85-135\/","title":{"rendered":"S\u00e9rie de 5 Optiques Canon Prime CN-E EF &#8211; FF &#8211; \u00d8114 (24-35-50-85-135)"},"content":{"rendered":"<p>Les optiques Canon CN-E Prime en monture Canon EF version plein format couvrent des capteurs Full Frame, offrant une grande flexibilit\u00e9 sur le plateau de tournage. Elles proposent des ouvertures lumineuses (jusqu\u2019\u00e0 T1.3 selon les focales) et un rendu homog\u00e8ne en termes de contraste, nettet\u00e9 et colorim\u00e9trie.<\/p>\n<p>Con\u00e7ues pour un usage cin\u00e9ma, elles disposent de bagues crant\u00e9es au pas 0.8 avec des longues courses et d\u2019un diaphragme d\u00e9cliqu\u00e9 pour un contr\u00f4le pr\u00e9cis et fluide.<\/p>\n<p>Leur construction robuste garantit une grande fiabilit\u00e9 en tournage intensif. Elles sont particuli\u00e8rement appr\u00e9ci\u00e9es pour leur rendu naturel et leur compatibilit\u00e9 avec de nombreuses cam\u00e9ras cin\u00e9ma en monture EF plein format.<\/p>\n","protected":false},"excerpt":{"rendered":"<p>Les optiques Canon CN-E Prime en monture Canon EF version plein format couvrent des capteurs Full Frame, offrant une grande flexibilit\u00e9 sur le plateau de tournage. Elles proposent des ouvertures lumineuses (jusqu\u2019\u00e0 T1.3 selon les focales) et un rendu homog\u00e8ne en termes de contraste, nettet\u00e9 et colorim\u00e9trie. Con\u00e7ues pour un usage cin\u00e9ma, elles disposent de [&hellip;]<\/p>\n","protected":false},"featured_media":1915,"template":"","meta":{"inline_featured_image":false},"product_brand":[],"product_cat":[1926],"product_tag":[],"class_list":{"0":"post-419","1":"product","2":"type-product","3":"status-publish","4":"has-post-thumbnail","6":"product_cat-optique-spherique-ef","8":"first","9":"instock","10":"taxable","11":"shipping-taxable","12":"purchasable","13":"product-type-rentable"},"acf":[],"_links":{"self":[{"href":"https:\/\/indie.rent\/catalogue\/wp-json\/wp\/v2\/product\/419","targetHints":{"allow":["GET"]}}],"collection":[{"href":"https:\/\/indie.rent\/catalogue\/wp-json\/wp\/v2\/product"}],"about":[{"href":"https:\/\/indie.rent\/catalogue\/wp-json\/wp\/v2\/types\/product"}],"version-history":[{"count":1,"href":"https:\/\/indie.rent\/catalogue\/wp-json\/wp\/v2\/product\/419\/revisions"}],"predecessor-version":[{"id":7341,"href":"https:\/\/indie.rent\/catalogue\/wp-json\/wp\/v2\/product\/419\/revisions\/7341"}],"wp:featuredmedia":[{"embeddable":true,"href":"https:\/\/indie.rent\/catalogue\/wp-json\/wp\/v2\/media\/1915"}],"wp:attachment":[{"href":"https:\/\/indie.rent\/catalogue\/wp-json\/wp\/v2\/media?parent=419"}],"wp:term":[{"taxonomy":"product_brand","embeddable":true,"href":"https:\/\/indie.rent\/catalogue\/wp-json\/wp\/v2\/product_brand?post=419"},{"taxonomy":"product_cat","embeddable":true,"href":"https:\/\/indie.rent\/catalogue\/wp-json\/wp\/v2\/product_cat?post=419"},{"taxonomy":"product_tag","embeddable":true,"href":"https:\/\/indie.rent\/catalogue\/wp-json\/wp\/v2\/product_tag?post=419"}],"curies":[{"name":"wp","href":"https:\/\/api.w.org\/{rel}","templated":true}]}}