{"id":4188,"date":"2025-06-12T14:24:44","date_gmt":"2025-06-12T12:24:44","guid":{"rendered":"https:\/\/indie.rent\/catalogue\/produit\/clap-cinema-blanc-petit-modele\/"},"modified":"2026-04-04T00:15:46","modified_gmt":"2026-04-03T22:15:46","slug":"clap-cinema-blanc-petit-modele","status":"publish","type":"product","link":"https:\/\/indie.rent\/catalogue\/produit\/clap-cinema-blanc-petit-modele\/","title":{"rendered":"Clap Cin\u00e9ma Blanc Petit Mod\u00e8le"},"content":{"rendered":"<p>Clap Cin\u00e9ma Blanc<\/p>\n","protected":false},"excerpt":{"rendered":"<p>Clap Cin\u00e9ma Blanc<\/p>\n","protected":false},"featured_media":4237,"template":"","meta":{"inline_featured_image":false},"product_brand":[],"product_cat":[2235],"product_tag":[],"class_list":{"0":"post-4188","1":"product","2":"type-product","3":"status-publish","4":"has-post-thumbnail","6":"product_cat-claps","8":"first","9":"instock","10":"taxable","11":"shipping-taxable","12":"purchasable","13":"product-type-simple"},"acf":[],"_links":{"self":[{"href":"https:\/\/indie.rent\/catalogue\/wp-json\/wp\/v2\/product\/4188","targetHints":{"allow":["GET"]}}],"collection":[{"href":"https:\/\/indie.rent\/catalogue\/wp-json\/wp\/v2\/product"}],"about":[{"href":"https:\/\/indie.rent\/catalogue\/wp-json\/wp\/v2\/types\/product"}],"version-history":[{"count":0,"href":"https:\/\/indie.rent\/catalogue\/wp-json\/wp\/v2\/product\/4188\/revisions"}],"wp:featuredmedia":[{"embeddable":true,"href":"https:\/\/indie.rent\/catalogue\/wp-json\/wp\/v2\/media\/4237"}],"wp:attachment":[{"href":"https:\/\/indie.rent\/catalogue\/wp-json\/wp\/v2\/media?parent=4188"}],"wp:term":[{"taxonomy":"product_brand","embeddable":true,"href":"https:\/\/indie.rent\/catalogue\/wp-json\/wp\/v2\/product_brand?post=4188"},{"taxonomy":"product_cat","embeddable":true,"href":"https:\/\/indie.rent\/catalogue\/wp-json\/wp\/v2\/product_cat?post=4188"},{"taxonomy":"product_tag","embeddable":true,"href":"https:\/\/indie.rent\/catalogue\/wp-json\/wp\/v2\/product_tag?post=4188"}],"curies":[{"name":"wp","href":"https:\/\/api.w.org\/{rel}","templated":true}]}}