{"id":4187,"date":"2025-06-12T14:24:36","date_gmt":"2025-06-12T12:24:36","guid":{"rendered":"https:\/\/indie.rent\/catalogue\/produit\/cle-pour-armoire-de-manoeuvre-et-systemes-de-fermeture-standard\/"},"modified":"2026-04-16T18:05:18","modified_gmt":"2026-04-16T16:05:18","slug":"cle-pour-armoire-de-manoeuvre-et-systemes-de-fermeture-standard","status":"publish","type":"product","link":"https:\/\/indie.rent\/catalogue\/produit\/cle-pour-armoire-de-manoeuvre-et-systemes-de-fermeture-standard\/","title":{"rendered":"Cl\u00e9 pour Armoire de Manoeuvre et Syst\u00e8mes de Fermeture Standard"},"content":{"rendered":"<p>Cl\u00e9 pour Armoire de Manoeuvre et Syst\u00e8mes de Fermeture Standard<\/p>\n","protected":false},"excerpt":{"rendered":"<p>Cl\u00e9 pour Armoire de Manoeuvre et Syst\u00e8mes de Fermeture Standard<\/p>\n","protected":false},"featured_media":4261,"template":"","meta":{"inline_featured_image":false},"product_brand":[],"product_cat":[2239],"product_tag":[],"class_list":{"0":"post-4187","1":"product","2":"type-product","3":"status-publish","4":"has-post-thumbnail","6":"product_cat-outillages","8":"first","9":"outofstock","10":"taxable","11":"shipping-taxable","12":"purchasable","13":"product-type-simple"},"acf":[],"_links":{"self":[{"href":"https:\/\/indie.rent\/catalogue\/wp-json\/wp\/v2\/product\/4187","targetHints":{"allow":["GET"]}}],"collection":[{"href":"https:\/\/indie.rent\/catalogue\/wp-json\/wp\/v2\/product"}],"about":[{"href":"https:\/\/indie.rent\/catalogue\/wp-json\/wp\/v2\/types\/product"}],"version-history":[{"count":0,"href":"https:\/\/indie.rent\/catalogue\/wp-json\/wp\/v2\/product\/4187\/revisions"}],"wp:featuredmedia":[{"embeddable":true,"href":"https:\/\/indie.rent\/catalogue\/wp-json\/wp\/v2\/media\/4261"}],"wp:attachment":[{"href":"https:\/\/indie.rent\/catalogue\/wp-json\/wp\/v2\/media?parent=4187"}],"wp:term":[{"taxonomy":"product_brand","embeddable":true,"href":"https:\/\/indie.rent\/catalogue\/wp-json\/wp\/v2\/product_brand?post=4187"},{"taxonomy":"product_cat","embeddable":true,"href":"https:\/\/indie.rent\/catalogue\/wp-json\/wp\/v2\/product_cat?post=4187"},{"taxonomy":"product_tag","embeddable":true,"href":"https:\/\/indie.rent\/catalogue\/wp-json\/wp\/v2\/product_tag?post=4187"}],"curies":[{"name":"wp","href":"https:\/\/api.w.org\/{rel}","templated":true}]}}