{"id":4185,"date":"2025-06-12T14:24:35","date_gmt":"2025-06-12T12:24:35","guid":{"rendered":"https:\/\/indie.rent\/catalogue\/produit\/rouleau-de-cinefoil-noir-60cm-x-7-6m\/"},"modified":"2026-04-16T17:17:04","modified_gmt":"2026-04-16T15:17:04","slug":"rouleau-de-cinefoil-noir-60cm-x-7-6m","status":"publish","type":"product","link":"https:\/\/indie.rent\/catalogue\/produit\/rouleau-de-cinefoil-noir-60cm-x-7-6m\/","title":{"rendered":"Rouleau de Cin\u00e9foil Noir 60cm x 7.6m"},"content":{"rendered":"<p>Le CINEFOIL est un mat\u00e9riau anti-reflet tr\u00e8s utile pour le travail de la lumi\u00e8re. En aluminium noir mat, le CIN\u00c9FOIL absorbe presque totalement la lumi\u00e8re. Id\u00e9al pour masquer les fuites de lumi\u00e8re ou \u00e9liminer les r\u00e9flexions ind\u00e9sirables, il peut \u00eatre facilement model\u00e9 pour confectionner des volets, drapeaux et autres masques. Il peut \u00e9galement \u00eatre mis en place avec des bandes adh\u00e9sives, agrafes ou pinces.<\/p>\n","protected":false},"excerpt":{"rendered":"<p>Le CINEFOIL est un mat\u00e9riau anti-reflet tr\u00e8s utile pour le travail de la lumi\u00e8re. En aluminium noir mat, le CIN\u00c9FOIL absorbe presque totalement la lumi\u00e8re. Id\u00e9al pour masquer les fuites de lumi\u00e8re ou \u00e9liminer les r\u00e9flexions ind\u00e9sirables, il peut \u00eatre facilement model\u00e9 pour confectionner des volets, drapeaux et autres masques. Il peut \u00e9galement \u00eatre mis [&hellip;]<\/p>\n","protected":false},"featured_media":4210,"template":"","meta":{"inline_featured_image":false},"product_brand":[],"product_cat":[2230],"product_tag":[],"class_list":{"0":"post-4185","1":"product","2":"type-product","3":"status-publish","4":"has-post-thumbnail","6":"product_cat-gelatines-et-poly","8":"first","9":"instock","10":"taxable","11":"shipping-taxable","12":"purchasable","13":"product-type-simple"},"acf":[],"_links":{"self":[{"href":"https:\/\/indie.rent\/catalogue\/wp-json\/wp\/v2\/product\/4185","targetHints":{"allow":["GET"]}}],"collection":[{"href":"https:\/\/indie.rent\/catalogue\/wp-json\/wp\/v2\/product"}],"about":[{"href":"https:\/\/indie.rent\/catalogue\/wp-json\/wp\/v2\/types\/product"}],"version-history":[{"count":0,"href":"https:\/\/indie.rent\/catalogue\/wp-json\/wp\/v2\/product\/4185\/revisions"}],"wp:featuredmedia":[{"embeddable":true,"href":"https:\/\/indie.rent\/catalogue\/wp-json\/wp\/v2\/media\/4210"}],"wp:attachment":[{"href":"https:\/\/indie.rent\/catalogue\/wp-json\/wp\/v2\/media?parent=4185"}],"wp:term":[{"taxonomy":"product_brand","embeddable":true,"href":"https:\/\/indie.rent\/catalogue\/wp-json\/wp\/v2\/product_brand?post=4185"},{"taxonomy":"product_cat","embeddable":true,"href":"https:\/\/indie.rent\/catalogue\/wp-json\/wp\/v2\/product_cat?post=4185"},{"taxonomy":"product_tag","embeddable":true,"href":"https:\/\/indie.rent\/catalogue\/wp-json\/wp\/v2\/product_tag?post=4185"}],"curies":[{"name":"wp","href":"https:\/\/api.w.org\/{rel}","templated":true}]}}