{"id":418,"date":"2025-01-08T17:33:02","date_gmt":"2025-01-08T16:33:02","guid":{"rendered":"https:\/\/indie.rent\/catalogue\/produit\/camera-sony-pxw-fx9\/"},"modified":"2026-04-16T13:30:53","modified_gmt":"2026-04-16T11:30:53","slug":"camera-sony-pxw-fx9","status":"publish","type":"product","link":"https:\/\/indie.rent\/catalogue\/produit\/camera-sony-pxw-fx9\/","title":{"rendered":"Cam\u00e9ra Sony PXW &#8211; FX9"},"content":{"rendered":"<p>La cam\u00e9ra Sony PXW-FX9 poss\u00e8de un capteur plein format 6K, un Auto Focus hybride rapide, un double ISO natif (800 \/ 4000) et la nouvelle technologie de couleurs S-Cinetone.<\/p>\n<p>Sa plage dynamique de 15+ stops et le dual ISO pr\u00e9servent les couleurs et le contraste pour offrir un rendu naturel.<\/p>\n<p>Son capteur 6K Full Frame \u00ab Exmor R\u00bb produit des images sur\u00e9chantillon\u00e9es pour une r\u00e9slolution d&#8217;enregistrement maximale en 4K DCI ( 4096 x 2160 &#8211; 17:9) et 4K ultra HD (3840 x 2160 &#8211; 16:9).<\/p>\n<p>Principales caract\u00e9ristiques:<\/p>\n<p>&#8211; Capteur: Plein Format Exmor R CMOS (35.7mm x 18.8mm &#8211; \u00f8 40.35mm)<br \/>&#8211; Dynamique: 15+ stops<br \/>&#8211; Monture de base: Sony E<br \/>&#8211; Autofocus: AF Hybrid rapide avec d\u00e9tection de phase et de contraste<br \/>&#8211; Filtres optiques int\u00e9gr\u00e9s: Filtre \u00e0 densit\u00e9 neutre variable lin\u00e9aire (0.6 \u00e0 2.1)<br \/>&#8211; Sensibilit\u00e9: Double ISO natif 800\/4000<br \/>&#8211; M\u00e9dias: 2x Slot pour carte XQD \/ 1x Slot pour carte SD (R\u00e9glages et Proxy)<br \/>&#8211; R\u00e9solution d&#8217;enregistrement Max. : 4K DCI (4096 x 2160) et 4K ultra HD (3840 x 2160)<br \/>&#8211; Vitesse maximale d&#8217;enregistrement (images\/seconde): 60@4K \/ 180@2K<br \/>&#8211; Codec d&#8217;enregistrement interne: XAVC-I\/L 4:2:2 10-Bit<br \/>&#8211; RAW externe Uniquement avec l&#8217;unit\u00e9 XDCA-FX9: 16-Bit 3840 x 2160 \/ 2048 x 1080 en sortie SDI<br \/>&#8211; Formats anamorphiques : 2x , 1.3x (en sortie Viewfinder uniquement)<br \/>&#8211; Sorties vid\u00e9o : 2x HD-SDI \/ 1x HDMI Type A \/ 1x Sortie viewfinder<br \/>&#8211; Timecode : 1x BNC TC IN\/OUT<br \/>&#8211; Audio : 2x entr\u00e9es XLR 3 broches (48V), 1x Sortie casque Mini-jack 3.5mm<br \/>&#8211; Entr\u00e9e DC: 1x Jack M\u00e2le (18 V \u00e0 20,5 V)<br \/>&#8211; Sortie DC: Non<br \/>&#8211; Batterie : Sony BP-U \/ V-mount<br \/>&#8211; Consommation: 35.2 W ( en enregistrement XAVC-I Ultra HD 59.94p, Optique SELP28135G , Viewfinder allum\u00e9, aucun accessoire externe)<br \/>&#8211; Autonomie de batterie: Environ 54 min avec batterie BP-U35 \/ 140 min avec BP-U100 \/ V-mount 98Wh<br \/>&#8211; Temp\u00e9rature de fonctionnement: De 0 \u00b0C \u00e0 40 \u00b0C<br \/>&#8211; Temp\u00e9rature de stockage: De -20\u00b0C \u00e0 +60\u00b0C<br \/>&#8211; Poids: 2,3 Kg (corps cam\u00e9ra nu avec poign\u00e9e haute)<\/p>\n","protected":false},"excerpt":{"rendered":"<p>La cam\u00e9ra Sony PXW-FX9 poss\u00e8de un capteur plein format 6K, un Auto Focus hybride rapide, un double ISO natif (800 \/ 4000) et la nouvelle technologie de couleurs S-Cinetone. Sa plage dynamique de 15+ stops et le dual ISO pr\u00e9servent les couleurs et le contraste pour offrir un rendu naturel. Son capteur 6K Full Frame [&hellip;]<\/p>\n","protected":false},"featured_media":2190,"template":"","meta":{"inline_featured_image":false},"product_brand":[],"product_cat":[1913],"product_tag":[],"class_list":{"0":"post-418","1":"product","2":"type-product","3":"status-publish","4":"has-post-thumbnail","6":"product_cat-camera-sony","8":"first","9":"instock","10":"taxable","11":"shipping-taxable","12":"purchasable","13":"product-type-rentable"},"acf":[],"_links":{"self":[{"href":"https:\/\/indie.rent\/catalogue\/wp-json\/wp\/v2\/product\/418","targetHints":{"allow":["GET"]}}],"collection":[{"href":"https:\/\/indie.rent\/catalogue\/wp-json\/wp\/v2\/product"}],"about":[{"href":"https:\/\/indie.rent\/catalogue\/wp-json\/wp\/v2\/types\/product"}],"version-history":[{"count":0,"href":"https:\/\/indie.rent\/catalogue\/wp-json\/wp\/v2\/product\/418\/revisions"}],"wp:featuredmedia":[{"embeddable":true,"href":"https:\/\/indie.rent\/catalogue\/wp-json\/wp\/v2\/media\/2190"}],"wp:attachment":[{"href":"https:\/\/indie.rent\/catalogue\/wp-json\/wp\/v2\/media?parent=418"}],"wp:term":[{"taxonomy":"product_brand","embeddable":true,"href":"https:\/\/indie.rent\/catalogue\/wp-json\/wp\/v2\/product_brand?post=418"},{"taxonomy":"product_cat","embeddable":true,"href":"https:\/\/indie.rent\/catalogue\/wp-json\/wp\/v2\/product_cat?post=418"},{"taxonomy":"product_tag","embeddable":true,"href":"https:\/\/indie.rent\/catalogue\/wp-json\/wp\/v2\/product_tag?post=418"}],"curies":[{"name":"wp","href":"https:\/\/api.w.org\/{rel}","templated":true}]}}