{"id":417,"date":"2025-01-08T17:33:00","date_gmt":"2025-01-08T16:33:00","guid":{"rendered":"https:\/\/indie.rent\/catalogue\/produit\/serie-de-7-optiques-canon-fd\/"},"modified":"2026-04-30T17:04:20","modified_gmt":"2026-04-30T15:04:20","slug":"serie-de-7-optiques-canon-fd-ef-rf-e-ff-o80-mm-24-28-35-50-55-100-135","status":"publish","type":"product","link":"https:\/\/indie.rent\/catalogue\/produit\/serie-de-7-optiques-canon-fd-ef-rf-e-ff-o80-mm-24-28-35-50-55-100-135\/","title":{"rendered":"S\u00e9rie de 7 Optiques Canon FD &#8211; EF\/RF\/E &#8211; FF &#8211; \u00d880 mm (24-28-35-50-55-100-135)"},"content":{"rendered":"<p>Les optiques Canon FD sont des objectifs vintage r\u00e9put\u00e9s pour leur rendu doux, leurs couleurs chaudes et leur caract\u00e8re optique unique. Con\u00e7ues \u00e0 l\u2019origine pour la photographie argentique, elles offrent une construction m\u00e9canique robuste et enti\u00e8rement manuelle.<\/p>\n<p>Leur mise au point est fluide et progressive, appr\u00e9ci\u00e9e en usage vid\u00e9o apr\u00e8s adaptation avec des bagues d&#8217;engrenage au pas 0.8. Cependant, le diaphragme de cette s\u00e9rie n\u2019est pas d\u00e9cliqu\u00e9, ce qui limite les transitions d\u2019exposition fluides en tournage.<\/p>\n<p>Compatibles via des bagues d\u2019adaptation avec les montures E &amp; RF, elles restent tr\u00e8s pris\u00e9es pour leur esth\u00e9tique cin\u00e9matographique.<\/p>\n<p>Les optiques de cette s\u00e9rie Canon FD que nous proposons sont partiellement \u201cCin\u00e9mod\u00e9es\u201d avec une bague de point interchangeable en pas 0.8, le diaphragme n&#8217;est pas \u201cD\u00e9click\u00e9\u201d mais les frontales sont uniformes avec un diam\u00e8tre externe de 80mm et le diam\u00e8tre du filtetage frontale de 77mm.<\/p>\n","protected":false},"excerpt":{"rendered":"<p>Les optiques Canon FD sont des objectifs vintage r\u00e9put\u00e9s pour leur rendu doux, leurs couleurs chaudes et leur caract\u00e8re optique unique. Con\u00e7ues \u00e0 l\u2019origine pour la photographie argentique, elles offrent une construction m\u00e9canique robuste et enti\u00e8rement manuelle. Leur mise au point est fluide et progressive, appr\u00e9ci\u00e9e en usage vid\u00e9o apr\u00e8s adaptation avec des bagues d&#8217;engrenage [&hellip;]<\/p>\n","protected":false},"featured_media":2496,"template":"","meta":{"inline_featured_image":false},"product_brand":[],"product_cat":[1926],"product_tag":[],"class_list":{"0":"post-417","1":"product","2":"type-product","3":"status-publish","4":"has-post-thumbnail","6":"product_cat-optique-spherique-ef","8":"first","9":"instock","10":"taxable","11":"shipping-taxable","12":"purchasable","13":"product-type-rentable"},"acf":[],"_links":{"self":[{"href":"https:\/\/indie.rent\/catalogue\/wp-json\/wp\/v2\/product\/417","targetHints":{"allow":["GET"]}}],"collection":[{"href":"https:\/\/indie.rent\/catalogue\/wp-json\/wp\/v2\/product"}],"about":[{"href":"https:\/\/indie.rent\/catalogue\/wp-json\/wp\/v2\/types\/product"}],"version-history":[{"count":3,"href":"https:\/\/indie.rent\/catalogue\/wp-json\/wp\/v2\/product\/417\/revisions"}],"predecessor-version":[{"id":7310,"href":"https:\/\/indie.rent\/catalogue\/wp-json\/wp\/v2\/product\/417\/revisions\/7310"}],"wp:featuredmedia":[{"embeddable":true,"href":"https:\/\/indie.rent\/catalogue\/wp-json\/wp\/v2\/media\/2496"}],"wp:attachment":[{"href":"https:\/\/indie.rent\/catalogue\/wp-json\/wp\/v2\/media?parent=417"}],"wp:term":[{"taxonomy":"product_brand","embeddable":true,"href":"https:\/\/indie.rent\/catalogue\/wp-json\/wp\/v2\/product_brand?post=417"},{"taxonomy":"product_cat","embeddable":true,"href":"https:\/\/indie.rent\/catalogue\/wp-json\/wp\/v2\/product_cat?post=417"},{"taxonomy":"product_tag","embeddable":true,"href":"https:\/\/indie.rent\/catalogue\/wp-json\/wp\/v2\/product_tag?post=417"}],"curies":[{"name":"wp","href":"https:\/\/api.w.org\/{rel}","templated":true}]}}