{"id":416,"date":"2025-01-08T17:33:00","date_gmt":"2025-01-08T16:33:00","guid":{"rendered":"https:\/\/indie.rent\/catalogue\/produit\/camera-sony-fx6-pxw-fx6v\/"},"modified":"2026-04-16T18:34:14","modified_gmt":"2026-04-16T16:34:14","slug":"camera-sony-fx6-pxw-fx6v","status":"publish","type":"product","link":"https:\/\/indie.rent\/catalogue\/produit\/camera-sony-fx6-pxw-fx6v\/","title":{"rendered":"Cam\u00e9ra Sony FX6 (PXW-FX6V)"},"content":{"rendered":"<p>PXW-FX6<\/p>\n<p>\u00a0<\/p>\n<p>La cam\u00e9ra Sony FX6 est \u00e9quip\u00e9e d\u2019un capteur plein format CMOS Exmor R 10,2 MP (35,6 \u00d7 18,8 mm \u2013 \u2300 43,3 mm) avec une plage dynamique d\u2019environ 15 stops.<br \/>Elle utilise une monture Sony E et propose un autofocus hybride \u00e0 d\u00e9tection de phase avec 627 points couvrant environ 89 % du champ.<br \/>L\u2019enregistrement interne se fait en XAVC-I, XAVC-L ou XAVC HS, jusqu\u2019en 4K UHD 120p, sur cartes CFexpress Type A ou SDXC UHS-II.<br \/>Elle int\u00e8gre des filtres ND variables \u00e9lectroniques, dispose d\u2019entr\u00e9es audio XLR, sortie SDI et HDMI type A, et p\u00e8se environ 890 g (bo\u00eetier seul).<\/p>\n<p>Caract\u00e9ristique principales:<\/p>\n<p>&#8211; Capteur: Plein format CMOS Exmor R 10,2 MP (35,6 \u00d7 18,8 mm \u2013 \u2300 43,3 mm)<br \/>&#8211; Dynamique: Environ 15+ stops<br \/>&#8211; Monture de base: Sony E-mount<br \/>&#8211; Autofocus: Oui \u2013 Fast Hybrid AF, 627 points phase, couverture ~89 %<br \/>&#8211; Filtres ND int\u00e9gr\u00e9s: Variables \u00e9lectroniques (0.6 \u00e0 2.1)<br \/>&#8211; Sensibilit\u00e9: ISO natif double 800 \/ 12 800 (mode Cine EI)<br \/>&#8211; M\u00e9dias: 2x slots CFexpress Type A \/ SDXC UHS-II<br \/>&#8211; R\u00e9solution d\u2019enregistrement max.: 4K DCI 4096\u00d72160 <br \/>&#8211; Vitesse maximale d\u2019enregistrement (fps): 120 fps en 4K UHD \/ 240 fps en HD<br \/>&#8211; Codec d\u2019enregistrement interne: XAVC-I, XAVC-L, XAVC HS (H.265), MPEG HD<br \/>&#8211; RAW externe: Via la sortie SDI ou HDMI <br \/>&#8211; Formats anamorphiques: 2.0x , 1.5x , 1.3x (en sortie Viewfinder &amp; HDMI)<br \/>&#8211; Sorties vid\u00e9o: 1x HDMI type A \/ 1x SDI BNC 12G<br \/>&#8211; Timecode: 1x BNC In\/Out<br \/>&#8211; Audio: 2x entr\u00e9es XLR (via poign\u00e9e amovible), 1x micro interne Monaural, 1x mico interne st\u00e9r\u00e9o de la poign\u00e9e, 1x sortie casque 3,5 mm<br \/>&#8211; Entr\u00e9e DC: 1x Jack M\u00e2le (18 V \u00e0 20,5 V)<br \/>&#8211; Sortie DC: Non<br \/>&#8211; Batterie: S\u00e9rie Sony BP-U (BP-U35, U70, U100)<br \/>&#8211; Consommation: env. 18 W (enregistrement 4K, LCD allum\u00e9)<br \/>&#8211; Autonomie: ~105 min avec BP-U70 en 4K 30p<br \/>&#8211; Temp\u00e9rature de fonctionnement: 0 \u00b0C \u00e0 +40 \u00b0C<br \/>&#8211; Temp\u00e9rature de stockage: \u201320 \u00b0C \u00e0 +60 \u00b0C<br \/>&#8211; Poids: 890 g (bo\u00eetier nu), 1,96 kg (avec poign\u00e9e, viseur et batterie BP-U35)<\/p>\n","protected":false},"excerpt":{"rendered":"<p>PXW-FX6 \u00a0 La cam\u00e9ra Sony FX6 est \u00e9quip\u00e9e d\u2019un capteur plein format CMOS Exmor R 10,2 MP (35,6 \u00d7 18,8 mm \u2013 \u2300 43,3 mm) avec une plage dynamique d\u2019environ 15 stops.Elle utilise une monture Sony E et propose un autofocus hybride \u00e0 d\u00e9tection de phase avec 627 points couvrant environ 89 % du champ.L\u2019enregistrement [&hellip;]<\/p>\n","protected":false},"featured_media":2383,"template":"","meta":{"inline_featured_image":false},"product_brand":[],"product_cat":[1913],"product_tag":[],"class_list":{"0":"post-416","1":"product","2":"type-product","3":"status-publish","4":"has-post-thumbnail","6":"product_cat-camera-sony","8":"first","9":"instock","10":"featured","11":"taxable","12":"shipping-taxable","13":"purchasable","14":"product-type-rentable"},"acf":[],"_links":{"self":[{"href":"https:\/\/indie.rent\/catalogue\/wp-json\/wp\/v2\/product\/416","targetHints":{"allow":["GET"]}}],"collection":[{"href":"https:\/\/indie.rent\/catalogue\/wp-json\/wp\/v2\/product"}],"about":[{"href":"https:\/\/indie.rent\/catalogue\/wp-json\/wp\/v2\/types\/product"}],"version-history":[{"count":0,"href":"https:\/\/indie.rent\/catalogue\/wp-json\/wp\/v2\/product\/416\/revisions"}],"wp:featuredmedia":[{"embeddable":true,"href":"https:\/\/indie.rent\/catalogue\/wp-json\/wp\/v2\/media\/2383"}],"wp:attachment":[{"href":"https:\/\/indie.rent\/catalogue\/wp-json\/wp\/v2\/media?parent=416"}],"wp:term":[{"taxonomy":"product_brand","embeddable":true,"href":"https:\/\/indie.rent\/catalogue\/wp-json\/wp\/v2\/product_brand?post=416"},{"taxonomy":"product_cat","embeddable":true,"href":"https:\/\/indie.rent\/catalogue\/wp-json\/wp\/v2\/product_cat?post=416"},{"taxonomy":"product_tag","embeddable":true,"href":"https:\/\/indie.rent\/catalogue\/wp-json\/wp\/v2\/product_tag?post=416"}],"curies":[{"name":"wp","href":"https:\/\/api.w.org\/{rel}","templated":true}]}}