{"id":4138,"date":"2025-06-12T14:19:59","date_gmt":"2025-06-12T12:19:59","guid":{"rendered":"https:\/\/indie.rent\/catalogue\/produit\/t-shirt-team-regie-stanley-stella-2\/"},"modified":"2026-04-04T00:16:36","modified_gmt":"2026-04-03T22:16:36","slug":"t-shirt-team-regie-stanley-stella-2","status":"publish","type":"product","link":"https:\/\/indie.rent\/catalogue\/produit\/t-shirt-team-regie-stanley-stella-2\/","title":{"rendered":"T-Shirt TEAM R\u00c9GIE &#8211; STANLEY\/STELLA"},"content":{"rendered":"<p>INDIE vous propose sa nouvelle collection de T-shirt \u00e9co-responsable, moderne, et dans le respect des personnes et de la plan\u00e8te \u00e0 travers la marque de textile Stanley\/Stella !<br \/>Que votre coeur balance du c\u00f4t\u00e9 des Machino, Electro, R\u00e9gie ou Cam\u00e9ra, nous vous proposons au travers du design de Don Leon, d&#8217;afficher votre TEAM !<\/p>\n<p>Taille S, M, L<\/p>\n","protected":false},"excerpt":{"rendered":"<p>INDIE vous propose sa nouvelle collection de T-shirt \u00e9co-responsable, moderne, et dans le respect des personnes et de la plan\u00e8te \u00e0 travers la marque de textile Stanley\/Stella !Que votre coeur balance du c\u00f4t\u00e9 des Machino, Electro, R\u00e9gie ou Cam\u00e9ra, nous vous proposons au travers du design de Don Leon, d&#8217;afficher votre TEAM ! Taille S, [&hellip;]<\/p>\n","protected":false},"featured_media":4464,"template":"","meta":{"inline_featured_image":false},"product_brand":[],"product_cat":[2243],"product_tag":[],"class_list":{"0":"post-4138","1":"product","2":"type-product","3":"status-publish","4":"has-post-thumbnail","6":"product_cat-t-shirt-noir-stanley-stella","8":"first","9":"outofstock","10":"taxable","11":"shipping-taxable","12":"purchasable","13":"product-type-simple"},"acf":[],"_links":{"self":[{"href":"https:\/\/indie.rent\/catalogue\/wp-json\/wp\/v2\/product\/4138","targetHints":{"allow":["GET"]}}],"collection":[{"href":"https:\/\/indie.rent\/catalogue\/wp-json\/wp\/v2\/product"}],"about":[{"href":"https:\/\/indie.rent\/catalogue\/wp-json\/wp\/v2\/types\/product"}],"version-history":[{"count":0,"href":"https:\/\/indie.rent\/catalogue\/wp-json\/wp\/v2\/product\/4138\/revisions"}],"wp:featuredmedia":[{"embeddable":true,"href":"https:\/\/indie.rent\/catalogue\/wp-json\/wp\/v2\/media\/4464"}],"wp:attachment":[{"href":"https:\/\/indie.rent\/catalogue\/wp-json\/wp\/v2\/media?parent=4138"}],"wp:term":[{"taxonomy":"product_brand","embeddable":true,"href":"https:\/\/indie.rent\/catalogue\/wp-json\/wp\/v2\/product_brand?post=4138"},{"taxonomy":"product_cat","embeddable":true,"href":"https:\/\/indie.rent\/catalogue\/wp-json\/wp\/v2\/product_cat?post=4138"},{"taxonomy":"product_tag","embeddable":true,"href":"https:\/\/indie.rent\/catalogue\/wp-json\/wp\/v2\/product_tag?post=4138"}],"curies":[{"name":"wp","href":"https:\/\/api.w.org\/{rel}","templated":true}]}}