{"id":412,"date":"2025-01-08T17:32:53","date_gmt":"2025-01-08T16:32:53","guid":{"rendered":"https:\/\/indie.rent\/catalogue\/produit\/zoom-zeiss-lightweight-lwz-3-21-100mm-t2-9-3-9\/"},"modified":"2026-04-04T00:13:58","modified_gmt":"2026-04-03T22:13:58","slug":"zoom-zeiss-lwz-3-21-100mm-t2-9-3-9-pl-ef-s35-o114mm","status":"publish","type":"product","link":"https:\/\/indie.rent\/catalogue\/produit\/zoom-zeiss-lwz-3-21-100mm-t2-9-3-9-pl-ef-s35-o114mm\/","title":{"rendered":"Zoom Zeiss LWZ.3 21-100mm T2.9-3.9 &#8211;  PL\/EF &#8211; S35 &#8211; \u00f8114mm"},"content":{"rendered":"<p>Zoom Zeiss 21-100mm T2.9-3.9<\/p>\n<p>Parfaitement adapt\u00e9e pour les tournages dans diff\u00e9rentes configurations \u2013 sport, musique, documentaire \u2013 cette optique est optimis\u00e9e pour les cam\u00e9ras cin\u00e9ma ou DSLR et couvrira les capteurs jusqu&#8217;au Super 35 (\u2205 31.1mm).<\/p>\n<p>Caract\u00e9ristiques principales :<br \/>&#8211; Une conception compacte et l\u00e9g\u00e8re 2kg.<br \/>&#8211; Une large plage de focales du 21 au 100 mm.<br \/>&#8211; Un carrossage robuste et r\u00e9sistant aux \u00e9claboussures offrant suffisamment de libert\u00e9 m\u00eame dans des conditions de prise de vue difficiles.<br \/>&#8211; Disponible en monture PL ou EF (le changement se fait sur demande).<\/p>\n<p>\u00a0<\/p>\n","protected":false},"excerpt":{"rendered":"<p>Zoom Zeiss 21-100mm T2.9-3.9 Parfaitement adapt\u00e9e pour les tournages dans diff\u00e9rentes configurations \u2013 sport, musique, documentaire \u2013 cette optique est optimis\u00e9e pour les cam\u00e9ras cin\u00e9ma ou DSLR et couvrira les capteurs jusqu&#8217;au Super 35 (\u2205 31.1mm). Caract\u00e9ristiques principales :&#8211; Une conception compacte et l\u00e9g\u00e8re 2kg.&#8211; Une large plage de focales du 21 au 100 mm.&#8211; [&hellip;]<\/p>\n","protected":false},"featured_media":2030,"template":"","meta":{"inline_featured_image":false},"product_brand":[],"product_cat":[1921],"product_tag":[],"class_list":{"0":"post-412","1":"product","2":"type-product","3":"status-publish","4":"has-post-thumbnail","6":"product_cat-zoom-spherique-pl","8":"first","9":"instock","10":"taxable","11":"shipping-taxable","12":"purchasable","13":"product-type-rentable"},"acf":[],"_links":{"self":[{"href":"https:\/\/indie.rent\/catalogue\/wp-json\/wp\/v2\/product\/412","targetHints":{"allow":["GET"]}}],"collection":[{"href":"https:\/\/indie.rent\/catalogue\/wp-json\/wp\/v2\/product"}],"about":[{"href":"https:\/\/indie.rent\/catalogue\/wp-json\/wp\/v2\/types\/product"}],"version-history":[{"count":5,"href":"https:\/\/indie.rent\/catalogue\/wp-json\/wp\/v2\/product\/412\/revisions"}],"predecessor-version":[{"id":6577,"href":"https:\/\/indie.rent\/catalogue\/wp-json\/wp\/v2\/product\/412\/revisions\/6577"}],"wp:featuredmedia":[{"embeddable":true,"href":"https:\/\/indie.rent\/catalogue\/wp-json\/wp\/v2\/media\/2030"}],"wp:attachment":[{"href":"https:\/\/indie.rent\/catalogue\/wp-json\/wp\/v2\/media?parent=412"}],"wp:term":[{"taxonomy":"product_brand","embeddable":true,"href":"https:\/\/indie.rent\/catalogue\/wp-json\/wp\/v2\/product_brand?post=412"},{"taxonomy":"product_cat","embeddable":true,"href":"https:\/\/indie.rent\/catalogue\/wp-json\/wp\/v2\/product_cat?post=412"},{"taxonomy":"product_tag","embeddable":true,"href":"https:\/\/indie.rent\/catalogue\/wp-json\/wp\/v2\/product_tag?post=412"}],"curies":[{"name":"wp","href":"https:\/\/api.w.org\/{rel}","templated":true}]}}