{"id":410,"date":"2025-01-08T17:32:52","date_gmt":"2025-01-08T16:32:52","guid":{"rendered":"https:\/\/indie.rent\/catalogue\/produit\/compact-zoom-cine-lens-cn-e-15-5-47mm-t2-8\/"},"modified":"2026-04-04T00:13:47","modified_gmt":"2026-04-03T22:13:47","slug":"compact-zoom-cine-lens-cn-e-15-5-47mm-t2-8-ef-s35-o114","status":"publish","type":"product","link":"https:\/\/indie.rent\/catalogue\/produit\/compact-zoom-cine-lens-cn-e-15-5-47mm-t2-8-ef-s35-o114\/","title":{"rendered":"Compact Zoom Cine Lens CN-E 15.5-47mm  T2.8 &#8211; EF &#8211; S35 &#8211; \u00d8114"},"content":{"rendered":"<p>L&#8217; objectif zoom cin\u00e9ma grand angle CN-E 15,5-47 mm T2.8 LS Canon avec monture EF rejoint les rangs des autres objectifs Canon Cinema con\u00e7us pour r\u00e9pondre aux exigences de haute performance. Con\u00e7u pour fonctionner avec des appareils \u00e0 r\u00e9solution 4K, cet objectif d\u00e9passe les exigences de performances.<\/p>\n<p>Les marques de mise au point, de zoom et d&#8217;iris sont imprim\u00e9es sur des surfaces inclin\u00e9es, ce qui les rend plus faciles \u00e0 lire depuis l&#8217;arri\u00e8re de la cam\u00e9ra.<\/p>\n<p>Caract\u00e9ristiques principales :<br \/>&#8211; Marquage en Pieds, CF: 20,<br \/>&#8211; Flou doux et attrayant,<br \/>&#8211; Conception de mise au point interne,<br \/>&#8211; Conception optique avanc\u00e9e et grande lentille asph\u00e9rique.<\/p>\n","protected":false},"excerpt":{"rendered":"<p>L&#8217; objectif zoom cin\u00e9ma grand angle CN-E 15,5-47 mm T2.8 LS Canon avec monture EF rejoint les rangs des autres objectifs Canon Cinema con\u00e7us pour r\u00e9pondre aux exigences de haute performance. Con\u00e7u pour fonctionner avec des appareils \u00e0 r\u00e9solution 4K, cet objectif d\u00e9passe les exigences de performances. Les marques de mise au point, de zoom [&hellip;]<\/p>\n","protected":false},"featured_media":1975,"template":"","meta":{"inline_featured_image":false},"product_brand":[],"product_cat":[1928],"product_tag":[],"class_list":{"0":"post-410","1":"product","2":"type-product","3":"status-publish","4":"has-post-thumbnail","6":"product_cat-zoom-spherique-ef","8":"first","9":"instock","10":"taxable","11":"shipping-taxable","12":"purchasable","13":"product-type-rentable"},"acf":[],"_links":{"self":[{"href":"https:\/\/indie.rent\/catalogue\/wp-json\/wp\/v2\/product\/410","targetHints":{"allow":["GET"]}}],"collection":[{"href":"https:\/\/indie.rent\/catalogue\/wp-json\/wp\/v2\/product"}],"about":[{"href":"https:\/\/indie.rent\/catalogue\/wp-json\/wp\/v2\/types\/product"}],"version-history":[{"count":3,"href":"https:\/\/indie.rent\/catalogue\/wp-json\/wp\/v2\/product\/410\/revisions"}],"predecessor-version":[{"id":6625,"href":"https:\/\/indie.rent\/catalogue\/wp-json\/wp\/v2\/product\/410\/revisions\/6625"}],"wp:featuredmedia":[{"embeddable":true,"href":"https:\/\/indie.rent\/catalogue\/wp-json\/wp\/v2\/media\/1975"}],"wp:attachment":[{"href":"https:\/\/indie.rent\/catalogue\/wp-json\/wp\/v2\/media?parent=410"}],"wp:term":[{"taxonomy":"product_brand","embeddable":true,"href":"https:\/\/indie.rent\/catalogue\/wp-json\/wp\/v2\/product_brand?post=410"},{"taxonomy":"product_cat","embeddable":true,"href":"https:\/\/indie.rent\/catalogue\/wp-json\/wp\/v2\/product_cat?post=410"},{"taxonomy":"product_tag","embeddable":true,"href":"https:\/\/indie.rent\/catalogue\/wp-json\/wp\/v2\/product_tag?post=410"}],"curies":[{"name":"wp","href":"https:\/\/api.w.org\/{rel}","templated":true}]}}