{"id":4092,"date":"2025-06-12T14:18:01","date_gmt":"2025-06-12T12:18:01","guid":{"rendered":"https:\/\/indie.rent\/catalogue\/produit\/peau-de-chamois-tannee-a-lhuile\/"},"modified":"2026-04-16T18:04:56","modified_gmt":"2026-04-16T16:04:56","slug":"peau-de-chamois-tannee-a-lhuile","status":"publish","type":"product","link":"https:\/\/indie.rent\/catalogue\/produit\/peau-de-chamois-tannee-a-lhuile\/","title":{"rendered":"Peau de Chamois Tann\u00e9e \u00e0 l&#8217;Huile"},"content":{"rendered":"<p>Peau de Chamois Tann\u00e9e \u00e0 l&#8217;Huile<\/p>\n","protected":false},"excerpt":{"rendered":"<p>Peau de Chamois Tann\u00e9e \u00e0 l&#8217;Huile<\/p>\n","protected":false},"featured_media":4251,"template":"","meta":{"inline_featured_image":false},"product_brand":[],"product_cat":[2224],"product_tag":[],"class_list":{"0":"post-4092","1":"product","2":"type-product","3":"status-publish","4":"has-post-thumbnail","6":"product_cat-nettoyage","8":"first","9":"outofstock","10":"taxable","11":"shipping-taxable","12":"purchasable","13":"product-type-simple"},"acf":[],"_links":{"self":[{"href":"https:\/\/indie.rent\/catalogue\/wp-json\/wp\/v2\/product\/4092","targetHints":{"allow":["GET"]}}],"collection":[{"href":"https:\/\/indie.rent\/catalogue\/wp-json\/wp\/v2\/product"}],"about":[{"href":"https:\/\/indie.rent\/catalogue\/wp-json\/wp\/v2\/types\/product"}],"version-history":[{"count":0,"href":"https:\/\/indie.rent\/catalogue\/wp-json\/wp\/v2\/product\/4092\/revisions"}],"wp:featuredmedia":[{"embeddable":true,"href":"https:\/\/indie.rent\/catalogue\/wp-json\/wp\/v2\/media\/4251"}],"wp:attachment":[{"href":"https:\/\/indie.rent\/catalogue\/wp-json\/wp\/v2\/media?parent=4092"}],"wp:term":[{"taxonomy":"product_brand","embeddable":true,"href":"https:\/\/indie.rent\/catalogue\/wp-json\/wp\/v2\/product_brand?post=4092"},{"taxonomy":"product_cat","embeddable":true,"href":"https:\/\/indie.rent\/catalogue\/wp-json\/wp\/v2\/product_cat?post=4092"},{"taxonomy":"product_tag","embeddable":true,"href":"https:\/\/indie.rent\/catalogue\/wp-json\/wp\/v2\/product_tag?post=4092"}],"curies":[{"name":"wp","href":"https:\/\/api.w.org\/{rel}","templated":true}]}}