{"id":408,"date":"2025-01-08T17:32:52","date_gmt":"2025-01-08T16:32:52","guid":{"rendered":"https:\/\/indie.rent\/catalogue\/produit\/camera-sony-fx3\/"},"modified":"2026-04-13T18:20:20","modified_gmt":"2026-04-13T16:20:20","slug":"camera-sony-fx3","status":"publish","type":"product","link":"https:\/\/indie.rent\/catalogue\/produit\/camera-sony-fx3\/","title":{"rendered":"Cam\u00e9ra Sony FX3"},"content":{"rendered":"<p>La Sony FX3 utilise un capteur plein format CMOS Exmor R de 12,1 MP (35,6 \u00d7 23,8 mm \u2013 \u2300 43,3 mm) et offre environ 15 stops de dynamique.<br \/>Elle est dot\u00e9e d\u2019une monture E native et d\u2019un autofocus hybride avec 627 points \u00e0 d\u00e9tection de phase.<br \/>L\u2019enregistrement interne atteint la 4K DCI\/UHD jusqu\u2019\u00e0 120 ips en 10-bit 4:2:2, avec sortie RAW 16-bit 4K via HDMI Type A.<br \/>Le bo\u00eetier, pesant environ 715 g avec batterie, utilise des cartes CFexpress Type A\/SD UHS-II pour le stockage.<\/p>\n<p>Caract\u00e9ristiques principales:<\/p>\n<p>&#8211; Capteur: Plein format CMOS Exmor R 12,1 MP (35,6 \u00d7 23,8 mm \u2013 \u2300 43,3 mm)<br \/>&#8211; Dynamique: Environ 15+ stops (avec S-Log3)<br \/>&#8211; Monture de base: Sony E-mount<br \/>&#8211; Autofocus: Oui \u2013 Fast Hybrid AF (phase\/contraste), plage de d\u00e9tection jusqu\u2019\u00e0 \u20136 EV<br \/>&#8211; Filtres ND int\u00e9gr\u00e9s: Non<br \/>&#8211; Sensibilit\u00e9: Double ISO natifs Cine EI : 800 \/ 12 800 (S-Log3)<br \/>&#8211; M\u00e9dias: 2x slots CFexpress Type A \/ SD UHS-I\/II<br \/>&#8211; R\u00e9solution d\u2019enregistrement max.: DCI 4K (4096\u00d72160)<br \/>&#8211; Vitesse maximale d\u2019enregistrement (fps): 120 fps en 4K interne \/ 240 fps en HD<br \/>&#8211; Codec d\u2019enregistrement interne: XAVC HS (H.265), XAVC S-I (All-Intra), XAVC S (Long-GOP)<br \/>&#8211; Enregistrement RAW externe: Via Sortie HDMI, RAW 16-bit 4K 60p, Blackmagic RAW<br \/>&#8211; Formats Anamorphiques: 2.0x, 1.6x, 1.5x, 1.30x (Moniteur interne uniquement)<br \/>&#8211; Sorties vid\u00e9o: 1x HDMI Type A <br \/>&#8211; Timecode: Oui &#8211; via la prise Multi\/Micro USB<br \/>&#8211; Audio: Micro int\u00e9gr\u00e9; MI Shoe (adaptateur XLR, 4 canaux num\u00e9rique); 1x entr\u00e9e micro 3,5 mm; 1x sortie casque 3,5 mm<br \/>&#8211; Batterie: Sony NP-FZ100 (7,2 V \/ 16,4 Wh)<br \/>&#8211; Consommation: ~8 W selon configuration<br \/>&#8211; Autonomie: &gt;1 heure en 4K 60p avec gestion thermique active<br \/>&#8211; Temp\u00e9rature de fonctionnement: 0 \u00b0C \u00e0 40 \u00b0C<br \/>&#8211; Temp\u00e9rature de stockage: -20 \u00b0C \u00e0 55 \u00b0C<br \/>&#8211; Poids: ~715 g (bo\u00eetier avec batterie et carte)<\/p>\n","protected":false},"excerpt":{"rendered":"<p>La Sony FX3 utilise un capteur plein format CMOS Exmor R de 12,1 MP (35,6 \u00d7 23,8 mm \u2013 \u2300 43,3 mm) et offre environ 15 stops de dynamique.Elle est dot\u00e9e d\u2019une monture E native et d\u2019un autofocus hybride avec 627 points \u00e0 d\u00e9tection de phase.L\u2019enregistrement interne atteint la 4K DCI\/UHD jusqu\u2019\u00e0 120 ips en [&hellip;]<\/p>\n","protected":false},"featured_media":2672,"template":"","meta":{"inline_featured_image":false},"product_brand":[],"product_cat":[1913],"product_tag":[],"class_list":{"0":"post-408","1":"product","2":"type-product","3":"status-publish","4":"has-post-thumbnail","6":"product_cat-camera-sony","8":"first","9":"instock","10":"taxable","11":"shipping-taxable","12":"purchasable","13":"product-type-rentable"},"acf":[],"_links":{"self":[{"href":"https:\/\/indie.rent\/catalogue\/wp-json\/wp\/v2\/product\/408","targetHints":{"allow":["GET"]}}],"collection":[{"href":"https:\/\/indie.rent\/catalogue\/wp-json\/wp\/v2\/product"}],"about":[{"href":"https:\/\/indie.rent\/catalogue\/wp-json\/wp\/v2\/types\/product"}],"version-history":[{"count":0,"href":"https:\/\/indie.rent\/catalogue\/wp-json\/wp\/v2\/product\/408\/revisions"}],"wp:featuredmedia":[{"embeddable":true,"href":"https:\/\/indie.rent\/catalogue\/wp-json\/wp\/v2\/media\/2672"}],"wp:attachment":[{"href":"https:\/\/indie.rent\/catalogue\/wp-json\/wp\/v2\/media?parent=408"}],"wp:term":[{"taxonomy":"product_brand","embeddable":true,"href":"https:\/\/indie.rent\/catalogue\/wp-json\/wp\/v2\/product_brand?post=408"},{"taxonomy":"product_cat","embeddable":true,"href":"https:\/\/indie.rent\/catalogue\/wp-json\/wp\/v2\/product_cat?post=408"},{"taxonomy":"product_tag","embeddable":true,"href":"https:\/\/indie.rent\/catalogue\/wp-json\/wp\/v2\/product_tag?post=408"}],"curies":[{"name":"wp","href":"https:\/\/api.w.org\/{rel}","templated":true}]}}