{"id":407,"date":"2025-01-08T17:32:52","date_gmt":"2025-01-08T16:32:52","guid":{"rendered":"https:\/\/indie.rent\/catalogue\/produit\/serie-de-4-optiques-anamorphique-sirui-1-6x-full-frame-t2-9\/"},"modified":"2026-04-04T00:16:33","modified_gmt":"2026-04-03T22:16:33","slug":"serie-de-4-optiques-anamorphique-sirui-venus-1-6x-t2-9-e-ff-i-d-o82-mm-35-50-75-100","status":"publish","type":"product","link":"https:\/\/indie.rent\/catalogue\/produit\/serie-de-4-optiques-anamorphique-sirui-venus-1-6x-t2-9-e-ff-i-d-o82-mm-35-50-75-100\/","title":{"rendered":"S\u00e9rie de 4 Optiques Anamorphique SIRUI Venus 1.6X  T2.9 &#8211; E &#8211; FF &#8211; I.D \u00d882 mm (35-50-75-100)"},"content":{"rendered":"<p>La s\u00e9rie Sirui Venus 1.6x Full Frame en monture E regroupe des optiques anamorphiques \u00e0 focale fixe couvrant le plein format.<\/p>\n<p>Elles proposent un facteur de compression anamorphique de 1,6x, permettant d\u2019obtenir des ratios d\u2019image d\u2019environ 2.4:1 \u00e0 2.8:1 apr\u00e8s d\u00e9sanamorphose.<\/p>\n<p>L\u2019ouverture maximale est de T2.9 avec une plage jusqu\u2019\u00e0 T16, et une conception optique variant selon les focales (jusqu\u2019\u00e0 18 \u00e9l\u00e9ments en 13 groupes).<\/p>\n<p>Les objectifs produisent des caract\u00e9ristiques anamorphiques classiques comme le bokeh ovale et les flares horizontaux, avec une profondeur de champ marqu\u00e9e.<\/p>\n<p>La s\u00e9rie est homog\u00e8ne en construction (diam\u00e8tre du filtre avant 82 mm, positions de bagues similaires).<\/p>\n","protected":false},"excerpt":{"rendered":"<p>La s\u00e9rie Sirui Venus 1.6x Full Frame en monture E regroupe des optiques anamorphiques \u00e0 focale fixe couvrant le plein format. Elles proposent un facteur de compression anamorphique de 1,6x, permettant d\u2019obtenir des ratios d\u2019image d\u2019environ 2.4:1 \u00e0 2.8:1 apr\u00e8s d\u00e9sanamorphose. L\u2019ouverture maximale est de T2.9 avec une plage jusqu\u2019\u00e0 T16, et une conception optique [&hellip;]<\/p>\n","protected":false},"featured_media":2533,"template":"","meta":{"inline_featured_image":false},"product_brand":[],"product_cat":[1933],"product_tag":[],"class_list":{"0":"post-407","1":"product","2":"type-product","3":"status-publish","4":"has-post-thumbnail","6":"product_cat-optique-anamorphique-e","8":"first","9":"instock","10":"featured","11":"taxable","12":"shipping-taxable","13":"purchasable","14":"product-type-rentable"},"acf":[],"_links":{"self":[{"href":"https:\/\/indie.rent\/catalogue\/wp-json\/wp\/v2\/product\/407","targetHints":{"allow":["GET"]}}],"collection":[{"href":"https:\/\/indie.rent\/catalogue\/wp-json\/wp\/v2\/product"}],"about":[{"href":"https:\/\/indie.rent\/catalogue\/wp-json\/wp\/v2\/types\/product"}],"version-history":[{"count":6,"href":"https:\/\/indie.rent\/catalogue\/wp-json\/wp\/v2\/product\/407\/revisions"}],"predecessor-version":[{"id":6643,"href":"https:\/\/indie.rent\/catalogue\/wp-json\/wp\/v2\/product\/407\/revisions\/6643"}],"wp:featuredmedia":[{"embeddable":true,"href":"https:\/\/indie.rent\/catalogue\/wp-json\/wp\/v2\/media\/2533"}],"wp:attachment":[{"href":"https:\/\/indie.rent\/catalogue\/wp-json\/wp\/v2\/media?parent=407"}],"wp:term":[{"taxonomy":"product_brand","embeddable":true,"href":"https:\/\/indie.rent\/catalogue\/wp-json\/wp\/v2\/product_brand?post=407"},{"taxonomy":"product_cat","embeddable":true,"href":"https:\/\/indie.rent\/catalogue\/wp-json\/wp\/v2\/product_cat?post=407"},{"taxonomy":"product_tag","embeddable":true,"href":"https:\/\/indie.rent\/catalogue\/wp-json\/wp\/v2\/product_tag?post=407"}],"curies":[{"name":"wp","href":"https:\/\/api.w.org\/{rel}","templated":true}]}}