{"id":406,"date":"2025-01-08T17:32:52","date_gmt":"2025-01-08T16:32:52","guid":{"rendered":"https:\/\/indie.rent\/catalogue\/produit\/serie-de-7-optiques-dzofilm-vespid-prime-ff-pl-o-80mm-25-35-50-75-90-100-125\/"},"modified":"2026-04-04T00:15:46","modified_gmt":"2026-04-03T22:15:46","slug":"serie-de-7-optiques-dzofilm-vespid-prime-pl-ff-o80mm-25-35-50-75-90-100-125","status":"publish","type":"product","link":"https:\/\/indie.rent\/catalogue\/produit\/serie-de-7-optiques-dzofilm-vespid-prime-pl-ff-o80mm-25-35-50-75-90-100-125\/","title":{"rendered":"S\u00e9rie de 7 Optiques Dzofilm Vespid Prime PL &#8211; FF &#8211; \u00f880mm (25-35-50-75-90-100-125)"},"content":{"rendered":"<p>Les DZOFILM Vespid sont des objectifs qui allient agilit\u00e9 et compacit\u00e9 afin de r\u00e9pondre aux standards \u00e9lev\u00e9s des cin\u00e9astes. R\u00e9alisez des prises de vue de qualit\u00e9 sup\u00e9rieure, avec une r\u00e9solution maximale dans un design compact et l\u00e9ger. Ils sont disponibles pour les syst\u00e8mes en montures PL avec les deux \u00e9chelles de distances gradu\u00e9es en m\u00e8tres et en pieds.<\/p>\n<p>\u00a0<\/p>\n","protected":false},"excerpt":{"rendered":"<p>Les DZOFILM Vespid sont des objectifs qui allient agilit\u00e9 et compacit\u00e9 afin de r\u00e9pondre aux standards \u00e9lev\u00e9s des cin\u00e9astes. R\u00e9alisez des prises de vue de qualit\u00e9 sup\u00e9rieure, avec une r\u00e9solution maximale dans un design compact et l\u00e9ger. Ils sont disponibles pour les syst\u00e8mes en montures PL avec les deux \u00e9chelles de distances gradu\u00e9es en m\u00e8tres [&hellip;]<\/p>\n","protected":false},"featured_media":2403,"template":"","meta":{"inline_featured_image":false},"product_brand":[],"product_cat":[1919],"product_tag":[],"class_list":{"0":"post-406","1":"product","2":"type-product","3":"status-publish","4":"has-post-thumbnail","6":"product_cat-optique-spherique-pl","8":"first","9":"instock","10":"taxable","11":"shipping-taxable","12":"purchasable","13":"product-type-rentable"},"acf":[],"_links":{"self":[{"href":"https:\/\/indie.rent\/catalogue\/wp-json\/wp\/v2\/product\/406","targetHints":{"allow":["GET"]}}],"collection":[{"href":"https:\/\/indie.rent\/catalogue\/wp-json\/wp\/v2\/product"}],"about":[{"href":"https:\/\/indie.rent\/catalogue\/wp-json\/wp\/v2\/types\/product"}],"version-history":[{"count":3,"href":"https:\/\/indie.rent\/catalogue\/wp-json\/wp\/v2\/product\/406\/revisions"}],"predecessor-version":[{"id":6243,"href":"https:\/\/indie.rent\/catalogue\/wp-json\/wp\/v2\/product\/406\/revisions\/6243"}],"wp:featuredmedia":[{"embeddable":true,"href":"https:\/\/indie.rent\/catalogue\/wp-json\/wp\/v2\/media\/2403"}],"wp:attachment":[{"href":"https:\/\/indie.rent\/catalogue\/wp-json\/wp\/v2\/media?parent=406"}],"wp:term":[{"taxonomy":"product_brand","embeddable":true,"href":"https:\/\/indie.rent\/catalogue\/wp-json\/wp\/v2\/product_brand?post=406"},{"taxonomy":"product_cat","embeddable":true,"href":"https:\/\/indie.rent\/catalogue\/wp-json\/wp\/v2\/product_cat?post=406"},{"taxonomy":"product_tag","embeddable":true,"href":"https:\/\/indie.rent\/catalogue\/wp-json\/wp\/v2\/product_tag?post=406"}],"curies":[{"name":"wp","href":"https:\/\/api.w.org\/{rel}","templated":true}]}}