{"id":405,"date":"2025-01-08T17:32:52","date_gmt":"2025-01-08T16:32:52","guid":{"rendered":"https:\/\/indie.rent\/catalogue\/produit\/camera-sony-a7s-3\/"},"modified":"2026-04-13T18:41:02","modified_gmt":"2026-04-13T16:41:02","slug":"camera-sony-a7s-3","status":"publish","type":"product","link":"https:\/\/indie.rent\/catalogue\/produit\/camera-sony-a7s-3\/","title":{"rendered":"Cam\u00e9ra Sony A7S 3"},"content":{"rendered":"<p>A7sIII<\/p>\n<p>Le boitier Sony A7S III est \u00e9quip\u00e9 d\u2019un capteur plein format CMOS Exmor R 12,1 MP (35,6 x 23,8 mm).<br \/>Il offre une plage dynamique d\u2019environ 15 stops et une double sensibilit\u00e9 native de base \u00e0 ISO 640 et 12 800 en s-log3.<br \/>L\u2019enregistrement interne est possible en 4K jusqu\u2019\u00e0 120 i\/s en 10-bit 4:2:2 avec les codecs XAVC HS, XAVC S et XAVC S-I.<br \/>Le bo\u00eetier int\u00e8gre deux emplacements pour cartes CFexpress Type A et SD UHS-II, avec sortie HDMI 2.1 pleine taille (Type A).<\/p>\n<p>Caract\u00e9ristiques principales:<br \/>&#8211; Capteur: Plein format CMOS Exmor R 12,1 MP (35,6 \u00d7 23,8 mm \u2013 \u2300 43,3 mm)<br \/>&#8211; Dynamique: Environ 15 stops<br \/>&#8211; Monture de base: Sony E-mount<br \/>&#8211; Autofocus: Oui \u2013 Fast Hybrid AF, 759 points phase, ~92 % couverture<br \/>&#8211; Filtres ND int\u00e9gr\u00e9s: Non<br \/>&#8211; Sensibilit\u00e9: Double ISO natif en S-log3 640 &#8211; 12800<br \/>&#8211; M\u00e9dias: 2x slots CFexpress Type A \/ SD UHS-II<br \/>&#8211; R\u00e9solution d\u2019enregistrement max.: 4K (3840\u00d72160) jusqu\u2019\u00e0 120 fps<br \/>&#8211; Vitesse maximale d\u2019enregistrement (fps): 120 fps en 4K interne<br \/>&#8211; Codec d\u2019enregistrement interne: XAVC HS (H.265), XAVC S-I, XAVC S; RAW 16-bit 4K 60 p via HDMI<br \/>&#8211; Formats anamorphiques: Non (aucun pris en charge nativement)<br \/>&#8211; Sorties vid\u00e9o: 1x HDMI Type A (RAW 16-bit 4K 60 p externe); pas de SDI<br \/>&#8211; Timecode: Oui &#8211; via la prise Multi\/Micro USB<br \/>&#8211; Audio: 1x Micro int\u00e9gr\u00e9; MI Shoe pour adaptateur XLR (4 canaux num\u00e9rique); 1x entr\u00e9e micro Mini Jack 3,5 mm, 1x Sorite casque Mini Jack 3,5 mm<br \/>&#8211; Batterie: Sony NP-FZ100 (7,2 V \/ 16,4 Wh)<br \/>&#8211; Consommation: ~7,6 Wh<br \/>&#8211; Autonomie: &gt;1 heure en 4K 60p avec gestion thermique efficace<br \/>&#8211; Temp\u00e9rature de fonctionnement: 0 \u00b0C \u00e0 40 \u00b0C<br \/>&#8211; Temp\u00e9rature de stockage: \u201320 \u00b0C \u00e0 55 \u00b0C<br \/>&#8211; Poids: ~699 g (bo\u00eetier avec batterie et carte)<\/p>\n","protected":false},"excerpt":{"rendered":"<p>A7sIII Le boitier Sony A7S III est \u00e9quip\u00e9 d\u2019un capteur plein format CMOS Exmor R 12,1 MP (35,6 x 23,8 mm).Il offre une plage dynamique d\u2019environ 15 stops et une double sensibilit\u00e9 native de base \u00e0 ISO 640 et 12 800 en s-log3.L\u2019enregistrement interne est possible en 4K jusqu\u2019\u00e0 120 i\/s en 10-bit 4:2:2 avec [&hellip;]<\/p>\n","protected":false},"featured_media":2360,"template":"","meta":{"inline_featured_image":false},"product_brand":[],"product_cat":[1913],"product_tag":[],"class_list":{"0":"post-405","1":"product","2":"type-product","3":"status-publish","4":"has-post-thumbnail","6":"product_cat-camera-sony","8":"first","9":"instock","10":"taxable","11":"shipping-taxable","12":"purchasable","13":"product-type-rentable"},"acf":[],"_links":{"self":[{"href":"https:\/\/indie.rent\/catalogue\/wp-json\/wp\/v2\/product\/405","targetHints":{"allow":["GET"]}}],"collection":[{"href":"https:\/\/indie.rent\/catalogue\/wp-json\/wp\/v2\/product"}],"about":[{"href":"https:\/\/indie.rent\/catalogue\/wp-json\/wp\/v2\/types\/product"}],"version-history":[{"count":0,"href":"https:\/\/indie.rent\/catalogue\/wp-json\/wp\/v2\/product\/405\/revisions"}],"wp:featuredmedia":[{"embeddable":true,"href":"https:\/\/indie.rent\/catalogue\/wp-json\/wp\/v2\/media\/2360"}],"wp:attachment":[{"href":"https:\/\/indie.rent\/catalogue\/wp-json\/wp\/v2\/media?parent=405"}],"wp:term":[{"taxonomy":"product_brand","embeddable":true,"href":"https:\/\/indie.rent\/catalogue\/wp-json\/wp\/v2\/product_brand?post=405"},{"taxonomy":"product_cat","embeddable":true,"href":"https:\/\/indie.rent\/catalogue\/wp-json\/wp\/v2\/product_cat?post=405"},{"taxonomy":"product_tag","embeddable":true,"href":"https:\/\/indie.rent\/catalogue\/wp-json\/wp\/v2\/product_tag?post=405"}],"curies":[{"name":"wp","href":"https:\/\/api.w.org\/{rel}","templated":true}]}}