{"id":403,"date":"2025-01-08T17:32:51","date_gmt":"2025-01-08T16:32:51","guid":{"rendered":"https:\/\/indie.rent\/catalogue\/produit\/zoom-fujinon-mk18-55mm-mk50-135mm-t2-9-cine\/"},"modified":"2026-04-04T00:14:24","modified_gmt":"2026-04-03T22:14:24","slug":"zoom-fujinon-mk18-55mm-mk50-135mm-t2-9-cine-s35-%e2%88%8585-mm","status":"publish","type":"product","link":"https:\/\/indie.rent\/catalogue\/produit\/zoom-fujinon-mk18-55mm-mk50-135mm-t2-9-cine-s35-%e2%88%8585-mm\/","title":{"rendered":"Zoom FUJINON MK18-55mm &#038; MK50-135mm T2.9 Cine &#8211; S35 &#8211; \u220585 mm"},"content":{"rendered":"<p>Le Fujinon MK 18-55mm T2.9 est un zoom cin\u00e9ma l\u00e9ger et compact, \u00e0 monture E avec un capteur Super 35. <br \/>Distance minimum de mise au point de 0,8m.<br \/>La bague d&#8217;iris est sans cliquet pour une meilleure fluidit\u00e9 et les distances de mise au point sont marqu\u00e9es \u00e0 la fois en syst\u00e8me m\u00e9trique et imp\u00e9rial pour plus de praticit\u00e9. La fonction macro permet des mises au point \u00e0 une distance de 0.38m. La frontale de 85mm permet d&#8217;utiliser cet objectif avec de nombreux accessoires et mattebox. Adapt\u00e9e aux cam\u00e9ras \u00e0 monture E, cette optique a un tirage tr\u00e8s court mais est dot\u00e9e d&#8217;une vis afin de l&#8217;adapter en fonction du capteur utilis\u00e9.<\/p>\n<p>Le Fujinon MK 50-135mm T2.9 est un zoom cin\u00e9ma l\u00e9ger et compact, \u00e0 monture E avec un capteur Super 35.<br \/>Distance minimum de mise au point de 1.2m. La bague d&#8217;iris est sans cliquet pour une meilleure fluidit\u00e9 et les distances de mise au point sont marqu\u00e9es \u00e0 la fois en syst\u00e8me m\u00e9trique et imp\u00e9rial pour plus de praticit\u00e9. La fonction macro permet des mises au point \u00e0 une distance de 0.85m. La frontale de 85mm permet d&#8217;utiliser cet objectif avec de nombreux accessoires et mattebox. Adapt\u00e9 aux cam\u00e9ras \u00e0 monture E, cette optique a un tirage tr\u00e8s court mais est dot\u00e9e d&#8217;une vis afin de l&#8217;adapter en fonction du capteur utilis\u00e9.<\/p>\n","protected":false},"excerpt":{"rendered":"<p>Le Fujinon MK 18-55mm T2.9 est un zoom cin\u00e9ma l\u00e9ger et compact, \u00e0 monture E avec un capteur Super 35. Distance minimum de mise au point de 0,8m.La bague d&#8217;iris est sans cliquet pour une meilleure fluidit\u00e9 et les distances de mise au point sont marqu\u00e9es \u00e0 la fois en syst\u00e8me m\u00e9trique et imp\u00e9rial pour [&hellip;]<\/p>\n","protected":false},"featured_media":2103,"template":"","meta":{"inline_featured_image":false},"product_brand":[],"product_cat":[1934],"product_tag":[],"class_list":{"0":"post-403","1":"product","2":"type-product","3":"status-publish","4":"has-post-thumbnail","6":"product_cat-zoom-spherique-e","8":"first","9":"instock","10":"taxable","11":"shipping-taxable","12":"purchasable","13":"product-type-rentable"},"acf":[],"_links":{"self":[{"href":"https:\/\/indie.rent\/catalogue\/wp-json\/wp\/v2\/product\/403","targetHints":{"allow":["GET"]}}],"collection":[{"href":"https:\/\/indie.rent\/catalogue\/wp-json\/wp\/v2\/product"}],"about":[{"href":"https:\/\/indie.rent\/catalogue\/wp-json\/wp\/v2\/types\/product"}],"version-history":[{"count":5,"href":"https:\/\/indie.rent\/catalogue\/wp-json\/wp\/v2\/product\/403\/revisions"}],"predecessor-version":[{"id":5488,"href":"https:\/\/indie.rent\/catalogue\/wp-json\/wp\/v2\/product\/403\/revisions\/5488"}],"wp:featuredmedia":[{"embeddable":true,"href":"https:\/\/indie.rent\/catalogue\/wp-json\/wp\/v2\/media\/2103"}],"wp:attachment":[{"href":"https:\/\/indie.rent\/catalogue\/wp-json\/wp\/v2\/media?parent=403"}],"wp:term":[{"taxonomy":"product_brand","embeddable":true,"href":"https:\/\/indie.rent\/catalogue\/wp-json\/wp\/v2\/product_brand?post=403"},{"taxonomy":"product_cat","embeddable":true,"href":"https:\/\/indie.rent\/catalogue\/wp-json\/wp\/v2\/product_cat?post=403"},{"taxonomy":"product_tag","embeddable":true,"href":"https:\/\/indie.rent\/catalogue\/wp-json\/wp\/v2\/product_tag?post=403"}],"curies":[{"name":"wp","href":"https:\/\/api.w.org\/{rel}","templated":true}]}}